{"id":8067,"date":"2025-12-26T14:09:07","date_gmt":"2025-12-26T14:09:07","guid":{"rendered":"https:\/\/rockkofertas.com.es\/index.php\/producto\/b0fskk9rmb\/"},"modified":"2025-12-26T14:09:07","modified_gmt":"2025-12-26T14:09:07","slug":"b0fskk9rmb","status":"publish","type":"product","link":"https:\/\/rockkofertas.com.es\/index.php\/producto\/b0fskk9rmb\/","title":{"rendered":"B0FSKK9RMB"},"content":{"rendered":"<p>&#8211; [Pantalla HD 3 pulgadas &amp; Funciones avanzadas] La c\u00e1mara instant\u00e1nea infantil TIATUA cuenta con pantalla IPS suave de 3 pulgadas, resoluci\u00f3n 48 MP y grabaci\u00f3n de v\u00eddeo HD 1080P. Esta c\u00e1mara instant\u00e1nea para ni\u00f1os soporta modo r\u00e1faga y time-lapse, capturando cada v\u00edvido momento infantil sin esfuerzo.<br \/>\n&#8211; [Impresi\u00f3n sin tinta &amp; Personalizaci\u00f3n creativa] Nuestra camara fotos infantil instantanea no requiere tinta ni t\u00f3ner, produciendo fotos n\u00edtidas en blanco y negro al instante. Incluye 5 bol\u00edgrafos de colores para dibujar en las impresiones, estimulando la imaginaci\u00f3n. Segura y sin desorden, inspira creatividad ilimitada.<br \/>\n&#8211; [Centro de entretenimiento todo-en-uno] Nuestra c\u00e1mara digital para ni\u00f1os ofrece una variedad de funciones, incluyendo fotograf\u00eda, grabaci\u00f3n de video, impresi\u00f3n en blanco y negro, marcos divertidos, m\u00fasica, juegos, una linterna y m\u00e1s. Satisface diversas necesidades de entretenimiento, brindando alegr\u00eda y creatividad a los ni\u00f1os.<br \/>\n&#8211; [Bater\u00eda extendida &amp; Almacenamiento masivo] Nuestra camara fotos infantil instantanea tiene una bater\u00eda incorporada de 1000mAh que soporta hasta 4 horas de disparo con una sola carga. Adem\u00e1s, la c\u00e1mara digital para ni\u00f1os tiene una tarjeta de memoria incorporada de 32GB para almacenar toneladas de fotos y videos.<br \/>\n&#8211; [Juguetes para ni\u00f1os de 3 a 14 a\u00f1os] Esta vers\u00e1til c\u00e1mara de juguete es tanto una c\u00e1mara digital como una c\u00e1mara instant\u00e1nea. Inspirar\u00e1 a los ni\u00f1os de 3 a 12 a\u00f1os a tomar fotos. \u00a1El conjunto completo tiene todo lo que necesitas para hacer un gran regalo educativo! Como regalo para Navidad, A\u00f1o Nuevo, vacaciones, cumplea\u00f1os y otras ocasiones especiales, \u00a1esta c\u00e1mara ser\u00e1 tu mejor elecci\u00f3n!<\/p>\n","protected":false},"excerpt":{"rendered":"<p>TIATUA Camara Fotos Infantil instantanea, 3,0\u00bb HD 48 MP C\u00e1mara Instant\u00e1nea para Ni\u00f1os con Tarjeta de 32 GB y 3 Rollos de Papel, Regalo para Ni\u00f1os y Ni\u00f1as de 3 a 12 A\u00f1os (Morado)<br \/>#Publicidad <span class=\"read-more\"><a class=\"more-link btn btn-transparent\" href=\"https:\/\/rockkofertas.com.es\/index.php\/producto\/b0fskk9rmb\/\">Leer m\u00e1s&#8230;<\/a><\/span><\/p>\n","protected":false},"featured_media":8066,"comment_status":"open","ping_status":"closed","template":"","meta":[],"product_cat":[15],"product_tag":[],"class_list":{"0":"post-8067","1":"product","2":"type-product","3":"status-publish","4":"has-post-thumbnail","6":"product_cat-sin-categorizar","8":"first","9":"instock","10":"shipping-taxable","11":"product-type-external"},"_links":{"self":[{"href":"https:\/\/rockkofertas.com.es\/index.php\/wp-json\/wp\/v2\/product\/8067","targetHints":{"allow":["GET"]}}],"collection":[{"href":"https:\/\/rockkofertas.com.es\/index.php\/wp-json\/wp\/v2\/product"}],"about":[{"href":"https:\/\/rockkofertas.com.es\/index.php\/wp-json\/wp\/v2\/types\/product"}],"replies":[{"embeddable":true,"href":"https:\/\/rockkofertas.com.es\/index.php\/wp-json\/wp\/v2\/comments?post=8067"}],"wp:featuredmedia":[{"embeddable":true,"href":"https:\/\/rockkofertas.com.es\/index.php\/wp-json\/wp\/v2\/media\/8066"}],"wp:attachment":[{"href":"https:\/\/rockkofertas.com.es\/index.php\/wp-json\/wp\/v2\/media?parent=8067"}],"wp:term":[{"taxonomy":"product_cat","embeddable":true,"href":"https:\/\/rockkofertas.com.es\/index.php\/wp-json\/wp\/v2\/product_cat?post=8067"},{"taxonomy":"product_tag","embeddable":true,"href":"https:\/\/rockkofertas.com.es\/index.php\/wp-json\/wp\/v2\/product_tag?post=8067"}],"curies":[{"name":"wp","href":"https:\/\/api.w.org\/{rel}","templated":true}]}}