{"id":8063,"date":"2025-12-26T12:01:36","date_gmt":"2025-12-26T12:01:36","guid":{"rendered":"https:\/\/rockkofertas.com.es\/index.php\/producto\/b073fj6z8d\/"},"modified":"2025-12-26T12:01:36","modified_gmt":"2025-12-26T12:01:36","slug":"b073fj6z8d","status":"publish","type":"product","link":"https:\/\/rockkofertas.com.es\/index.php\/producto\/b073fj6z8d\/","title":{"rendered":"B073FJ6Z8D"},"content":{"rendered":"<p>&#8211; \u3010USB C Power Delivery\u3011El cargador externo del puerto Tipo &#8211; C puede proporcionar una salida de voltaje de PD 18w, que soporta la carga de Macbook o Macbook pro y es compatible con la mayor\u00eda de los smartphones con USB C. El puerto USB C mutuo admite la entrada y salida r\u00e1pidas.<br \/>\n&#8211; \u3010Bater\u00eda externa de carga r\u00e1pida\u3011La bater\u00eda le permite utilizar la tecnolog\u00eda de carga QC 3.0, que puede cargar su smartphone 3 veces m\u00e1s r\u00e1pido que los puertos convencionales. Disfruta de una carga de alta velocidad y un tiempo de carga reducido.<br \/>\n&#8211; \u3010Capacidad de 26800 mAh\u3011La bater\u00eda USB C carga tu iPhone X 5 veces, tu iPhone 8 m\u00e1s 2,7 veces, tu iPhone 8 aproximadamente 7 veces, tu iPad Mini 3 veces, Samsung Galaxy S8 5 veces.<br \/>\n&#8211; \u3010Multi puertos USB y Smart E\u3011Bater\u00eda port\u00e1til equipada con tres puertos de entrada + cuatro puertos de salida SmartE (1 USB C + 3 USB A). Identificaci\u00f3n SmartE USB que puede detectar y ajustar autom\u00e1ticamente la corriente de carga para conseguir una carga m\u00e1s r\u00e1pida.<br \/>\n&#8211; \u3010Design Compact\u3011Design delgado port\u00e1til y ligero, el espesor de 14 mil\u00edmetros que ofrece una gran durabilidad y portabilidad. La superficie totalmente recubierta de goma proporciona un agarre c\u00f3modo y protege el dispositivo contra ara\u00f1azos o ca\u00eddas accidentales.<\/p>\n","protected":false},"excerpt":{"rendered":"<p>Charmast Bateria Externa Carga Rapida 26800mAh Ultra Compacto Power Bank Carga R\u00e1pida Cargador Portatil USB C con 3 Entradas y 4 Salidas Compatible con iPhone Samsung iPad<br \/>\n#Publicidad <span class=\"read-more\"><a class=\"more-link btn btn-transparent\" href=\"https:\/\/rockkofertas.com.es\/index.php\/producto\/b073fj6z8d\/\">Leer m\u00e1s&#8230;<\/a><\/span><\/p>\n","protected":false},"featured_media":8062,"comment_status":"open","ping_status":"closed","template":"","meta":[],"product_cat":[15],"product_tag":[],"class_list":{"0":"post-8063","1":"product","2":"type-product","3":"status-publish","4":"has-post-thumbnail","6":"product_cat-sin-categorizar","8":"first","9":"instock","10":"shipping-taxable","11":"product-type-external"},"_links":{"self":[{"href":"https:\/\/rockkofertas.com.es\/index.php\/wp-json\/wp\/v2\/product\/8063","targetHints":{"allow":["GET"]}}],"collection":[{"href":"https:\/\/rockkofertas.com.es\/index.php\/wp-json\/wp\/v2\/product"}],"about":[{"href":"https:\/\/rockkofertas.com.es\/index.php\/wp-json\/wp\/v2\/types\/product"}],"replies":[{"embeddable":true,"href":"https:\/\/rockkofertas.com.es\/index.php\/wp-json\/wp\/v2\/comments?post=8063"}],"wp:featuredmedia":[{"embeddable":true,"href":"https:\/\/rockkofertas.com.es\/index.php\/wp-json\/wp\/v2\/media\/8062"}],"wp:attachment":[{"href":"https:\/\/rockkofertas.com.es\/index.php\/wp-json\/wp\/v2\/media?parent=8063"}],"wp:term":[{"taxonomy":"product_cat","embeddable":true,"href":"https:\/\/rockkofertas.com.es\/index.php\/wp-json\/wp\/v2\/product_cat?post=8063"},{"taxonomy":"product_tag","embeddable":true,"href":"https:\/\/rockkofertas.com.es\/index.php\/wp-json\/wp\/v2\/product_tag?post=8063"}],"curies":[{"name":"wp","href":"https:\/\/api.w.org\/{rel}","templated":true}]}}