{"id":8061,"date":"2025-12-26T10:19:04","date_gmt":"2025-12-26T10:19:04","guid":{"rendered":"https:\/\/rockkofertas.com.es\/index.php\/producto\/b0g233p492\/"},"modified":"2025-12-26T10:19:04","modified_gmt":"2025-12-26T10:19:04","slug":"b0g233p492","status":"publish","type":"product","link":"https:\/\/rockkofertas.com.es\/index.php\/producto\/b0g233p492\/","title":{"rendered":"B0G233P492"},"content":{"rendered":"<p>&#8211; [EL KIT M\u00c1S COMPLETO]: Sin nig\u00fan tipo de duda, el nuestro es el kit de preparaci\u00f3n de sushi m\u00e1s vers\u00e1til; con 15 utensilios para hacer sushi en total, incluye 4 palillos reutilizables con soporte, molde para nigiri y diferentes moldes para que puedas dar varias formas a tu sushi, un cuchillo , una esterilla de bamb\u00fa, esp\u00e1tula de madera y de pl\u00e1stico, esp\u00e1tula untadora, cuenco y bandeja<br \/>\n&#8211; [CERTIFICADOS PARA TU SEGURIDAD]: Nuestro set para sushi cuenta con el prestigioso certificado CE, garantizando no s\u00f3lo la calidad, sino tambi\u00e9n la seguridad para tu bienestar; disfruta de este kit para hacer sushi en casa sin preocupaciones<br \/>\n&#8211; [D\u00c9JALOS CON LA BOCA ABIERTA]: G\u00e1nate la admiraci\u00f3n de los tuyos luci\u00e9ndote en la cocina: m\u00e1s rico y bonito que nunca. Con nuestro set para hacer sushi en casa no s\u00f3lo estar\u00e1 delicioso, si no que conseguir\u00e1s una presentaci\u00f3n de chef profesional<br \/>\n&#8211; [INCLUYE GU\u00cdA ILUSTRADA Y VIDEOS]: En caso de que sea tu primera vez, no te preocupes, tendr\u00e1s una gu\u00eda impresa y videos online que te ense\u00f1ar\u00e1n como preparar nigiri, makis, rolls y mucho m\u00e1s<br \/>\n&#8211; [LIMPIEZA M\u00c1S F\u00c1CIL QUE NUNCA]: Gracias a su material de fabricaci\u00f3n, la silicona de grado alimenticio, el kit para hacer sushi est\u00e1 preparado para que todas y cada una de sus piezas puedan lavarse tanto en lavavajillas como a mano<\/p>\n","protected":false},"excerpt":{"rendered":"<p>Kit para Hacer Sushi de 15 Piezas &#8211; Contiene Moldes para Nigiri y Arroz, Esterilla de Bamb\u00fa, Palillos, Cuchillo, Esp\u00e1tulas, Cuenco y Bandeja &#8211; Kit para Hacer Sushi en Casa &#8211; Incluye Gu\u00eda y V\u00eddeos<br \/>#Publicidad <span class=\"read-more\"><a class=\"more-link btn btn-transparent\" href=\"https:\/\/rockkofertas.com.es\/index.php\/producto\/b0g233p492\/\">Leer m\u00e1s&#8230;<\/a><\/span><\/p>\n","protected":false},"featured_media":8060,"comment_status":"open","ping_status":"closed","template":"","meta":[],"product_cat":[15],"product_tag":[],"class_list":{"0":"post-8061","1":"product","2":"type-product","3":"status-publish","4":"has-post-thumbnail","6":"product_cat-sin-categorizar","8":"first","9":"instock","10":"shipping-taxable","11":"product-type-external"},"_links":{"self":[{"href":"https:\/\/rockkofertas.com.es\/index.php\/wp-json\/wp\/v2\/product\/8061","targetHints":{"allow":["GET"]}}],"collection":[{"href":"https:\/\/rockkofertas.com.es\/index.php\/wp-json\/wp\/v2\/product"}],"about":[{"href":"https:\/\/rockkofertas.com.es\/index.php\/wp-json\/wp\/v2\/types\/product"}],"replies":[{"embeddable":true,"href":"https:\/\/rockkofertas.com.es\/index.php\/wp-json\/wp\/v2\/comments?post=8061"}],"wp:featuredmedia":[{"embeddable":true,"href":"https:\/\/rockkofertas.com.es\/index.php\/wp-json\/wp\/v2\/media\/8060"}],"wp:attachment":[{"href":"https:\/\/rockkofertas.com.es\/index.php\/wp-json\/wp\/v2\/media?parent=8061"}],"wp:term":[{"taxonomy":"product_cat","embeddable":true,"href":"https:\/\/rockkofertas.com.es\/index.php\/wp-json\/wp\/v2\/product_cat?post=8061"},{"taxonomy":"product_tag","embeddable":true,"href":"https:\/\/rockkofertas.com.es\/index.php\/wp-json\/wp\/v2\/product_tag?post=8061"}],"curies":[{"name":"wp","href":"https:\/\/api.w.org\/{rel}","templated":true}]}}