{"id":8057,"date":"2025-12-26T08:00:40","date_gmt":"2025-12-26T08:00:40","guid":{"rendered":"https:\/\/rockkofertas.com.es\/index.php\/producto\/b0f9nmr8c6\/"},"modified":"2025-12-26T08:00:40","modified_gmt":"2025-12-26T08:00:40","slug":"b0f9nmr8c6","status":"publish","type":"product","link":"https:\/\/rockkofertas.com.es\/index.php\/producto\/b0f9nmr8c6\/","title":{"rendered":"B0F9NMR8C6"},"content":{"rendered":"<p>&#8211; \u30102025 Reloj Inteligente &amp; Linterna\u30112025 Reloj inteligente, equipado con tecnolog\u00eda de pantalla dividida innovadora y una linterna LED con frecuencia de destello ajustable, con un alcance de iluminaci\u00f3n de 6 a 10 metros, es su compa\u00f1ero de iluminaci\u00f3n de confianza. Este reloj inteligente unisex presenta un dise\u00f1o ultradelgado, suave, amigable con la piel y duradero, ideal para el uso diario.<br \/>\n&#8211; \u30102 Correas &amp; Esfera DIY\u3011Esta pulsera inteligente ofrece m\u00e1s de 200 esferas en l\u00ednea para elegir, y tambi\u00e9n puede personalizar la esfera con una foto de su agrado. Viene equipada con dos correas de silicona de alta calidad que son reemplazables, lo que asegura comodidad y durabilidad al usarla. Con una variedad de colores, satisfacen las necesidades de estilo para diferentes ocasiones. Ya sea para hacer ejercicio, para el ocio o para eventos formales, se puede llevar con facilidad.<br \/>\n&#8211; \u3010Llamadas Bluetooth\/Asistente de Voz\u3011El Reloj Inteligente Hombre Mujer, con micr\u00f3fono y altavoz incorporados, permite realizar y recibir llamadas. El reloj a\u00fan cuenta con un asistente de voz, Puede ejecutar tareas a trav\u00e9s de comandos de voz en este reloj inteligente mujer hombre, liberando as\u00ed sus manos<br \/>\n&#8211; \u3010Notificaciones Apps Populares\u3011Una vez conectado a trav\u00e9s de Bluetooth a un tel\u00e9fono inteligente, este reloj inteligente proporciona notificaciones de mensajes de redes sociales como Facebook, WhatsApp, Instagram, Twitter, entre otros, a trav\u00e9s de alertas de vibraci\u00f3n. Ya sea en un entorno laboral ocupado o durante un viaje, podr\u00e1s mantenerte en contacto con familiares y amigos en todo momento<br \/>\n&#8211; \u3010Monitoreo de Salud en Tiempo Real\u3011Este smartwatch deportivo utiliza un sensor \u00f3ptico avanzado para monitorizar en tiempo real la frecuencia card\u00edaca, la saturaci\u00f3n de ox\u00edgeno en la sangre y la calidad del sue\u00f1o. Ajusta tu condici\u00f3n f\u00edsica rastreando la calidad del sue\u00f1o, y tambi\u00e9n eval\u00faa inteligentemente y genera informes de salud semanales para ayudar a los usuarios a ajustar su estilo de vida diario y mejorar la calidad de vida genera informes de salud semanales para ayudar a los usuarios a ajustar su estilo de vida diario y mejorar la calidad de vida<br \/>\n&#8211; \u3010Multi-Funcional y Ultra Larga Vida\u3011El reloj inteligente tambi\u00e9n cuenta con otras funciones \u00fatiles para el d\u00eda a d\u00eda, como reproductor de m\u00fasica, control de c\u00e1mara, pron\u00f3stico del tiempo, recordatorio de sedentarismo, alarma, cron\u00f3metro, temporizador, entre otros. Adem\u00e1s, el monitores de actividad est\u00e1 equipado con una bater\u00eda de gran capacidad que garantiza un uso de 6 d\u00edas con solo 2 horas de carga, pudiendo tener una duraci\u00f3n de aproximadamente 30 d\u00edas<br \/>\n&#8211; \u30102 A\u00f1os de Garant\u00eda\u3011Brindamos un servicio al cliente completo mucho m\u00e1s all\u00e1 de otros vendedores, si encuentra problemas t\u00e9cnicos o necesita ayuda, escr\u00edbanos, responderemos a cada correo electr\u00f3nico y ayudaremos a los clientes a resolver TODOS LOS PROBLEMAS r\u00e1pidamente. Sendero: Amazon app &gt; Mis pedidos &gt; Encuentre el n\u00famero de pedido de su reloj &gt; haga clic en \u00abContactar con el vendedor\u00bb<\/p>\n","protected":false},"excerpt":{"rendered":"<p>Reloj Inteligente Mujer, 1.91&#8243; Smartwatch Mujer con Linterna y Llamadas Bluetooth, Smart Watch con 2 Correas, Notificaci\u00f3n, Pod\u00f3metro, Puls\u00f3metro, Sue\u00f1o, IP68 Pulsera Actividad para Android iOS<br \/>\n#Publicidad <span class=\"read-more\"><a class=\"more-link btn btn-transparent\" href=\"https:\/\/rockkofertas.com.es\/index.php\/producto\/b0f9nmr8c6\/\">Leer m\u00e1s&#8230;<\/a><\/span><\/p>\n","protected":false},"featured_media":8056,"comment_status":"open","ping_status":"closed","template":"","meta":[],"product_cat":[15],"product_tag":[],"class_list":{"0":"post-8057","1":"product","2":"type-product","3":"status-publish","4":"has-post-thumbnail","6":"product_cat-sin-categorizar","8":"first","9":"instock","10":"shipping-taxable","11":"product-type-external"},"_links":{"self":[{"href":"https:\/\/rockkofertas.com.es\/index.php\/wp-json\/wp\/v2\/product\/8057","targetHints":{"allow":["GET"]}}],"collection":[{"href":"https:\/\/rockkofertas.com.es\/index.php\/wp-json\/wp\/v2\/product"}],"about":[{"href":"https:\/\/rockkofertas.com.es\/index.php\/wp-json\/wp\/v2\/types\/product"}],"replies":[{"embeddable":true,"href":"https:\/\/rockkofertas.com.es\/index.php\/wp-json\/wp\/v2\/comments?post=8057"}],"wp:featuredmedia":[{"embeddable":true,"href":"https:\/\/rockkofertas.com.es\/index.php\/wp-json\/wp\/v2\/media\/8056"}],"wp:attachment":[{"href":"https:\/\/rockkofertas.com.es\/index.php\/wp-json\/wp\/v2\/media?parent=8057"}],"wp:term":[{"taxonomy":"product_cat","embeddable":true,"href":"https:\/\/rockkofertas.com.es\/index.php\/wp-json\/wp\/v2\/product_cat?post=8057"},{"taxonomy":"product_tag","embeddable":true,"href":"https:\/\/rockkofertas.com.es\/index.php\/wp-json\/wp\/v2\/product_tag?post=8057"}],"curies":[{"name":"wp","href":"https:\/\/api.w.org\/{rel}","templated":true}]}}