{"id":8053,"date":"2025-12-25T20:00:40","date_gmt":"2025-12-25T20:00:40","guid":{"rendered":"https:\/\/rockkofertas.com.es\/index.php\/producto\/b0c6bv27gw\/"},"modified":"2025-12-25T20:00:40","modified_gmt":"2025-12-25T20:00:40","slug":"b0c6bv27gw","status":"publish","type":"product","link":"https:\/\/rockkofertas.com.es\/index.php\/producto\/b0c6bv27gw\/","title":{"rendered":"B0C6BV27GW"},"content":{"rendered":"<p>&#8211; Pantal\u00f3n de senderismo para hombre, corte c\u00f3modo con cintura parcialmente el\u00e1stica y cintur\u00f3n desmontable<br \/>\n&#8211; Tecnolog\u00eda Omni-Wick para un alto nivel de resistencia al agua, protecci\u00f3n solar Omni-Shade de amplio espectro UPF 50<br \/>\n&#8211; Bolsillo de seguridad con cremallera para mantener los efectos personales secos y seguros mientras exploras, Bolsillos posteriores<br \/>\n&#8211; Fabricado en poli\u00e9ster, Ajuste Regular: Universal, ajuste f\u00e1cil para una c\u00f3moda amplitud de movimiento<br \/>\n&#8211; Contenido: 1x Columbia Hombre Pantalones Utilitarios, Silver Ridge, Color: Negro, Talla: W34\/L32, Art\u00edculo: 2012952<\/p>\n","protected":false},"excerpt":{"rendered":"<p>Columbia Hombre Pantalones Utilitarios, Silver Ridge<br \/>\n#Publicidad <span class=\"read-more\"><a class=\"more-link btn btn-transparent\" href=\"https:\/\/rockkofertas.com.es\/index.php\/producto\/b0c6bv27gw\/\">Leer m\u00e1s&#8230;<\/a><\/span><\/p>\n","protected":false},"featured_media":8052,"comment_status":"open","ping_status":"closed","template":"","meta":[],"product_cat":[15],"product_tag":[],"class_list":{"0":"post-8053","1":"product","2":"type-product","3":"status-publish","4":"has-post-thumbnail","6":"product_cat-sin-categorizar","8":"first","9":"instock","10":"shipping-taxable","11":"product-type-external"},"_links":{"self":[{"href":"https:\/\/rockkofertas.com.es\/index.php\/wp-json\/wp\/v2\/product\/8053","targetHints":{"allow":["GET"]}}],"collection":[{"href":"https:\/\/rockkofertas.com.es\/index.php\/wp-json\/wp\/v2\/product"}],"about":[{"href":"https:\/\/rockkofertas.com.es\/index.php\/wp-json\/wp\/v2\/types\/product"}],"replies":[{"embeddable":true,"href":"https:\/\/rockkofertas.com.es\/index.php\/wp-json\/wp\/v2\/comments?post=8053"}],"wp:featuredmedia":[{"embeddable":true,"href":"https:\/\/rockkofertas.com.es\/index.php\/wp-json\/wp\/v2\/media\/8052"}],"wp:attachment":[{"href":"https:\/\/rockkofertas.com.es\/index.php\/wp-json\/wp\/v2\/media?parent=8053"}],"wp:term":[{"taxonomy":"product_cat","embeddable":true,"href":"https:\/\/rockkofertas.com.es\/index.php\/wp-json\/wp\/v2\/product_cat?post=8053"},{"taxonomy":"product_tag","embeddable":true,"href":"https:\/\/rockkofertas.com.es\/index.php\/wp-json\/wp\/v2\/product_tag?post=8053"}],"curies":[{"name":"wp","href":"https:\/\/api.w.org\/{rel}","templated":true}]}}