{"id":8051,"date":"2025-12-25T16:00:43","date_gmt":"2025-12-25T16:00:43","guid":{"rendered":"https:\/\/rockkofertas.com.es\/index.php\/producto\/b09tpl16m7\/"},"modified":"2025-12-25T16:00:43","modified_gmt":"2025-12-25T16:00:43","slug":"b09tpl16m7","status":"publish","type":"product","link":"https:\/\/rockkofertas.com.es\/index.php\/producto\/b09tpl16m7\/","title":{"rendered":"B09TPL16M7"},"content":{"rendered":"<p>&#8211; PROFUNDAMENTE EFECTIVO: La luz infrarroja de 100 vatios se puede utilizar para aliviar y prevenir los resfriados, as\u00ed como la tensi\u00f3n muscular<br \/>\n&#8211; USO SEGURO: El radiador de infrarrojos ofrece la m\u00e1xima seguridad gracias a la rejilla de protecci\u00f3n integrada y a las gafas de protecci\u00f3n incluidas en el suministro<br \/>\n&#8211; USO PRECISO: La pantalla ajustable con cinco posiciones de inclinaci\u00f3n se utiliza para una alineaci\u00f3n \u00f3ptima en la zona de tratamiento deseada<br \/>\n&#8211; CALMANTE: La l\u00e1mpara de infrarrojos tambi\u00e9n se puede utilizar para el cuidado facial y de belleza, especialmente para la piel impura<br \/>\n&#8211; CALIDAD COMPROBADA: La l\u00e1mpara de infrarrojos es un producto m\u00e9dico certificado y fabricado en la UE<\/p>\n","protected":false},"excerpt":{"rendered":"<p>Beurer IL 11 L\u00e1mpara de infrarrojos con rejilla protectora, dispositivo m\u00e9dico con calor calmante para uso en resfriados y tensiones musculares, 5 niveles de inclinaci\u00f3n<br \/>\n#Publicidad <span class=\"read-more\"><a class=\"more-link btn btn-transparent\" href=\"https:\/\/rockkofertas.com.es\/index.php\/producto\/b09tpl16m7\/\">Leer m\u00e1s&#8230;<\/a><\/span><\/p>\n","protected":false},"featured_media":8050,"comment_status":"open","ping_status":"closed","template":"","meta":[],"product_cat":[15],"product_tag":[],"class_list":{"0":"post-8051","1":"product","2":"type-product","3":"status-publish","4":"has-post-thumbnail","6":"product_cat-sin-categorizar","8":"first","9":"instock","10":"shipping-taxable","11":"product-type-external"},"_links":{"self":[{"href":"https:\/\/rockkofertas.com.es\/index.php\/wp-json\/wp\/v2\/product\/8051","targetHints":{"allow":["GET"]}}],"collection":[{"href":"https:\/\/rockkofertas.com.es\/index.php\/wp-json\/wp\/v2\/product"}],"about":[{"href":"https:\/\/rockkofertas.com.es\/index.php\/wp-json\/wp\/v2\/types\/product"}],"replies":[{"embeddable":true,"href":"https:\/\/rockkofertas.com.es\/index.php\/wp-json\/wp\/v2\/comments?post=8051"}],"wp:featuredmedia":[{"embeddable":true,"href":"https:\/\/rockkofertas.com.es\/index.php\/wp-json\/wp\/v2\/media\/8050"}],"wp:attachment":[{"href":"https:\/\/rockkofertas.com.es\/index.php\/wp-json\/wp\/v2\/media?parent=8051"}],"wp:term":[{"taxonomy":"product_cat","embeddable":true,"href":"https:\/\/rockkofertas.com.es\/index.php\/wp-json\/wp\/v2\/product_cat?post=8051"},{"taxonomy":"product_tag","embeddable":true,"href":"https:\/\/rockkofertas.com.es\/index.php\/wp-json\/wp\/v2\/product_tag?post=8051"}],"curies":[{"name":"wp","href":"https:\/\/api.w.org\/{rel}","templated":true}]}}