{"id":8049,"date":"2025-12-25T08:00:38","date_gmt":"2025-12-25T08:00:38","guid":{"rendered":"https:\/\/rockkofertas.com.es\/index.php\/producto\/b0btdyk917\/"},"modified":"2025-12-25T08:00:38","modified_gmt":"2025-12-25T08:00:38","slug":"b0btdyk917","status":"publish","type":"product","link":"https:\/\/rockkofertas.com.es\/index.php\/producto\/b0btdyk917\/","title":{"rendered":"B0BTDYK917"},"content":{"rendered":"<p>&#8211; CL\u00c1SICOS C\u00d3MODOS: La camiseta destaca por su agradable algod\u00f3n de jersey y es perfecta para looks m\u00e1s informales o como pijama. La insignia del logotipo de Calvin Klein en el dobladillo completa el estilo de la camiseta.<br \/>\n&#8211; AJUSTE PERFECTO: El dise\u00f1o atemporal de esta prenda minimalista es muy favorecedor. Adem\u00e1s, esta camiseta es perfecta como regalo para j\u00f3venes y mayores.<br \/>\n&#8211; PARA CUALQUIER OCASI\u00d3N: La camiseta b\u00e1sica de algod\u00f3n de punto es superc\u00f3moda e ideal para el d\u00eda a d\u00eda o la oficina. La puedes llevar sola o debajo de un jersey, es la elecci\u00f3n ideal para cualquier ocasi\u00f3n.<br \/>\n&#8211; MATERIAL Y CUIDADO: La camiseta est\u00e1 confeccionada en algod\u00f3n regenerativo 100 %. Se puede lavar a m\u00e1quina y secar en secadora.<br \/>\n&#8211; EMOCIONANTE Y CLARO: La marca de moda Calvin Klein, fundada en 1968, es conocida por su singular look y lleva conquistando el mundo de la moda desde entonces. La marca americana apuesta por una est\u00e9tica minimalista.<\/p>\n","protected":false},"excerpt":{"rendered":"<p>Calvin Klein Camiseta de Manga Corta Hombre Core Monologo Slim Fit, Negro (CK Black\/Salsa), L<br \/>\n#Publicidad <span class=\"read-more\"><a class=\"more-link btn btn-transparent\" href=\"https:\/\/rockkofertas.com.es\/index.php\/producto\/b0btdyk917\/\">Leer m\u00e1s&#8230;<\/a><\/span><\/p>\n","protected":false},"featured_media":8048,"comment_status":"open","ping_status":"closed","template":"","meta":[],"product_cat":[15],"product_tag":[],"class_list":{"0":"post-8049","1":"product","2":"type-product","3":"status-publish","4":"has-post-thumbnail","6":"product_cat-sin-categorizar","8":"first","9":"instock","10":"shipping-taxable","11":"product-type-external"},"_links":{"self":[{"href":"https:\/\/rockkofertas.com.es\/index.php\/wp-json\/wp\/v2\/product\/8049","targetHints":{"allow":["GET"]}}],"collection":[{"href":"https:\/\/rockkofertas.com.es\/index.php\/wp-json\/wp\/v2\/product"}],"about":[{"href":"https:\/\/rockkofertas.com.es\/index.php\/wp-json\/wp\/v2\/types\/product"}],"replies":[{"embeddable":true,"href":"https:\/\/rockkofertas.com.es\/index.php\/wp-json\/wp\/v2\/comments?post=8049"}],"wp:featuredmedia":[{"embeddable":true,"href":"https:\/\/rockkofertas.com.es\/index.php\/wp-json\/wp\/v2\/media\/8048"}],"wp:attachment":[{"href":"https:\/\/rockkofertas.com.es\/index.php\/wp-json\/wp\/v2\/media?parent=8049"}],"wp:term":[{"taxonomy":"product_cat","embeddable":true,"href":"https:\/\/rockkofertas.com.es\/index.php\/wp-json\/wp\/v2\/product_cat?post=8049"},{"taxonomy":"product_tag","embeddable":true,"href":"https:\/\/rockkofertas.com.es\/index.php\/wp-json\/wp\/v2\/product_tag?post=8049"}],"curies":[{"name":"wp","href":"https:\/\/api.w.org\/{rel}","templated":true}]}}