{"id":8047,"date":"2025-12-25T04:00:43","date_gmt":"2025-12-25T04:00:43","guid":{"rendered":"https:\/\/rockkofertas.com.es\/index.php\/producto\/b08g12fb4g-2\/"},"modified":"2025-12-25T04:00:43","modified_gmt":"2025-12-25T04:00:43","slug":"b08g12fb4g-2","status":"publish","type":"product","link":"https:\/\/rockkofertas.com.es\/index.php\/producto\/b08g12fb4g-2\/","title":{"rendered":"B08G12FB4G"},"content":{"rendered":"<p>&#8211; Altavoz de sonido claro; con altavoces grandes de 3,5 pulgadas para un sonido alto y claro y una excelente calidad de sonido; el volumen es lo suficientemente alto para interiores o exteriores; puedes usar la radio port\u00e1til para escuchar noticias, m\u00fasica y juegos<br \/>\n&#8211; F\u00e1cil de operar; ajuste grande de la esfera y manecilla de bot\u00f3n grande; pantalla de funci\u00f3n simple y clara; sin botones de funci\u00f3n complejos, muy adecuado para personas mayores y tambi\u00e9n un regalo adecuado para que los j\u00f3venes se lo den a los mayores<br \/>\n&#8211; M\u00faltiples modos de entrada de audio, la reproducci\u00f3n de MP3 es potente con reproductor USB TF SD compatible con formato MP3 WMA; con conector para auriculares de 3,5 mm; puede reproducir su m\u00fasica favorita almacenada en el disco U<br \/>\n&#8211; La radio FM AM SW de 3 bandas es de alta sensibilidad; La antena extendida de 60 CM garantiza una mejor recepci\u00f3n<br \/>\n&#8211; 2 modos de fuente de alimentaci\u00f3n; La radio FM puede usar un cable de alimentaci\u00f3n de 150 cm en casa; o 3 pilas D (no incluidas) es muy c\u00f3modo de usar en casa o al aire libre; La gran capacidad de la bater\u00eda proporciona una duraci\u00f3n ultralarga de la bater\u00eda y obtiene informaci\u00f3n de emergencia durante los cortes de energ\u00eda.<\/p>\n","protected":false},"excerpt":{"rendered":"<p>Retekess TR618 Radio Port\u00e1til, Transistor Radio Pilas FM Am SW, Soporte USB Micro SD, con Enchufe, Altavoz Grande, Adecuado para Familia, Cocina, Personas Mayores (Negro)<br \/>\n#Publicidad <span class=\"read-more\"><a class=\"more-link btn btn-transparent\" href=\"https:\/\/rockkofertas.com.es\/index.php\/producto\/b08g12fb4g-2\/\">Leer m\u00e1s&#8230;<\/a><\/span><\/p>\n","protected":false},"featured_media":8046,"comment_status":"open","ping_status":"closed","template":"","meta":[],"product_cat":[15],"product_tag":[],"class_list":{"0":"post-8047","1":"product","2":"type-product","3":"status-publish","4":"has-post-thumbnail","6":"product_cat-sin-categorizar","8":"first","9":"instock","10":"shipping-taxable","11":"product-type-external"},"_links":{"self":[{"href":"https:\/\/rockkofertas.com.es\/index.php\/wp-json\/wp\/v2\/product\/8047","targetHints":{"allow":["GET"]}}],"collection":[{"href":"https:\/\/rockkofertas.com.es\/index.php\/wp-json\/wp\/v2\/product"}],"about":[{"href":"https:\/\/rockkofertas.com.es\/index.php\/wp-json\/wp\/v2\/types\/product"}],"replies":[{"embeddable":true,"href":"https:\/\/rockkofertas.com.es\/index.php\/wp-json\/wp\/v2\/comments?post=8047"}],"wp:featuredmedia":[{"embeddable":true,"href":"https:\/\/rockkofertas.com.es\/index.php\/wp-json\/wp\/v2\/media\/8046"}],"wp:attachment":[{"href":"https:\/\/rockkofertas.com.es\/index.php\/wp-json\/wp\/v2\/media?parent=8047"}],"wp:term":[{"taxonomy":"product_cat","embeddable":true,"href":"https:\/\/rockkofertas.com.es\/index.php\/wp-json\/wp\/v2\/product_cat?post=8047"},{"taxonomy":"product_tag","embeddable":true,"href":"https:\/\/rockkofertas.com.es\/index.php\/wp-json\/wp\/v2\/product_tag?post=8047"}],"curies":[{"name":"wp","href":"https:\/\/api.w.org\/{rel}","templated":true}]}}