{"id":8041,"date":"2025-12-24T16:01:18","date_gmt":"2025-12-24T16:01:18","guid":{"rendered":"https:\/\/rockkofertas.com.es\/index.php\/producto\/b0ctmqn54k\/"},"modified":"2025-12-24T16:01:18","modified_gmt":"2025-12-24T16:01:18","slug":"b0ctmqn54k","status":"publish","type":"product","link":"https:\/\/rockkofertas.com.es\/index.php\/producto\/b0ctmqn54k\/","title":{"rendered":"B0CTMQN54K"},"content":{"rendered":"<p>&#8211; PLEGABLE Y MUY COMPACTA &#8211; Se dobla por la mitad hasta quedar en solo 40\u00d730 cm, ideal para guardarla en cajones o armarios; \u00bfy si necesitas ahorrar cada cent\u00edmetro en casa? Esta tabla te permite mantener el orden sin renunciar a un buen planchado.<br \/>\n&#8211; SUPERFICIE AMPLIA PARA PLANCHADO C\u00d3MODO &#8211; Desplegada ofrece unas medidas de 80\u00d730\u00d719 cm, suficiente para camisas, pantalones o ropa diaria; \u00bfbuscas una tabla peque\u00f1a pero funcional? Su tama\u00f1o optimizado te da comodidad sin ocupar espacio.<br \/>\n&#8211; MATERIALES PREMIUM Y FUNDA LAVABLE &#8211; El marco de acero con recubrimiento en polvo y el acolchado de fieltro aseguran estabilidad, mientras que su funda 100% algod\u00f3n es lavable e intercambiable; \u00bfquieres una tabla duradera y f\u00e1cil de mantener? Esta est\u00e1 hecha para durar.<br \/>\n&#8211; ESTABILIDAD ANTIDESLIZANTE &#8211; Las patas con protecci\u00f3n antideslizante evitan movimientos y aportan seguridad; \u00bfte preocupa que la tabla se mueva mientras planchas? Con esta base firme podr\u00e1s planchar con tranquilidad.<br \/>\n&#8211; LISTA PARA USAR &#8211; No requiere montaje y funciona como tabla de sobremesa, auxiliar o port\u00e1til; \u00bfnecesitas una soluci\u00f3n vers\u00e1til para planchar r\u00e1pido? Esta tabla se adapta a cualquier rutina o espacio.<br \/>\n&#8211; GARANT\u00cdA &#8211; Desde JUPPLIES estamos siempre a tu disposici\u00f3n para ofrecerte un servicio de atenci\u00f3n al cliente profesional. En caso de que hubiera alg\u00fan problema te ofreceremos una soluci\u00f3n en menos de 24 horas. La garant\u00eda de f\u00e1brica solo est\u00e1 disponible a trav\u00e9s de vendedores autorizados.<\/p>\n","protected":false},"excerpt":{"rendered":"<p>JUPPLIES Tabla de Planchar Plegable para Casa &#8211; Mesa de Planchado Peque\u00f1a (80\u00d730cm) con Patas Antideslizantes, Funda Algod\u00f3n Lavable y Marco Acero, Ideal para Espacios Reducidos y Planchado R\u00e1pido<br \/>\n#Publicidad <span class=\"read-more\"><a class=\"more-link btn btn-transparent\" href=\"https:\/\/rockkofertas.com.es\/index.php\/producto\/b0ctmqn54k\/\">Leer m\u00e1s&#8230;<\/a><\/span><\/p>\n","protected":false},"featured_media":8040,"comment_status":"open","ping_status":"closed","template":"","meta":[],"product_cat":[15],"product_tag":[],"class_list":{"0":"post-8041","1":"product","2":"type-product","3":"status-publish","4":"has-post-thumbnail","6":"product_cat-sin-categorizar","8":"first","9":"instock","10":"shipping-taxable","11":"product-type-external"},"_links":{"self":[{"href":"https:\/\/rockkofertas.com.es\/index.php\/wp-json\/wp\/v2\/product\/8041","targetHints":{"allow":["GET"]}}],"collection":[{"href":"https:\/\/rockkofertas.com.es\/index.php\/wp-json\/wp\/v2\/product"}],"about":[{"href":"https:\/\/rockkofertas.com.es\/index.php\/wp-json\/wp\/v2\/types\/product"}],"replies":[{"embeddable":true,"href":"https:\/\/rockkofertas.com.es\/index.php\/wp-json\/wp\/v2\/comments?post=8041"}],"wp:featuredmedia":[{"embeddable":true,"href":"https:\/\/rockkofertas.com.es\/index.php\/wp-json\/wp\/v2\/media\/8040"}],"wp:attachment":[{"href":"https:\/\/rockkofertas.com.es\/index.php\/wp-json\/wp\/v2\/media?parent=8041"}],"wp:term":[{"taxonomy":"product_cat","embeddable":true,"href":"https:\/\/rockkofertas.com.es\/index.php\/wp-json\/wp\/v2\/product_cat?post=8041"},{"taxonomy":"product_tag","embeddable":true,"href":"https:\/\/rockkofertas.com.es\/index.php\/wp-json\/wp\/v2\/product_tag?post=8041"}],"curies":[{"name":"wp","href":"https:\/\/api.w.org\/{rel}","templated":true}]}}