{"id":8039,"date":"2025-12-24T12:01:38","date_gmt":"2025-12-24T12:01:38","guid":{"rendered":"https:\/\/rockkofertas.com.es\/index.php\/producto\/b07rrtccg9\/"},"modified":"2025-12-24T12:01:38","modified_gmt":"2025-12-24T12:01:38","slug":"b07rrtccg9","status":"publish","type":"product","link":"https:\/\/rockkofertas.com.es\/index.php\/producto\/b07rrtccg9\/","title":{"rendered":"B07RRTCCG9"},"content":{"rendered":"<p>&#8211; Joyas cl\u00e1sicas con colgante de plata esterlina 925<br \/>\n&#8211; Esta joya est\u00e1 tachonada con preciosos cristales y hace que cada coraz\u00f3n lata m\u00e1s r\u00e1pido<br \/>\n&#8211; Dise\u00f1ada en Alemania: esta joya de plata hecha a mano est\u00e1 protegida contra el deslustre, \u00f3ptimamente pulida y fabricada con calidad de joyero de \u00f3ptima calidad<br \/>\n&#8211; Style: Ya sea festivo o casual, las joyas de plata inspirar\u00e1n; Un compa\u00f1ero adecuado para la vida diaria y un imprescindible para toda mujer<br \/>\n&#8211; Regalo y paquete: El regalo adecuado para la esposa o la novia, adecuado para Navidad, cumplea\u00f1os, San Valent\u00edn, compromiso o aniversario; Entregado en un embalaje de terciopelo turquesa<\/p>\n","protected":false},"excerpt":{"rendered":"<p>Elli Juego de Joyas Mujer con Cristales en Plata Esterlina 925<br \/>\n#Publicidad <span class=\"read-more\"><a class=\"more-link btn btn-transparent\" href=\"https:\/\/rockkofertas.com.es\/index.php\/producto\/b07rrtccg9\/\">Leer m\u00e1s&#8230;<\/a><\/span><\/p>\n","protected":false},"featured_media":8038,"comment_status":"open","ping_status":"closed","template":"","meta":[],"product_cat":[15],"product_tag":[],"class_list":{"0":"post-8039","1":"product","2":"type-product","3":"status-publish","4":"has-post-thumbnail","6":"product_cat-sin-categorizar","8":"first","9":"instock","10":"shipping-taxable","11":"product-type-external"},"_links":{"self":[{"href":"https:\/\/rockkofertas.com.es\/index.php\/wp-json\/wp\/v2\/product\/8039","targetHints":{"allow":["GET"]}}],"collection":[{"href":"https:\/\/rockkofertas.com.es\/index.php\/wp-json\/wp\/v2\/product"}],"about":[{"href":"https:\/\/rockkofertas.com.es\/index.php\/wp-json\/wp\/v2\/types\/product"}],"replies":[{"embeddable":true,"href":"https:\/\/rockkofertas.com.es\/index.php\/wp-json\/wp\/v2\/comments?post=8039"}],"wp:featuredmedia":[{"embeddable":true,"href":"https:\/\/rockkofertas.com.es\/index.php\/wp-json\/wp\/v2\/media\/8038"}],"wp:attachment":[{"href":"https:\/\/rockkofertas.com.es\/index.php\/wp-json\/wp\/v2\/media?parent=8039"}],"wp:term":[{"taxonomy":"product_cat","embeddable":true,"href":"https:\/\/rockkofertas.com.es\/index.php\/wp-json\/wp\/v2\/product_cat?post=8039"},{"taxonomy":"product_tag","embeddable":true,"href":"https:\/\/rockkofertas.com.es\/index.php\/wp-json\/wp\/v2\/product_tag?post=8039"}],"curies":[{"name":"wp","href":"https:\/\/api.w.org\/{rel}","templated":true}]}}