{"id":8037,"date":"2025-12-24T10:11:07","date_gmt":"2025-12-24T10:11:07","guid":{"rendered":"https:\/\/rockkofertas.com.es\/index.php\/producto\/b0f8vz7qvx-5\/"},"modified":"2025-12-24T10:11:07","modified_gmt":"2025-12-24T10:11:07","slug":"b0f8vz7qvx-5","status":"publish","type":"product","link":"https:\/\/rockkofertas.com.es\/index.php\/producto\/b0f8vz7qvx-5\/","title":{"rendered":"B0F8VZ7QVX"},"content":{"rendered":"<p>&#8211; ATENCI\u00d3N: No compatible con iPhone Air, iPhone 17 Pro Max, iPhone 16, iPhone 16 Plus, iPhone 16 Pro Max<br \/>\n&#8211; Paquete de 3, Cristal templado para iPhone 17, 17 Pro, iPhone 16 Pro (6,3 pulgadas) con herramienta de instalaci\u00f3n f\u00e1cil incluida.<br \/>\n&#8211; Hecho 0,33 mm de espesor de alta calidad premium de vidrio templado bordes redondeados en exclusiva para iPhone 17, 17 Pro, iPhone 16 Pro (6,3 pulgadas).<br \/>\n&#8211; Muy alta dureza: resistente a los ara\u00f1azos de hasta 9H. De alta respuesta, alta transparencia y alta transparencia. Libre de polvo, huellas dactilares libre, instalaci\u00f3n de una pulsaci\u00f3n s\u00faper easiy, libre de burbujas.<br \/>\n&#8211; NEW&#8217;C Protector de Pantalla de Vidrio Templado para iPhone 17, 17 Pro, iPhone 16 Pro (6,3 pulgadas). Sensibilidad t\u00e1ctil conservada: un revestimiento adhesivo de silicona que facilita la instalaci\u00f3n y es duradero, al tiempo que conserva las cualidades t\u00e1ctiles del tel\u00e9fono.<\/p>\n","protected":false},"excerpt":{"rendered":"<p>NEW&#8217;C 3 Piezas, Protector Pantalla para iPhone 17, 17 Pro, iPhone 16 Pro (6,3\u2033), Cristal templado con herramienta de instalaci\u00f3n f\u00e1cil incluida, Antiara\u00f1azos, Antihuellas, Dureza 9H, Ultra Resistente<br \/>#Publicidad <span class=\"read-more\"><a class=\"more-link btn btn-transparent\" href=\"https:\/\/rockkofertas.com.es\/index.php\/producto\/b0f8vz7qvx-5\/\">Leer m\u00e1s&#8230;<\/a><\/span><\/p>\n","protected":false},"featured_media":8036,"comment_status":"open","ping_status":"closed","template":"","meta":[],"product_cat":[15],"product_tag":[],"class_list":{"0":"post-8037","1":"product","2":"type-product","3":"status-publish","4":"has-post-thumbnail","6":"product_cat-sin-categorizar","8":"first","9":"instock","10":"shipping-taxable","11":"product-type-external"},"_links":{"self":[{"href":"https:\/\/rockkofertas.com.es\/index.php\/wp-json\/wp\/v2\/product\/8037","targetHints":{"allow":["GET"]}}],"collection":[{"href":"https:\/\/rockkofertas.com.es\/index.php\/wp-json\/wp\/v2\/product"}],"about":[{"href":"https:\/\/rockkofertas.com.es\/index.php\/wp-json\/wp\/v2\/types\/product"}],"replies":[{"embeddable":true,"href":"https:\/\/rockkofertas.com.es\/index.php\/wp-json\/wp\/v2\/comments?post=8037"}],"wp:featuredmedia":[{"embeddable":true,"href":"https:\/\/rockkofertas.com.es\/index.php\/wp-json\/wp\/v2\/media\/8036"}],"wp:attachment":[{"href":"https:\/\/rockkofertas.com.es\/index.php\/wp-json\/wp\/v2\/media?parent=8037"}],"wp:term":[{"taxonomy":"product_cat","embeddable":true,"href":"https:\/\/rockkofertas.com.es\/index.php\/wp-json\/wp\/v2\/product_cat?post=8037"},{"taxonomy":"product_tag","embeddable":true,"href":"https:\/\/rockkofertas.com.es\/index.php\/wp-json\/wp\/v2\/product_tag?post=8037"}],"curies":[{"name":"wp","href":"https:\/\/api.w.org\/{rel}","templated":true}]}}