{"id":8027,"date":"2025-12-24T04:01:12","date_gmt":"2025-12-24T04:01:12","guid":{"rendered":"https:\/\/rockkofertas.com.es\/index.php\/producto\/b0d8pvnqjs\/"},"modified":"2025-12-24T04:01:12","modified_gmt":"2025-12-24T04:01:12","slug":"b0d8pvnqjs","status":"publish","type":"product","link":"https:\/\/rockkofertas.com.es\/index.php\/producto\/b0d8pvnqjs\/","title":{"rendered":"B0D8PVNQJS"},"content":{"rendered":"<p>&#8211; | UNA PANTALLA GRANDE POR FUERA Y POR DENTRO | Su panel IPS con resoluci\u00f3n HD+ de 6,75 pulgadas har\u00e1 las delicias de quienes quieren sentir en su mano una pantalla en la que no falte detalle. La tecnolog\u00eda InCell optimiza el consumo de bater\u00eda y garantiza que la luz adaptativa se ajusta al momento del d\u00eda en que se est\u00e9 usando.<br \/>\n&#8211; | FLUIDEZ Y ESPACIO PARA TODO | DISCOVERY 2 ME viene cargado con 6GB de memoria RAM ampliables hasta 14GB a trav\u00e9s de la RAM virtual. Para que poder realizar m\u00faltiples tareas y cambiar entre aplicaciones no suponga ning\u00fan problema. Y en cuanto a la memoria interna para guardar fotos, v\u00eddeos o aplicaciones, viene de serie con 256GB ampliables hasta en 512GB m\u00e1s si se le incorpora una tarjeta microSD.<br \/>\n&#8211; | 3 C\u00c1MARAS PARA FOTOGRAFIAR CON PRECISI\u00d3N | La CORE AI CAMERA garantiza versatilidad y nitidez en cada disparo. Gracias a la lente principal de 50MP y a la detecci\u00f3n de escenas por inteligencia artificial, los resultados en las im\u00e1genes ser\u00e1n profesionales. Y, adem\u00e1s, la\u202fprecisi\u00f3n\u202fde la macro est\u00e1 pensada para capturar los detalles m\u00e1s peque\u00f1os a lo grande.<br \/>\n&#8211; | HASTA 2 D\u00cdAS DE BATER\u00cdA Y 55 HORAS ESCUCHANDO M\u00daSICA | Los 5000mAh de bater\u00eda otorgan a SPC DISCOVERY 2 ME el poder de aguantar hasta 2 d\u00edas en un uso est\u00e1ndar y hasta 12 horas de uso intensivo. Su carga r\u00e1pida por USB PD de 18W har\u00e1 que pueda pasar de 0 a 100 en solo 1 hora y media.<br \/>\n&#8211; | PARA PAGAR CON EL M\u00d3VIL Y SIN TARJETAS | Convierte tu smartphone 4G en tu cartera con la tecnolog\u00eda NFC y olv\u00eddate de tarjetas de cr\u00e9dito o de transporte. Tan sencillo como acercar tu tel\u00e9fono al dispositivo contactless y de forma instant\u00e1nea el pago se procesa.<br \/>\n&#8211; | DESBLOQUEO POR RECONOCIMIENTO FACIAL O HUELLA | Un r\u00e1pido y efectivo sensor de huella dactilar situado en el lado derecho del terminal garantiza que todo el contenido est\u00e1 a salvo de manos intrusas. Y para quienes prefieran no utilizar la huella, DISCOVERY 2 ME tambi\u00e9n incorpora la posibilidad de configurar el desbloqueo por reconocimiento facial o con el tradicional patr\u00f3n. Todo ello en un smartphone con Android 14.<\/p>\n","protected":false},"excerpt":{"rendered":"<p>SPC Discovery 2 ME \u2013 Smartphone 6,75\u201d HD+, 6GB RAM, 256GB Memoria Interna, Triple C\u00e1mara IA, NFC, 5000 mAh Carga r\u00e1pida 18W, tel\u00e9fono m\u00f3vil Android 14, desbloqueo biometr\u00eda \u2013 Deep Sky<br \/>\n#Publicidad <span class=\"read-more\"><a class=\"more-link btn btn-transparent\" href=\"https:\/\/rockkofertas.com.es\/index.php\/producto\/b0d8pvnqjs\/\">Leer m\u00e1s&#8230;<\/a><\/span><\/p>\n","protected":false},"featured_media":8026,"comment_status":"open","ping_status":"closed","template":"","meta":[],"product_cat":[15],"product_tag":[],"class_list":{"0":"post-8027","1":"product","2":"type-product","3":"status-publish","4":"has-post-thumbnail","6":"product_cat-sin-categorizar","8":"first","9":"instock","10":"shipping-taxable","11":"product-type-external"},"_links":{"self":[{"href":"https:\/\/rockkofertas.com.es\/index.php\/wp-json\/wp\/v2\/product\/8027","targetHints":{"allow":["GET"]}}],"collection":[{"href":"https:\/\/rockkofertas.com.es\/index.php\/wp-json\/wp\/v2\/product"}],"about":[{"href":"https:\/\/rockkofertas.com.es\/index.php\/wp-json\/wp\/v2\/types\/product"}],"replies":[{"embeddable":true,"href":"https:\/\/rockkofertas.com.es\/index.php\/wp-json\/wp\/v2\/comments?post=8027"}],"wp:featuredmedia":[{"embeddable":true,"href":"https:\/\/rockkofertas.com.es\/index.php\/wp-json\/wp\/v2\/media\/8026"}],"wp:attachment":[{"href":"https:\/\/rockkofertas.com.es\/index.php\/wp-json\/wp\/v2\/media?parent=8027"}],"wp:term":[{"taxonomy":"product_cat","embeddable":true,"href":"https:\/\/rockkofertas.com.es\/index.php\/wp-json\/wp\/v2\/product_cat?post=8027"},{"taxonomy":"product_tag","embeddable":true,"href":"https:\/\/rockkofertas.com.es\/index.php\/wp-json\/wp\/v2\/product_tag?post=8027"}],"curies":[{"name":"wp","href":"https:\/\/api.w.org\/{rel}","templated":true}]}}