{"id":8025,"date":"2025-12-24T00:01:26","date_gmt":"2025-12-24T00:01:26","guid":{"rendered":"https:\/\/rockkofertas.com.es\/index.php\/producto\/b0fgxl51jq\/"},"modified":"2025-12-24T00:01:26","modified_gmt":"2025-12-24T00:01:26","slug":"b0fgxl51jq","status":"publish","type":"product","link":"https:\/\/rockkofertas.com.es\/index.php\/producto\/b0fgxl51jq\/","title":{"rendered":"B0FGXL51JQ"},"content":{"rendered":"<p>&#8211; Chaquetas para hombre: exterior de franela y c\u00e1lido forro polar sherpa, con forro sherpa en las mangas y en el cuerpo de la chaqueta para una mayor calidez. Te mantendr\u00e1 abrigado en el fr\u00edo invierno.<br \/>\n&#8211; Bolsillos multifuncionales: dos bolsillos con solapa y botones en el pecho y dos bolsillos laterales para guardar c\u00f3modamente objetos peque\u00f1os, como el m\u00f3vil, las llaves, etc. Es f\u00e1cil tener las manos libres.<br \/>\n&#8211; Dise\u00f1o: Chaqueta de le\u00f1ador con cuello cl\u00e1sico y cierre de botones. Te permite lucir un estilo m\u00e1s informal y elegante. Pu\u00f1os con doble bot\u00f3n para crear diferentes estilos y conseguir un look deportivo y elegante.<br \/>\n&#8211; Chaquetas de forro polar para hombre: f\u00e1ciles de combinar con todo tipo de ropa. Adecuadas para el uso diario, el ocio, el trabajo o cualquier actividad al aire libre. Como caminar, hacer senderismo, pescar, acampar, montar en bicicleta, escalar, etc.<br \/>\n&#8211; Chaquetas de invierno para hombre: la chaqueta de franela se puede llevar como una camisa gruesa o como un abrigo de invierno. Un accesorio imprescindible para protegerse del fr\u00edo en invierno. Es ideal como regalo para Acci\u00f3n de Gracias, Navidad y A\u00f1o Nuevo.<\/p>\n","protected":false},"excerpt":{"rendered":"<p>heekpek Chaqueta Hombre Invierno Camisa Franela Le\u00f1ador Cazadora Forrada Termica Chaquetas para Hombre con Bolsillos, Azul marino, L<br \/>\n#Publicidad <span class=\"read-more\"><a class=\"more-link btn btn-transparent\" href=\"https:\/\/rockkofertas.com.es\/index.php\/producto\/b0fgxl51jq\/\">Leer m\u00e1s&#8230;<\/a><\/span><\/p>\n","protected":false},"featured_media":8024,"comment_status":"open","ping_status":"closed","template":"","meta":[],"product_cat":[15],"product_tag":[],"class_list":{"0":"post-8025","1":"product","2":"type-product","3":"status-publish","4":"has-post-thumbnail","6":"product_cat-sin-categorizar","8":"first","9":"instock","10":"shipping-taxable","11":"product-type-external"},"_links":{"self":[{"href":"https:\/\/rockkofertas.com.es\/index.php\/wp-json\/wp\/v2\/product\/8025","targetHints":{"allow":["GET"]}}],"collection":[{"href":"https:\/\/rockkofertas.com.es\/index.php\/wp-json\/wp\/v2\/product"}],"about":[{"href":"https:\/\/rockkofertas.com.es\/index.php\/wp-json\/wp\/v2\/types\/product"}],"replies":[{"embeddable":true,"href":"https:\/\/rockkofertas.com.es\/index.php\/wp-json\/wp\/v2\/comments?post=8025"}],"wp:featuredmedia":[{"embeddable":true,"href":"https:\/\/rockkofertas.com.es\/index.php\/wp-json\/wp\/v2\/media\/8024"}],"wp:attachment":[{"href":"https:\/\/rockkofertas.com.es\/index.php\/wp-json\/wp\/v2\/media?parent=8025"}],"wp:term":[{"taxonomy":"product_cat","embeddable":true,"href":"https:\/\/rockkofertas.com.es\/index.php\/wp-json\/wp\/v2\/product_cat?post=8025"},{"taxonomy":"product_tag","embeddable":true,"href":"https:\/\/rockkofertas.com.es\/index.php\/wp-json\/wp\/v2\/product_tag?post=8025"}],"curies":[{"name":"wp","href":"https:\/\/api.w.org\/{rel}","templated":true}]}}