{"id":8023,"date":"2025-12-23T20:39:13","date_gmt":"2025-12-23T20:39:13","guid":{"rendered":"https:\/\/rockkofertas.com.es\/index.php\/producto\/b0gbtkdmsh\/"},"modified":"2025-12-23T20:39:13","modified_gmt":"2025-12-23T20:39:13","slug":"b0gbtkdmsh","status":"publish","type":"product","link":"https:\/\/rockkofertas.com.es\/index.php\/producto\/b0gbtkdmsh\/","title":{"rendered":"B0GBTKDMSH"},"content":{"rendered":"<p>&#8211; Blanqueamiento dental: Nuestro polvo blanqueador dental puede blanquear los dientes. Puede eliminar las manchas dentales causadas por el caf\u00e9, el t\u00e9, el vino, el tabaco, la limonada, etc., eliminando eficaz y r\u00e1pidamente los dientes amarillos.<br \/>\n&#8211; No da\u00f1a el esmalte y polvo dental blanqueador fumador blankea morado profesional blankeaes suave: El polvo no es abrasivo y es suave con el esmalte y los dientes sensibles. Elimina la placa y las manchas sin causar molestias.<br \/>\n&#8211; Mantenga un aliento fresco: el cepillo de dientes contiene extractos de hierbas para un sabor fresco y duradero, proporcionando un aliento fresco y duradero para unos dientes y enc\u00edas sanos. Es una gran opci\u00f3n para combatir el mal aliento.<br \/>\n&#8211; Eliminaci\u00f3n eficaz de las manchas de los dientes: el polvo blanqueador de dientes puede ayudar a eliminar a\u00f1os de manchas amarillas y decoloraci\u00f3n, as\u00ed como restos, sarro, etc.<br \/>\n&#8211; F\u00e1cil de usar: basta con sumergir el cepillo adecuado en una cantidad apropiada de polvo dental, lavarlo durante 3-5 minutos, y luego limpiar la boca con agua<\/p>\n","protected":false},"excerpt":{"rendered":"<p>Blanqueador Dental Polvo, Blanqueamiento Dental Eliminaci\u00f3n Profunda de Manchas, Blanqueamiento Dental de Larga Duraci\u00f3n, Suave para Dientes Sensibles, Inmediatamente una Sonrisa<br \/>#Publicidad <span class=\"read-more\"><a class=\"more-link btn btn-transparent\" href=\"https:\/\/rockkofertas.com.es\/index.php\/producto\/b0gbtkdmsh\/\">Leer m\u00e1s&#8230;<\/a><\/span><\/p>\n","protected":false},"featured_media":8022,"comment_status":"open","ping_status":"closed","template":"","meta":[],"product_cat":[15],"product_tag":[],"class_list":{"0":"post-8023","1":"product","2":"type-product","3":"status-publish","4":"has-post-thumbnail","6":"product_cat-sin-categorizar","8":"first","9":"instock","10":"shipping-taxable","11":"product-type-external"},"_links":{"self":[{"href":"https:\/\/rockkofertas.com.es\/index.php\/wp-json\/wp\/v2\/product\/8023","targetHints":{"allow":["GET"]}}],"collection":[{"href":"https:\/\/rockkofertas.com.es\/index.php\/wp-json\/wp\/v2\/product"}],"about":[{"href":"https:\/\/rockkofertas.com.es\/index.php\/wp-json\/wp\/v2\/types\/product"}],"replies":[{"embeddable":true,"href":"https:\/\/rockkofertas.com.es\/index.php\/wp-json\/wp\/v2\/comments?post=8023"}],"wp:featuredmedia":[{"embeddable":true,"href":"https:\/\/rockkofertas.com.es\/index.php\/wp-json\/wp\/v2\/media\/8022"}],"wp:attachment":[{"href":"https:\/\/rockkofertas.com.es\/index.php\/wp-json\/wp\/v2\/media?parent=8023"}],"wp:term":[{"taxonomy":"product_cat","embeddable":true,"href":"https:\/\/rockkofertas.com.es\/index.php\/wp-json\/wp\/v2\/product_cat?post=8023"},{"taxonomy":"product_tag","embeddable":true,"href":"https:\/\/rockkofertas.com.es\/index.php\/wp-json\/wp\/v2\/product_tag?post=8023"}],"curies":[{"name":"wp","href":"https:\/\/api.w.org\/{rel}","templated":true}]}}