{"id":8019,"date":"2025-12-23T16:00:42","date_gmt":"2025-12-23T16:00:42","guid":{"rendered":"https:\/\/rockkofertas.com.es\/index.php\/producto\/b0fm7svk8y\/"},"modified":"2025-12-23T16:00:42","modified_gmt":"2025-12-23T16:00:42","slug":"b0fm7svk8y","status":"publish","type":"product","link":"https:\/\/rockkofertas.com.es\/index.php\/producto\/b0fm7svk8y\/","title":{"rendered":"B0FM7SVK8Y"},"content":{"rendered":"<p>&#8211; \u3010Alta Precisi\u00f3n\u3011Cada llave dinamom\u00e9trica viene con un certificado de calibraci\u00f3n. Lo que le permite utilizarlo con alta precisi\u00f3n. Cumple con los requisitos de ISO 6789, GB\/T 15729 y ASME B107.14M. Especialmente indicado para cambio de neum\u00e1ticos de coche y trabajos de bricolaje en casa.<br \/>\n&#8211; \u3010Llave Dinamom\u00e9trica estilo \u00abclic\u00bb\u3011Cuando la llave dinamom\u00e9trica 1\/2\u201d alcance el par preestablecido, emitir\u00e1 un claro \u00abclic\u00bb, acompa\u00f1ado de vibraciones en la mano, para recordarle que deje de ejercer fuerza para evitar da\u00f1os causados por la sobrecarga. Cuando utilice un torque peque\u00f1o, se recomienda estar en una posici\u00f3n tranquila para poder escuchar mejor el \u00abclic\u00bb.<br \/>\n&#8211; \u3010Bot\u00f3n de Liberaci\u00f3n R\u00e1pida y 72 Dientes\u3011Esta llave dinamom\u00e9trica moto cuenta con un bot\u00f3n de liberaci\u00f3n r\u00e1pida que permite retirar f\u00e1cilmente el casquillo de montaje. El cabezal tiene 72 dientes, lo que resulta m\u00e1s econ\u00f3mico de utilizar en t\u00e9rminos de resistencia. La superficie refinada y elegante est\u00e1 tratada con chorro de arena electrofor\u00e9tico negro y es extremadamente duradera. Hay un dise\u00f1o de ranura en el mango, lo que hace que sea menos probable que se resbale durante el uso.<br \/>\n&#8211; \u3010F\u00e1cil de Usar\u3011Al ajustar la palanca de trinquete en la cabeza, la llave dinamom\u00e9trica coche se puede utilizar en el sentido de las agujas del reloj y en el sentido contrario a las agujas del reloj. F\u00e1cil de ajustar, baje el anillo de seguridad para desbloquear y asegurar. Luego gire el cuerpo del tubo para ajustar el valor de torsi\u00f3n deseado y luego suelte el anillo de seguridad para completar el ajuste.<br \/>\n&#8211; \u3010Amplia Gama de Aplicaciones\u3011El producto incluye 1 llave dinamom\u00e9trica 20-220Nm y una caja de almacenamiento. Indicado para el desmontaje, montaje y reparaci\u00f3n de neum\u00e1ticos de turismos, camiones, veh\u00edculos comerciales y motos, as\u00ed como para la instalaci\u00f3n y mantenimiento de m\u00e1quinas. Si tiene alguna pregunta durante el uso, no dude en contactarnos.<\/p>\n","protected":false},"excerpt":{"rendered":"<p>NADOKHI Llave Dinamom\u00e9trica 1\/2&#8243;, 20-220 Nm Moto y Coche Llave Dinamom\u00e9trica, Alta Precisi\u00f3n \u00b13%, 72 Dientes Doble Direcci\u00f3n Ajustable con Caja de Almacenamiento, para Coche Reemplazar Neum\u00e1ticos<br \/>\n#Publicidad <span class=\"read-more\"><a class=\"more-link btn btn-transparent\" href=\"https:\/\/rockkofertas.com.es\/index.php\/producto\/b0fm7svk8y\/\">Leer m\u00e1s&#8230;<\/a><\/span><\/p>\n","protected":false},"featured_media":8018,"comment_status":"open","ping_status":"closed","template":"","meta":[],"product_cat":[15],"product_tag":[],"class_list":{"0":"post-8019","1":"product","2":"type-product","3":"status-publish","4":"has-post-thumbnail","6":"product_cat-sin-categorizar","8":"first","9":"instock","10":"shipping-taxable","11":"product-type-external"},"_links":{"self":[{"href":"https:\/\/rockkofertas.com.es\/index.php\/wp-json\/wp\/v2\/product\/8019","targetHints":{"allow":["GET"]}}],"collection":[{"href":"https:\/\/rockkofertas.com.es\/index.php\/wp-json\/wp\/v2\/product"}],"about":[{"href":"https:\/\/rockkofertas.com.es\/index.php\/wp-json\/wp\/v2\/types\/product"}],"replies":[{"embeddable":true,"href":"https:\/\/rockkofertas.com.es\/index.php\/wp-json\/wp\/v2\/comments?post=8019"}],"wp:featuredmedia":[{"embeddable":true,"href":"https:\/\/rockkofertas.com.es\/index.php\/wp-json\/wp\/v2\/media\/8018"}],"wp:attachment":[{"href":"https:\/\/rockkofertas.com.es\/index.php\/wp-json\/wp\/v2\/media?parent=8019"}],"wp:term":[{"taxonomy":"product_cat","embeddable":true,"href":"https:\/\/rockkofertas.com.es\/index.php\/wp-json\/wp\/v2\/product_cat?post=8019"},{"taxonomy":"product_tag","embeddable":true,"href":"https:\/\/rockkofertas.com.es\/index.php\/wp-json\/wp\/v2\/product_tag?post=8019"}],"curies":[{"name":"wp","href":"https:\/\/api.w.org\/{rel}","templated":true}]}}