{"id":8015,"date":"2025-12-23T07:59:52","date_gmt":"2025-12-23T07:59:52","guid":{"rendered":"https:\/\/rockkofertas.com.es\/index.php\/producto\/b0f98qbj4g\/"},"modified":"2025-12-23T07:59:52","modified_gmt":"2025-12-23T07:59:52","slug":"b0f98qbj4g","status":"publish","type":"product","link":"https:\/\/rockkofertas.com.es\/index.php\/producto\/b0f98qbj4g\/","title":{"rendered":"B0F98QBJ4G"},"content":{"rendered":"<p>&#8211; Material premium: pieza de cocci\u00f3n al vapor de acero inoxidable 304 de alta calidad con superficie pulida y mango estable para un manejo seguro<br \/>\n&#8211; Ajuste universal: 20 cm de di\u00e1metro, ideal para diferentes ollas, ollas a presi\u00f3n, woks y ollas soperas<br \/>\n&#8211; Dise\u00f1o pr\u00e1ctico: las patas y el patr\u00f3n perforado permiten una circulaci\u00f3n \u00f3ptima del vapor al cocinar verduras, frutas y huevos<br \/>\n&#8211; Dimensiones: altura 9,5 cm, di\u00e1metro de la base: 18 cm, di\u00e1metro total 20 cm, con patas de 2,5 cm de alto<br \/>\n&#8211; F\u00e1cil cuidado: apto para lavavajillas y resistente a la corrosi\u00f3n, f\u00e1cil de limpiar gracias a la superficie de acero inoxidable de alta calidad<\/p>\n","protected":false},"excerpt":{"rendered":"<p>Vaporera de acero inoxidable 304 (20 cm) \u2013 Vaporizador universal para ollas, olla a presi\u00f3n e inducci\u00f3n, para verduras, frutas, huevos, lavavajillas<br \/>#Publicidad <span class=\"read-more\"><a class=\"more-link btn btn-transparent\" href=\"https:\/\/rockkofertas.com.es\/index.php\/producto\/b0f98qbj4g\/\">Leer m\u00e1s&#8230;<\/a><\/span><\/p>\n","protected":false},"featured_media":8014,"comment_status":"open","ping_status":"closed","template":"","meta":[],"product_cat":[15],"product_tag":[],"class_list":{"0":"post-8015","1":"product","2":"type-product","3":"status-publish","4":"has-post-thumbnail","6":"product_cat-sin-categorizar","8":"first","9":"instock","10":"shipping-taxable","11":"product-type-external"},"_links":{"self":[{"href":"https:\/\/rockkofertas.com.es\/index.php\/wp-json\/wp\/v2\/product\/8015","targetHints":{"allow":["GET"]}}],"collection":[{"href":"https:\/\/rockkofertas.com.es\/index.php\/wp-json\/wp\/v2\/product"}],"about":[{"href":"https:\/\/rockkofertas.com.es\/index.php\/wp-json\/wp\/v2\/types\/product"}],"replies":[{"embeddable":true,"href":"https:\/\/rockkofertas.com.es\/index.php\/wp-json\/wp\/v2\/comments?post=8015"}],"wp:featuredmedia":[{"embeddable":true,"href":"https:\/\/rockkofertas.com.es\/index.php\/wp-json\/wp\/v2\/media\/8014"}],"wp:attachment":[{"href":"https:\/\/rockkofertas.com.es\/index.php\/wp-json\/wp\/v2\/media?parent=8015"}],"wp:term":[{"taxonomy":"product_cat","embeddable":true,"href":"https:\/\/rockkofertas.com.es\/index.php\/wp-json\/wp\/v2\/product_cat?post=8015"},{"taxonomy":"product_tag","embeddable":true,"href":"https:\/\/rockkofertas.com.es\/index.php\/wp-json\/wp\/v2\/product_tag?post=8015"}],"curies":[{"name":"wp","href":"https:\/\/api.w.org\/{rel}","templated":true}]}}