{"id":8009,"date":"2025-12-22T23:01:03","date_gmt":"2025-12-22T23:01:03","guid":{"rendered":"https:\/\/rockkofertas.com.es\/index.php\/producto\/b0f1mgvx85-2\/"},"modified":"2025-12-22T23:01:03","modified_gmt":"2025-12-22T23:01:03","slug":"b0f1mgvx85-2","status":"publish","type":"product","link":"https:\/\/rockkofertas.com.es\/index.php\/producto\/b0f1mgvx85-2\/","title":{"rendered":"B0F1MGVX85"},"content":{"rendered":"<p>&#8211; \ud83d\udca8 \u3010Limpieza Profunda \u2013 Potente Succi\u00f3n de 5600 Pa\u3011 Este Robot Limpiacristales cuenta con una potente succi\u00f3n de 5600 Pa, que se adhiere firmemente a ventanas, espejos, azulejos y cualquier superficie lisa, eliminando manchas dif\u00edciles, polvo y marcas de agua sin esfuerzo. Incluso en ventanas inclinadas o cristales grandes, garantiza un resultado impecable.<br \/>\n&#8211; \ud83e\udd16\u30103 Modos de Limpieza Inteligentes\u3011El robot limpiacristales destaca por sus tres modos de limpieza inteligentes: la trayectoria en Z ofrece una cobertura r\u00e1pida y uniforme de toda la superficie, el modo izquierda-derecha se enfoca eficazmente en los bordes para un acabado preciso, mientras que el modo arriba-abajo asegura una limpieza profunda en toda la altura de las ventanas. Adem\u00e1s, con los 10 pa\u00f1os de microfibra incluidos, este robot proporciona una limpieza delicada pero eficaz, eliminando suciedad y manchas sin esfuerzo. Gracias a su tecnolog\u00eda avanzada y accesorios de calidad, convierte la tarea de limpiar en una experiencia c\u00f3moda y eficiente.<br \/>\n&#8211; \ud83d\udee1\ufe0f \u3010M\u00e1xima Seguridad \u2013 Protecci\u00f3n Avanzada\u3011 Equipado con un sistema de detecci\u00f3n de bordes y una cuerda de seguridad reforzada de 4 metros, este Robot Limpiacristales detiene su funcionamiento autom\u00e1ticamente ante cualquier riesgo de ca\u00edda. En caso de corte de energ\u00eda, mantiene la succi\u00f3n durante 20 minutos, ofreciendo seguridad total, ideal para apartamentos en altura.<br \/>\n&#8211; \ud83c\udfae \u3010Control Remoto Ergon\u00f3mico \u2013 F\u00e1cil Manejo a Distancia\u3011 Disfruta de una limpieza sin esfuerzo con el mando a distancia intuitivo. Programa la trayectoria, ajusta los movimientos y activa la pulverizaci\u00f3n sin tocar el cristal. Perfecto para techos de vidrio, ventanas estrechas o superficies altas, brindando comodidad y eficacia en cada uso.<br \/>\n&#8211; \ud83d\udce6 \u3010Kit Completo \u2013 Todo lo que necesitas desde el primer uso\u3011 Este Robot Limpieza de Ventanas Electrico incluye 10 trapos de microfibra lavables, 4 anillos de limpieza, 1 botella pulverizadora, 1 adaptador de corriente y un manual en espa\u00f1ol. Su montaje r\u00e1pido en 2 minutos y su mantenimiento simplificado aseguran una experiencia f\u00e1cil y sin complicaciones.<\/p>\n","protected":false},"excerpt":{"rendered":"<p>Robot Limpiacristales, 5600Pa Robot Limpieza de Ventanas Electrico Con Sistema de Seguridad, Navegaci\u00f3n Inteligente, Control Remoto, Detecci\u00f3n de Bordes, para Todas Las Superficies Lisas, con 10 Trapo<br \/>#Publicidad <span class=\"read-more\"><a class=\"more-link btn btn-transparent\" href=\"https:\/\/rockkofertas.com.es\/index.php\/producto\/b0f1mgvx85-2\/\">Leer m\u00e1s&#8230;<\/a><\/span><\/p>\n","protected":false},"featured_media":8008,"comment_status":"open","ping_status":"closed","template":"","meta":[],"product_cat":[15],"product_tag":[],"class_list":{"0":"post-8009","1":"product","2":"type-product","3":"status-publish","4":"has-post-thumbnail","6":"product_cat-sin-categorizar","8":"first","9":"instock","10":"shipping-taxable","11":"product-type-external"},"_links":{"self":[{"href":"https:\/\/rockkofertas.com.es\/index.php\/wp-json\/wp\/v2\/product\/8009","targetHints":{"allow":["GET"]}}],"collection":[{"href":"https:\/\/rockkofertas.com.es\/index.php\/wp-json\/wp\/v2\/product"}],"about":[{"href":"https:\/\/rockkofertas.com.es\/index.php\/wp-json\/wp\/v2\/types\/product"}],"replies":[{"embeddable":true,"href":"https:\/\/rockkofertas.com.es\/index.php\/wp-json\/wp\/v2\/comments?post=8009"}],"wp:featuredmedia":[{"embeddable":true,"href":"https:\/\/rockkofertas.com.es\/index.php\/wp-json\/wp\/v2\/media\/8008"}],"wp:attachment":[{"href":"https:\/\/rockkofertas.com.es\/index.php\/wp-json\/wp\/v2\/media?parent=8009"}],"wp:term":[{"taxonomy":"product_cat","embeddable":true,"href":"https:\/\/rockkofertas.com.es\/index.php\/wp-json\/wp\/v2\/product_cat?post=8009"},{"taxonomy":"product_tag","embeddable":true,"href":"https:\/\/rockkofertas.com.es\/index.php\/wp-json\/wp\/v2\/product_tag?post=8009"}],"curies":[{"name":"wp","href":"https:\/\/api.w.org\/{rel}","templated":true}]}}