{"id":8007,"date":"2025-12-22T22:02:04","date_gmt":"2025-12-22T22:02:04","guid":{"rendered":"https:\/\/rockkofertas.com.es\/index.php\/producto\/b0fj895d67\/"},"modified":"2025-12-22T22:02:04","modified_gmt":"2025-12-22T22:02:04","slug":"b0fj895d67","status":"publish","type":"product","link":"https:\/\/rockkofertas.com.es\/index.php\/producto\/b0fj895d67\/","title":{"rendered":"B0FJ895D67"},"content":{"rendered":"<p>&#8211; \u3010Excelente Potencia de Succi\u00f3n\u3011Con una potencia de succi\u00f3n de 5600 Pa, el robot limpiador de ventanas puede sujetar firmemente la ventana en cualquier momento. Puede eliminar diferentes tipos de suciedad. Ahorre en los altos costos de la limpieza manual de ventanas. Nuestros robots autom\u00e1ticos de limpieza de ventanas tienen una alta capacidad de carga y aseguran un agarre seguro durante el proceso de limpieza. El robot de apertura de ventana se puede utilizar en cualquier superficie lisa, como vidrio, baldosas e incluso puertas de madera.<br \/>\n&#8211; \u3010Pulverizaci\u00f3n de Agua Doble Autom\u00e1tica\u3011Este robot de ventana est\u00e1 dise\u00f1ado con una funci\u00f3n de pulverizaci\u00f3n de agua ultras\u00f3nica autom\u00e1tica, que puede limpiar eficazmente en profundidad las ventanas para garantizar que cada esquina del vidrio sea brillante. El chorro ancho mantiene la zona de limpieza h\u00fameda para obtener resultados de limpieza \u00f3ptimos. La pulverizaci\u00f3n de agua autom\u00e1tica\/manual se puede cambiar por control remoto. El tanque de agua de 60 ml es lo suficientemente grande como para limpiar ventanas en casa.<br \/>\n&#8211; \u3010Est\u00e1ndares de Seguridad m\u00e1s Altos\u3011Bater\u00eda de iones de litio integrada. En caso de fallo de alimentaci\u00f3n inesperado, puede funcionar durante 20 a 25 minutos gracias a la bater\u00eda incorporada y permanecer seguro en la ventana. El robot limpiador autom\u00e1tico de ventanas est\u00e1 equipado con una cuerda de seguridad de alta calidad de 4,5 m para evitar ca\u00eddas accidentales. Los m\u00faltiples protectores del robot limpiador de ventanas garantizan la seguridad al limpiar las ventanas en los pisos altos.<br \/>\n&#8211; \u3010Tecnolog\u00eda de Detecci\u00f3n Inteligente de Bordes\u3011Gracias a nuestra avanzada tecnolog\u00eda de inteligencia artificial, el robot puede detectar autom\u00e1ticamente marcos de ventanas y obst\u00e1culos. Calcula y planifica autom\u00e1ticamente la ruta de limpieza m\u00e1s efectiva, por lo que no tiene que preocuparse por subir escaleras peligrosas o limpiar ventanas de dif\u00edcil acceso en altura.<br \/>\n&#8211; \u30103 Modos de Limpieza\u3011Nuestro robot limpiador autom\u00e1tico de ventanas ofrece planificaci\u00f3n de rutas inteligente y 3 modos de limpieza autom\u00e1ticos. Adem\u00e1s, tambi\u00e9n puede usar el control remoto para un control manual. Con una velocidad de limpieza de hasta 1 m2\/4 min y un nivel de ruido de limpieza de solo 65 dB, hace el trabajo de manera eficiente y silenciosa.<\/p>\n","protected":false},"excerpt":{"rendered":"<p>Robot Limpiacristales, 5600PA Limpiacristales Electrico Ventanas con Doble Pulverizaci\u00f3n de Agua, 3 Modos de Limpieza, Sistema de Seguridad, Detecci\u00f3n Inteligente de Bordes, Control Remoto e 8 Trapo<br \/>#Publicidad <span class=\"read-more\"><a class=\"more-link btn btn-transparent\" href=\"https:\/\/rockkofertas.com.es\/index.php\/producto\/b0fj895d67\/\">Leer m\u00e1s&#8230;<\/a><\/span><\/p>\n","protected":false},"featured_media":8006,"comment_status":"open","ping_status":"closed","template":"","meta":[],"product_cat":[15],"product_tag":[],"class_list":{"0":"post-8007","1":"product","2":"type-product","3":"status-publish","4":"has-post-thumbnail","6":"product_cat-sin-categorizar","8":"first","9":"instock","10":"shipping-taxable","11":"product-type-external"},"_links":{"self":[{"href":"https:\/\/rockkofertas.com.es\/index.php\/wp-json\/wp\/v2\/product\/8007","targetHints":{"allow":["GET"]}}],"collection":[{"href":"https:\/\/rockkofertas.com.es\/index.php\/wp-json\/wp\/v2\/product"}],"about":[{"href":"https:\/\/rockkofertas.com.es\/index.php\/wp-json\/wp\/v2\/types\/product"}],"replies":[{"embeddable":true,"href":"https:\/\/rockkofertas.com.es\/index.php\/wp-json\/wp\/v2\/comments?post=8007"}],"wp:featuredmedia":[{"embeddable":true,"href":"https:\/\/rockkofertas.com.es\/index.php\/wp-json\/wp\/v2\/media\/8006"}],"wp:attachment":[{"href":"https:\/\/rockkofertas.com.es\/index.php\/wp-json\/wp\/v2\/media?parent=8007"}],"wp:term":[{"taxonomy":"product_cat","embeddable":true,"href":"https:\/\/rockkofertas.com.es\/index.php\/wp-json\/wp\/v2\/product_cat?post=8007"},{"taxonomy":"product_tag","embeddable":true,"href":"https:\/\/rockkofertas.com.es\/index.php\/wp-json\/wp\/v2\/product_tag?post=8007"}],"curies":[{"name":"wp","href":"https:\/\/api.w.org\/{rel}","templated":true}]}}