{"id":7995,"date":"2025-12-22T04:00:39","date_gmt":"2025-12-22T04:00:39","guid":{"rendered":"https:\/\/rockkofertas.com.es\/index.php\/producto\/b0dp1zcwxk\/"},"modified":"2025-12-22T04:00:39","modified_gmt":"2025-12-22T04:00:39","slug":"b0dp1zcwxk","status":"publish","type":"product","link":"https:\/\/rockkofertas.com.es\/index.php\/producto\/b0dp1zcwxk\/","title":{"rendered":"B0DP1ZCWXK"},"content":{"rendered":"<p>&#8211; Estaci\u00f3n de Carga para m\u00e1s Potencia: UGREEN dispositivo de carga USB-C con un total de 6 puertos (4 USB-C y 2 USB-A) y una potencia total de 100W es una opci\u00f3n profesional y potente para el escritorio. Ahorra tiempo y esfuerzo en casa, en la oficina o en movimiento con esta estaci\u00f3n de carga dise\u00f1ada para varios dispositivos.<br \/>\n&#8211; Cargador 100W: UGREEN cargador movil ofrece una carga m\u00e1xima de 65W de un puerto. Con protocolos de carga r\u00e1pida m\u00faltiples (PD\/PPS\/QC\/AFC) , MacBook Air M3 puede cargarse del 0% al 51% en solo 30 minutos, lo que maximiza tu eficiencia de trabajo y lo convierte en una excelente opci\u00f3n para el uso diario.<br \/>\n&#8211; 6 En 1 para Multitarea: 100w cargador usb c carga hasta 6 dispositivos simult\u00e1neamente con 6 puertos para que puedas cargar todo, desde tel\u00e9fonos hasta tabletas y computadoras port\u00e1tiles al mismo tiempo. Adem\u00e1s, se incluye una base que garantiza un escritorio ordenado y que ahorra espacio, sin enredos de cables. Potente, ahorra espacio y es eficiente.<br \/>\n&#8211; GaN Tech: Esta estaci\u00f3n de carga cuenta con GaN para optimizar su experiencia de carga. La tecnolog\u00eda GaN permite que el cargador ofrezca mejor eficiencia, mayor potencia de salida, mejor gesti\u00f3n t\u00e9rmica y mayor vida \u00fatil.<br \/>\n&#8211; Compatibilidad Universal: Cargador USB C 100W es compatible con iPhone 17\/ iPhone 17 Air\/ iPhone 17 Pro\/ iPhone 17 Pro Max16\/16\/15\/14\/13\/12\/11, Galaxy S25\/S25+\/S25 Ultra\/S24\/S23\/S22\/S21, MacBook Air\/Pro M4 M3 M2 M1, iPad Pro\/Air\/mini, Galaxy Tab S10\/S9\/S8\/S7, Thinkpad, Steam Deck<\/p>\n","protected":false},"excerpt":{"rendered":"<p>UGREEN Zapix Cargador USB C 100W, Estaci\u00f3n de Carga GAN con 6 Puertos, Cargador de Sobremesa, Compatible con iPhone 17 Pro MAX Air Serie 16-8, Galaxy S25, S24, A15, Pixel 9, iPads, MacBook Air<br \/>\n#Publicidad <span class=\"read-more\"><a class=\"more-link btn btn-transparent\" href=\"https:\/\/rockkofertas.com.es\/index.php\/producto\/b0dp1zcwxk\/\">Leer m\u00e1s&#8230;<\/a><\/span><\/p>\n","protected":false},"featured_media":7994,"comment_status":"open","ping_status":"closed","template":"","meta":[],"product_cat":[15],"product_tag":[],"class_list":{"0":"post-7995","1":"product","2":"type-product","3":"status-publish","4":"has-post-thumbnail","6":"product_cat-sin-categorizar","8":"first","9":"instock","10":"shipping-taxable","11":"product-type-external"},"_links":{"self":[{"href":"https:\/\/rockkofertas.com.es\/index.php\/wp-json\/wp\/v2\/product\/7995","targetHints":{"allow":["GET"]}}],"collection":[{"href":"https:\/\/rockkofertas.com.es\/index.php\/wp-json\/wp\/v2\/product"}],"about":[{"href":"https:\/\/rockkofertas.com.es\/index.php\/wp-json\/wp\/v2\/types\/product"}],"replies":[{"embeddable":true,"href":"https:\/\/rockkofertas.com.es\/index.php\/wp-json\/wp\/v2\/comments?post=7995"}],"wp:featuredmedia":[{"embeddable":true,"href":"https:\/\/rockkofertas.com.es\/index.php\/wp-json\/wp\/v2\/media\/7994"}],"wp:attachment":[{"href":"https:\/\/rockkofertas.com.es\/index.php\/wp-json\/wp\/v2\/media?parent=7995"}],"wp:term":[{"taxonomy":"product_cat","embeddable":true,"href":"https:\/\/rockkofertas.com.es\/index.php\/wp-json\/wp\/v2\/product_cat?post=7995"},{"taxonomy":"product_tag","embeddable":true,"href":"https:\/\/rockkofertas.com.es\/index.php\/wp-json\/wp\/v2\/product_tag?post=7995"}],"curies":[{"name":"wp","href":"https:\/\/api.w.org\/{rel}","templated":true}]}}