{"id":7987,"date":"2025-12-21T16:00:40","date_gmt":"2025-12-21T16:00:40","guid":{"rendered":"https:\/\/rockkofertas.com.es\/index.php\/producto\/b0c2ff82lv\/"},"modified":"2025-12-21T16:00:40","modified_gmt":"2025-12-21T16:00:40","slug":"b0c2ff82lv","status":"publish","type":"product","link":"https:\/\/rockkofertas.com.es\/index.php\/producto\/b0c2ff82lv\/","title":{"rendered":"B0C2FF82LV"},"content":{"rendered":"<p>&#8211; La base de maquillaje 3 en 1 ofrece una cobertura media y un acabado luminoso mientras cuida la piel con un tratamiento iluminador e hidratante y la protege con su filtro solar de amplio espectro SPF 40 contra los rayos UVA\/UVB. Y esa apariencia de ir sin maquillar, pero maquillada.<br \/>\n&#8211; Hidrata, corrige arrugas, reduce manchas, uniformiza el tono y protege del sol gracias a su f\u00f3rmula con \u00c1cido Hialur\u00f3nico, Extracto de T\u00e9 Verde y Niacinamida.<br \/>\n&#8211; Modo de empleo: Aplicar de 1 a 2 dosis sobre la piel limpia del rostro, cuello y escote, y difuminar con la brocha Heavenly Luxe Complexion Perfection #7 para un acabado natural y una hidrataci\u00f3n de hasta 24 horas. Tambi\u00e9n puede usarse como crema hidratante diaria y s\u00e9rum antiedad.<\/p>\n","protected":false},"excerpt":{"rendered":"<p>IT Cosmetics, Base de Maquillaje, Tratamiento Antiedad e Hidratante con SPF40, Cobertura Media, Acabado Luminoso, 12 Tonos Disponibles, Medium Tan, YSBB CC+ Nude Glow, 32 ml<br \/>\n#Publicidad <span class=\"read-more\"><a class=\"more-link btn btn-transparent\" href=\"https:\/\/rockkofertas.com.es\/index.php\/producto\/b0c2ff82lv\/\">Leer m\u00e1s&#8230;<\/a><\/span><\/p>\n","protected":false},"featured_media":7986,"comment_status":"open","ping_status":"closed","template":"","meta":[],"product_cat":[15],"product_tag":[],"class_list":{"0":"post-7987","1":"product","2":"type-product","3":"status-publish","4":"has-post-thumbnail","6":"product_cat-sin-categorizar","8":"first","9":"instock","10":"shipping-taxable","11":"product-type-external"},"_links":{"self":[{"href":"https:\/\/rockkofertas.com.es\/index.php\/wp-json\/wp\/v2\/product\/7987","targetHints":{"allow":["GET"]}}],"collection":[{"href":"https:\/\/rockkofertas.com.es\/index.php\/wp-json\/wp\/v2\/product"}],"about":[{"href":"https:\/\/rockkofertas.com.es\/index.php\/wp-json\/wp\/v2\/types\/product"}],"replies":[{"embeddable":true,"href":"https:\/\/rockkofertas.com.es\/index.php\/wp-json\/wp\/v2\/comments?post=7987"}],"wp:featuredmedia":[{"embeddable":true,"href":"https:\/\/rockkofertas.com.es\/index.php\/wp-json\/wp\/v2\/media\/7986"}],"wp:attachment":[{"href":"https:\/\/rockkofertas.com.es\/index.php\/wp-json\/wp\/v2\/media?parent=7987"}],"wp:term":[{"taxonomy":"product_cat","embeddable":true,"href":"https:\/\/rockkofertas.com.es\/index.php\/wp-json\/wp\/v2\/product_cat?post=7987"},{"taxonomy":"product_tag","embeddable":true,"href":"https:\/\/rockkofertas.com.es\/index.php\/wp-json\/wp\/v2\/product_tag?post=7987"}],"curies":[{"name":"wp","href":"https:\/\/api.w.org\/{rel}","templated":true}]}}