{"id":7979,"date":"2025-12-21T00:00:53","date_gmt":"2025-12-21T00:00:53","guid":{"rendered":"https:\/\/rockkofertas.com.es\/index.php\/producto\/b0ftzhmz8n-2\/"},"modified":"2025-12-21T00:00:53","modified_gmt":"2025-12-21T00:00:53","slug":"b0ftzhmz8n-2","status":"publish","type":"product","link":"https:\/\/rockkofertas.com.es\/index.php\/producto\/b0ftzhmz8n-2\/","title":{"rendered":"B0FTZHMZ8N"},"content":{"rendered":"<p>&#8211; Potencia de 2000W con 3 niveles ajustables: Calor constante y eficiente adaptado a cada necesidad o estancia.<br \/>\n&#8211; Conectividad inteligente con Wi-Fi integrado: Controla el radiador desde cualquier lugar con tu m\u00f3vil mediante app. Controla tu radiador por voz a trav\u00e9s de Alexa y Google Home.<br \/>\n&#8211; Panel t\u00e1ctil digital con programaci\u00f3n 24H: Visualiza la temperatura y programa encendido o apagado autom\u00e1tico con solo un toque.<br \/>\n&#8211; Modo ECO para ahorro energ\u00e9tico: Mantiene la temperatura ideal con menor consumo el\u00e9ctrico.<br \/>\n&#8211; Dise\u00f1ado para seguridad y comodidad: Incorpora protecci\u00f3n antivuelco, sobrecalentamiento, ruedas, compartimento para cable y indicador LED.<\/p>\n","protected":false},"excerpt":{"rendered":"<p>Radiador de Aceite GRUNKEL RD-2000PRO 2000W | 9 Elementos de Calor | Wi-Fi Integrado | Conectividad inteligente | Panel T\u00e1ctil | Modo ECO | Programaci\u00f3n 24H | Protecci\u00f3n Antivuelco (2000W)<br \/>\n#Publicidad <span class=\"read-more\"><a class=\"more-link btn btn-transparent\" href=\"https:\/\/rockkofertas.com.es\/index.php\/producto\/b0ftzhmz8n-2\/\">Leer m\u00e1s&#8230;<\/a><\/span><\/p>\n","protected":false},"featured_media":7978,"comment_status":"open","ping_status":"closed","template":"","meta":[],"product_cat":[15],"product_tag":[],"class_list":{"0":"post-7979","1":"product","2":"type-product","3":"status-publish","4":"has-post-thumbnail","6":"product_cat-sin-categorizar","8":"first","9":"instock","10":"shipping-taxable","11":"product-type-external"},"_links":{"self":[{"href":"https:\/\/rockkofertas.com.es\/index.php\/wp-json\/wp\/v2\/product\/7979","targetHints":{"allow":["GET"]}}],"collection":[{"href":"https:\/\/rockkofertas.com.es\/index.php\/wp-json\/wp\/v2\/product"}],"about":[{"href":"https:\/\/rockkofertas.com.es\/index.php\/wp-json\/wp\/v2\/types\/product"}],"replies":[{"embeddable":true,"href":"https:\/\/rockkofertas.com.es\/index.php\/wp-json\/wp\/v2\/comments?post=7979"}],"wp:featuredmedia":[{"embeddable":true,"href":"https:\/\/rockkofertas.com.es\/index.php\/wp-json\/wp\/v2\/media\/7978"}],"wp:attachment":[{"href":"https:\/\/rockkofertas.com.es\/index.php\/wp-json\/wp\/v2\/media?parent=7979"}],"wp:term":[{"taxonomy":"product_cat","embeddable":true,"href":"https:\/\/rockkofertas.com.es\/index.php\/wp-json\/wp\/v2\/product_cat?post=7979"},{"taxonomy":"product_tag","embeddable":true,"href":"https:\/\/rockkofertas.com.es\/index.php\/wp-json\/wp\/v2\/product_tag?post=7979"}],"curies":[{"name":"wp","href":"https:\/\/api.w.org\/{rel}","templated":true}]}}