{"id":7977,"date":"2025-12-20T20:00:37","date_gmt":"2025-12-20T20:00:37","guid":{"rendered":"https:\/\/rockkofertas.com.es\/index.php\/producto\/b07l6b3nwz\/"},"modified":"2025-12-20T20:00:37","modified_gmt":"2025-12-20T20:00:37","slug":"b07l6b3nwz","status":"publish","type":"product","link":"https:\/\/rockkofertas.com.es\/index.php\/producto\/b07l6b3nwz\/","title":{"rendered":"B07L6B3NWZ"},"content":{"rendered":"<p>&#8211; Material: vidrio soplado.<br \/>\n&#8211; Capacidad: 39 cl<br \/>\n&#8211; Tama\u00f1o: di\u00e1metro de la boca: 6, 5 cm. Di\u00e1metro: 8, 5 cm. Altura: 10 cm<br \/>\n&#8211; Apto para lavavajillas<\/p>\n","protected":false},"excerpt":{"rendered":"<p>Excelsa Juego de 6 vasos, cristal, azul cobalto<br \/>\n#Publicidad <span class=\"read-more\"><a class=\"more-link btn btn-transparent\" href=\"https:\/\/rockkofertas.com.es\/index.php\/producto\/b07l6b3nwz\/\">Leer m\u00e1s&#8230;<\/a><\/span><\/p>\n","protected":false},"featured_media":7976,"comment_status":"open","ping_status":"closed","template":"","meta":[],"product_cat":[15],"product_tag":[],"class_list":{"0":"post-7977","1":"product","2":"type-product","3":"status-publish","4":"has-post-thumbnail","6":"product_cat-sin-categorizar","8":"first","9":"instock","10":"shipping-taxable","11":"product-type-external"},"_links":{"self":[{"href":"https:\/\/rockkofertas.com.es\/index.php\/wp-json\/wp\/v2\/product\/7977","targetHints":{"allow":["GET"]}}],"collection":[{"href":"https:\/\/rockkofertas.com.es\/index.php\/wp-json\/wp\/v2\/product"}],"about":[{"href":"https:\/\/rockkofertas.com.es\/index.php\/wp-json\/wp\/v2\/types\/product"}],"replies":[{"embeddable":true,"href":"https:\/\/rockkofertas.com.es\/index.php\/wp-json\/wp\/v2\/comments?post=7977"}],"wp:featuredmedia":[{"embeddable":true,"href":"https:\/\/rockkofertas.com.es\/index.php\/wp-json\/wp\/v2\/media\/7976"}],"wp:attachment":[{"href":"https:\/\/rockkofertas.com.es\/index.php\/wp-json\/wp\/v2\/media?parent=7977"}],"wp:term":[{"taxonomy":"product_cat","embeddable":true,"href":"https:\/\/rockkofertas.com.es\/index.php\/wp-json\/wp\/v2\/product_cat?post=7977"},{"taxonomy":"product_tag","embeddable":true,"href":"https:\/\/rockkofertas.com.es\/index.php\/wp-json\/wp\/v2\/product_tag?post=7977"}],"curies":[{"name":"wp","href":"https:\/\/api.w.org\/{rel}","templated":true}]}}