{"id":7973,"date":"2025-12-20T12:00:41","date_gmt":"2025-12-20T12:00:41","guid":{"rendered":"https:\/\/rockkofertas.com.es\/index.php\/producto\/b08ht1f32f\/"},"modified":"2025-12-20T12:00:41","modified_gmt":"2025-12-20T12:00:41","slug":"b08ht1f32f","status":"publish","type":"product","link":"https:\/\/rockkofertas.com.es\/index.php\/producto\/b08ht1f32f\/","title":{"rendered":"B08HT1F32F"},"content":{"rendered":"<p>&#8211; \u3010Conjunto Bufanda y Gorro y Guantes Mujer\u3011 Excelente acr\u00edlico y poli\u00e9ster. Un tama\u00f1o se adapta a diferentes formas de cabeza y tama\u00f1os de mano y es f\u00e1cil de usar o quitar. Tienen suficiente elasticidad y un ajuste ce\u00f1ido para que pueda estirar libremente y usar c\u00f3modamente.<br \/>\n&#8211; \u3010Gorro y Bufanda Mujer\u3011 dise\u00f1o de doble capa, el dise\u00f1o de la capa exterior lo hace transpirable, duradero y suave. El grueso forro polar le brinda comodidad y calidez sin sentir picaz\u00f3n en absoluto. Puede protegerte incluso en el invierno m\u00e1s fr\u00edo. Los pu\u00f1os del sombrero se pueden enrollar hacia arriba y hacia abajo para ajustar la cabeza y ajustarse bien.<br \/>\n&#8211; \u3010Guantes Tactiles Invierno\u3011 Materiales sensibles a la pantalla t\u00e1ctil de doble capa en 3 dedos (pulgar, \u00edndice y dedo medio), disfrute del uso de tel\u00e9fonos inteligentes, tabletas, SMS y conduzca en climas extremadamente fr\u00edos.<br \/>\n&#8211; \u3010Bufandas Largas Termicos\u3011 suaves, c\u00e1lidas, ligeras y transpirables. La bufanda larga tejida tiene buena elasticidad y rendimiento anti-pilling, por lo que puede expresar su estilo de diferentes formas. Muy adecuado para viajar o como regalo.<br \/>\n&#8211; \u3010Regalo Navidad Mujer\u3011 La artesan\u00eda de tejido precisa crea un dise\u00f1o hermoso y moderno que se puede combinar con la mayor\u00eda de las prendas formales e informales. Maravilloso para las mujeres que usan al esquiar, patinar, andar en trineo, acampar, conducir o practicar deportes de invierno al aire libre y en el uso diario. El paquete incluye: 1x gorro de invierno + 1 x guantes nieve + 1 x bufanda (conjunto 3 en 1).<\/p>\n","protected":false},"excerpt":{"rendered":"<p>Bequemer Laden Mujeres Invierno Gorro Termicos Guantes Tactiles Bufanda Larga Conjunto Regalo Mujer con Forro Polar<br \/>\n#Publicidad <span class=\"read-more\"><a class=\"more-link btn btn-transparent\" href=\"https:\/\/rockkofertas.com.es\/index.php\/producto\/b08ht1f32f\/\">Leer m\u00e1s&#8230;<\/a><\/span><\/p>\n","protected":false},"featured_media":7972,"comment_status":"open","ping_status":"closed","template":"","meta":[],"product_cat":[15],"product_tag":[],"class_list":{"0":"post-7973","1":"product","2":"type-product","3":"status-publish","4":"has-post-thumbnail","6":"product_cat-sin-categorizar","8":"first","9":"instock","10":"shipping-taxable","11":"product-type-external"},"_links":{"self":[{"href":"https:\/\/rockkofertas.com.es\/index.php\/wp-json\/wp\/v2\/product\/7973","targetHints":{"allow":["GET"]}}],"collection":[{"href":"https:\/\/rockkofertas.com.es\/index.php\/wp-json\/wp\/v2\/product"}],"about":[{"href":"https:\/\/rockkofertas.com.es\/index.php\/wp-json\/wp\/v2\/types\/product"}],"replies":[{"embeddable":true,"href":"https:\/\/rockkofertas.com.es\/index.php\/wp-json\/wp\/v2\/comments?post=7973"}],"wp:featuredmedia":[{"embeddable":true,"href":"https:\/\/rockkofertas.com.es\/index.php\/wp-json\/wp\/v2\/media\/7972"}],"wp:attachment":[{"href":"https:\/\/rockkofertas.com.es\/index.php\/wp-json\/wp\/v2\/media?parent=7973"}],"wp:term":[{"taxonomy":"product_cat","embeddable":true,"href":"https:\/\/rockkofertas.com.es\/index.php\/wp-json\/wp\/v2\/product_cat?post=7973"},{"taxonomy":"product_tag","embeddable":true,"href":"https:\/\/rockkofertas.com.es\/index.php\/wp-json\/wp\/v2\/product_tag?post=7973"}],"curies":[{"name":"wp","href":"https:\/\/api.w.org\/{rel}","templated":true}]}}