{"id":7971,"date":"2025-12-20T08:00:39","date_gmt":"2025-12-20T08:00:39","guid":{"rendered":"https:\/\/rockkofertas.com.es\/index.php\/producto\/b00au1ofyq\/"},"modified":"2025-12-20T08:00:39","modified_gmt":"2025-12-20T08:00:39","slug":"b00au1ofyq","status":"publish","type":"product","link":"https:\/\/rockkofertas.com.es\/index.php\/producto\/b00au1ofyq\/","title":{"rendered":"B00AU1OFYQ"},"content":{"rendered":"<p>&#8211; Dise\u00f1o de Spiderman: esta incre\u00edble patineta est\u00e1 decorada con el famoso superh\u00e9roe Marvel Spiderman.<br \/>\n&#8211; Dimensiones y caracter\u00edsticas: el monopat\u00edn mide 80 x 20 cm; la tabla est\u00e1 compuesta por 9 capas y tiene grip impreso a color.<br \/>\n&#8211; Ruedas de PVC &#8211; las ruedas est\u00e1n fabricadas en PVC para mayor comodidad y adherencia a la carretera; rodamientos abec 5<br \/>\n&#8211; Edad recomendada: este monopat\u00edn para ni\u00f1os se recomienda a partir de 5 a\u00f1os.<br \/>\n&#8211; IDEAL PARA REGALO &#8211; Compra este pat\u00edn de spiderman para regalar a tu peque\u00f1o ni\u00f1o\/ni\u00f1a ideal para navidad, cumplea\u00f1os o cualquier fiesta<br \/>\n&#8211; Monopat\u00edn de Spiderman fabricado en madera<br \/>\n&#8211; Cuenta con plataforma reforzada e impresi\u00f3n en ambos lados<br \/>\n&#8211; Est\u00e1 decorado con dibujos del hombre ara\u00f1a<\/p>\n","protected":false},"excerpt":{"rendered":"<p>Mondo Toys &#8211; Monopat\u00edn Spiderman &#8211; Ruedas de PVC &#8211; Tablero de 9 Capas &#8211; 80 x 20-18396<br \/>\n#Publicidad <span class=\"read-more\"><a class=\"more-link btn btn-transparent\" href=\"https:\/\/rockkofertas.com.es\/index.php\/producto\/b00au1ofyq\/\">Leer m\u00e1s&#8230;<\/a><\/span><\/p>\n","protected":false},"featured_media":7970,"comment_status":"open","ping_status":"closed","template":"","meta":[],"product_cat":[15],"product_tag":[],"class_list":{"0":"post-7971","1":"product","2":"type-product","3":"status-publish","4":"has-post-thumbnail","6":"product_cat-sin-categorizar","8":"first","9":"instock","10":"shipping-taxable","11":"product-type-external"},"_links":{"self":[{"href":"https:\/\/rockkofertas.com.es\/index.php\/wp-json\/wp\/v2\/product\/7971","targetHints":{"allow":["GET"]}}],"collection":[{"href":"https:\/\/rockkofertas.com.es\/index.php\/wp-json\/wp\/v2\/product"}],"about":[{"href":"https:\/\/rockkofertas.com.es\/index.php\/wp-json\/wp\/v2\/types\/product"}],"replies":[{"embeddable":true,"href":"https:\/\/rockkofertas.com.es\/index.php\/wp-json\/wp\/v2\/comments?post=7971"}],"wp:featuredmedia":[{"embeddable":true,"href":"https:\/\/rockkofertas.com.es\/index.php\/wp-json\/wp\/v2\/media\/7970"}],"wp:attachment":[{"href":"https:\/\/rockkofertas.com.es\/index.php\/wp-json\/wp\/v2\/media?parent=7971"}],"wp:term":[{"taxonomy":"product_cat","embeddable":true,"href":"https:\/\/rockkofertas.com.es\/index.php\/wp-json\/wp\/v2\/product_cat?post=7971"},{"taxonomy":"product_tag","embeddable":true,"href":"https:\/\/rockkofertas.com.es\/index.php\/wp-json\/wp\/v2\/product_tag?post=7971"}],"curies":[{"name":"wp","href":"https:\/\/api.w.org\/{rel}","templated":true}]}}