{"id":7955,"date":"2025-12-19T09:10:10","date_gmt":"2025-12-19T09:10:10","guid":{"rendered":"https:\/\/rockkofertas.com.es\/index.php\/producto\/b0c823npzy\/"},"modified":"2025-12-19T09:10:10","modified_gmt":"2025-12-19T09:10:10","slug":"b0c823npzy","status":"publish","type":"product","link":"https:\/\/rockkofertas.com.es\/index.php\/producto\/b0c823npzy\/","title":{"rendered":"B0C823NPZY"},"content":{"rendered":"<p>&#8211; \u3010SONIDO DE CALIDAD\u3011El altavoz activo de sobremesa Vulkkano T40 ARC cuenta con un woofer de 4&#8243; y doble tweeter de 1.25&#8243; que ofrecen 40W de potencia, para un sonido con cuerpo y equilibrio en cualquier g\u00e9nero musical para un rango de frecuencias de 40 Hz &#8211; 20 kHz.<br \/>\n&#8211; \u3010PERFECTO PARA EL HOGAR\u3011Este altavoz de estanter\u00eda destaca por sus m\u00faltiples opciones de conectividad. El Bluetooth 5.0 ofrece una conexi\u00f3n estable y sin interferencias para conectar todo tipo de dispositivos inal\u00e1mbricos. Tambi\u00e9n ofrece entrada de USB, RCA para conectarlo con tocadiscos u otros instrumentos, \u00d3ptica para usarlos como altavoces para la tv, salida AUX y HDMI ARC.<br \/>\n&#8211; \u3010CON\u00c9CTALO A LA TV\u3011Gracias a la entrada HDMI ARC podr\u00e1s conectarlos a la televisi\u00f3n de manera sencilla y usarlos c\u00f3modamente cambiando el volumen con el mando de la TV. Adem\u00e1s, si su woofer de 4&#8243; no es suficiente, tambi\u00e9n incorpora una Salida Subwoofer para poder a\u00f1adir graves m\u00e1s potentes. Por esta raz\u00f3n, el T40 ARC es una gran opci\u00f3n como un altavoz para la televisi\u00f3n.<br \/>\n&#8211; \u3010ELEGANTE Y COMPACTO\u3011Con un acabado marr\u00f3n y una construcci\u00f3n muy cuidada, este altavoz de sobremesa de VULKKANO encaja perfectamente en todo tipo de ambientes de la casa, a\u00f1adiendo estilo, car\u00e1cter y practicidad a cualquier espacio.<br \/>\n&#8211; \u3010GARANT\u00cdA DE SATISFACCI\u00d3N\u3011Vulkkano es una marca europea con sede en Espa\u00f1a. Con cada producto Vulkkano garantizamos la satisfacci\u00f3n del usuario. Adem\u00e1s, nuestro equipo de post-venta ofrecer\u00e1 un trato profesional para solucionar cualquier problema o duda que pueda surgir de manera r\u00e1pida y eficaz.<\/p>\n","protected":false},"excerpt":{"rendered":"<p>VULKKANO T40 ARC Altavoz activo con 40W de potencia, Woofer de 4&#8243; y doble tweeter de 1.25&#8243;, HDMI ARC, Bluetooth 5.0, RCA, USB, Salida AUX y Subwoofer, Para la TV, la mesa o la estanter\u00eda, Color Marr\u00f3n<br \/>#Publicidad <span class=\"read-more\"><a class=\"more-link btn btn-transparent\" href=\"https:\/\/rockkofertas.com.es\/index.php\/producto\/b0c823npzy\/\">Leer m\u00e1s&#8230;<\/a><\/span><\/p>\n","protected":false},"featured_media":7954,"comment_status":"open","ping_status":"closed","template":"","meta":[],"product_cat":[15],"product_tag":[],"class_list":{"0":"post-7955","1":"product","2":"type-product","3":"status-publish","4":"has-post-thumbnail","6":"product_cat-sin-categorizar","8":"first","9":"instock","10":"shipping-taxable","11":"product-type-external"},"_links":{"self":[{"href":"https:\/\/rockkofertas.com.es\/index.php\/wp-json\/wp\/v2\/product\/7955","targetHints":{"allow":["GET"]}}],"collection":[{"href":"https:\/\/rockkofertas.com.es\/index.php\/wp-json\/wp\/v2\/product"}],"about":[{"href":"https:\/\/rockkofertas.com.es\/index.php\/wp-json\/wp\/v2\/types\/product"}],"replies":[{"embeddable":true,"href":"https:\/\/rockkofertas.com.es\/index.php\/wp-json\/wp\/v2\/comments?post=7955"}],"wp:featuredmedia":[{"embeddable":true,"href":"https:\/\/rockkofertas.com.es\/index.php\/wp-json\/wp\/v2\/media\/7954"}],"wp:attachment":[{"href":"https:\/\/rockkofertas.com.es\/index.php\/wp-json\/wp\/v2\/media?parent=7955"}],"wp:term":[{"taxonomy":"product_cat","embeddable":true,"href":"https:\/\/rockkofertas.com.es\/index.php\/wp-json\/wp\/v2\/product_cat?post=7955"},{"taxonomy":"product_tag","embeddable":true,"href":"https:\/\/rockkofertas.com.es\/index.php\/wp-json\/wp\/v2\/product_tag?post=7955"}],"curies":[{"name":"wp","href":"https:\/\/api.w.org\/{rel}","templated":true}]}}