{"id":7921,"date":"2025-12-18T12:00:50","date_gmt":"2025-12-18T12:00:50","guid":{"rendered":"https:\/\/rockkofertas.com.es\/index.php\/producto\/b0cz38b8g2\/"},"modified":"2025-12-18T12:00:50","modified_gmt":"2025-12-18T12:00:50","slug":"b0cz38b8g2","status":"publish","type":"product","link":"https:\/\/rockkofertas.com.es\/index.php\/producto\/b0cz38b8g2\/","title":{"rendered":"B0CZ38B8G2"},"content":{"rendered":"<p>&#8211; Caracter\u00edsticas del traje navide\u00f1o Deluxe: \u00a1Qu\u00e9 maravilloso traje de Pap\u00e1 Noel! Hay ribetes de cinta de brocado dorado opulento en los trabillas, mu\u00f1ecas, dobladillo y solapa, lo que hace que el traje de Pap\u00e1 Noel parezca m\u00e1s lujoso. Un cautivador hebilla ovalada dorada del cintur\u00f3n con un hermoso patr\u00f3n de palabras de Pap\u00e1 Noel en relieve. Pelo falso grueso en el cuello, mu\u00f1ecas y dobladillo. El dise\u00f1o especial te hace destacar entre todos los trajes de Pap\u00e1 Noel<br \/>\n&#8211; Traje profesional de Pap\u00e1 Noel: Nuestro traje de Pap\u00e1 Noel para hombres est\u00e1 hecho de fieltro de alta calidad, que es suave, amigable con la piel y tiene buena retenci\u00f3n de calor, muy c\u00f3modo de usar. Pelo falso blanco que proporciona una textura lujosa y esponjosa, no se cae f\u00e1cilmente y te mantiene abrigado tanto en el fr\u00edo invierno como a finales del oto\u00f1o. V\u00edstete como Pap\u00e1 Noel y sorprende a todos a tu alrededor en esta Navidad inolvidable<br \/>\n&#8211; Juego de disfraz de 11 piezas: Incluye todo lo que necesitas para ser Pap\u00e1 Noel. Este disfraz de Pap\u00e1 Noel para hombres incluye un sombrero cl\u00e1sico, peluca y barba suaves y realistas, abrigo con botones con motivos dorados y cinta de brocado dorado opulento, pantalones, cintur\u00f3n ajustable, guantes blancos, cubiertas de zapatos de falso cuero con borde de peluche, gafas, Gran Campana de Navidad y bolsa de regalo roja con impresi\u00f3n \u00abFeliz Navidad\u00bb<br \/>\n&#8211; Tama\u00f1os m\u00faltiples disponibles: Nuestro traje de Pap\u00e1 Noel para hombres est\u00e1 disponible en seis tama\u00f1os, desde S hasta 3XL, que satisfacen todas las necesidades de personas de diferentes formas corporales. Cree recuerdos preciosos con sus hijos juntos. Consulte nuestra tabla de tallas en las im\u00e1genes antes de comprar. Permita una peque\u00f1a diferencia de color debido a diferentes c\u00e1maras o ambientes de luz. Consejo de lavado: solo lavado a mano<br \/>\n&#8211; Ocasiones de uso: Muy adecuado para Navidad, Halloween, vacaciones, Navidad (Xmas), A\u00f1o Nuevo, fiestas, m\u00edtines, reuniones, desfiles, espect\u00e1culos, celebraciones, bodas, eventos en centros comerciales y tiendas, fotograf\u00eda y diversas actividades navide\u00f1as al aire libre e interiores. Visti\u00e9ndose con nuestro traje de Pap\u00e1 Noel deluxe para adultos hombres puede crear experiencias m\u00e1gicas para todos los que encuentres, difundiendo alegr\u00eda y esp\u00edritu festivo durante toda la temporada navide\u00f1a<\/p>\n","protected":false},"excerpt":{"rendered":"<p>Boveco Juego de Disfraz de Pap\u00e1 Noel Deluxe para Hombres 11 Pcs Traje Terciopelo Navidad y Vacaciones Cosplay M<br \/>\n#Publicidad <span class=\"read-more\"><a class=\"more-link btn btn-transparent\" href=\"https:\/\/rockkofertas.com.es\/index.php\/producto\/b0cz38b8g2\/\">Leer m\u00e1s&#8230;<\/a><\/span><\/p>\n","protected":false},"featured_media":7920,"comment_status":"open","ping_status":"closed","template":"","meta":[],"product_cat":[15],"product_tag":[],"class_list":{"0":"post-7921","1":"product","2":"type-product","3":"status-publish","4":"has-post-thumbnail","6":"product_cat-sin-categorizar","8":"first","9":"instock","10":"shipping-taxable","11":"product-type-external"},"_links":{"self":[{"href":"https:\/\/rockkofertas.com.es\/index.php\/wp-json\/wp\/v2\/product\/7921","targetHints":{"allow":["GET"]}}],"collection":[{"href":"https:\/\/rockkofertas.com.es\/index.php\/wp-json\/wp\/v2\/product"}],"about":[{"href":"https:\/\/rockkofertas.com.es\/index.php\/wp-json\/wp\/v2\/types\/product"}],"replies":[{"embeddable":true,"href":"https:\/\/rockkofertas.com.es\/index.php\/wp-json\/wp\/v2\/comments?post=7921"}],"wp:featuredmedia":[{"embeddable":true,"href":"https:\/\/rockkofertas.com.es\/index.php\/wp-json\/wp\/v2\/media\/7920"}],"wp:attachment":[{"href":"https:\/\/rockkofertas.com.es\/index.php\/wp-json\/wp\/v2\/media?parent=7921"}],"wp:term":[{"taxonomy":"product_cat","embeddable":true,"href":"https:\/\/rockkofertas.com.es\/index.php\/wp-json\/wp\/v2\/product_cat?post=7921"},{"taxonomy":"product_tag","embeddable":true,"href":"https:\/\/rockkofertas.com.es\/index.php\/wp-json\/wp\/v2\/product_tag?post=7921"}],"curies":[{"name":"wp","href":"https:\/\/api.w.org\/{rel}","templated":true}]}}