{"id":7919,"date":"2025-12-18T08:00:43","date_gmt":"2025-12-18T08:00:43","guid":{"rendered":"https:\/\/rockkofertas.com.es\/index.php\/producto\/b09yrszg3c\/"},"modified":"2025-12-18T08:00:43","modified_gmt":"2025-12-18T08:00:43","slug":"b09yrszg3c","status":"publish","type":"product","link":"https:\/\/rockkofertas.com.es\/index.php\/producto\/b09yrszg3c\/","title":{"rendered":"B09YRSZG3C"},"content":{"rendered":"<p>&#8211; \ud83e\uddc4 COCINA LIMPIA Y ORDENADA: Nuestro especiero Edihome (especias no incluidas) mantiene frescas y en orden todas tus especias para que tu cocina sea un sitio limpio y de f\u00e1cil uso. Su dise\u00f1o compacto hace que puedas colocarlo en cualquier parte de la cocina.<br \/>\n&#8211; \ud83c\udd97 MATERIAL DE CALIDAD: Est\u00e1 fabricado en aluminio cepillado lo cual hace que sea inoxidable aportandole una mayor durabilidad. Los frascos son de cristal lo cual hace que sean resistentes, con tapa de pl\u00e1stico totalmente herm\u00e9tica.<br \/>\n&#8211; \ud83c\udf74 ACCESO C\u00d3MODO Y PR\u00c1CTICO: Este organizador de especias es sencillo de utilizar y limpiar gracias a su giro 360\u00ba, permite visualizar todos los condimentos que puedes utilizar. Su ancha base hace que no se caiga y sea estable.<br \/>\n&#8211; \ud83e\uddc2 CONTENIDO: Incluye 1 especiero de alta calidad giratorio, 16 frascos de cristal con tapa de pl\u00e1stico, cada frasco tiene su tapa de tamiz incorporada (extraible para una mayor limpieza), 32 pegatinas para incluir el nombre de la especia y un bol\u00edgrafo.<br \/>\n&#8211; \u2611\ufe0f TOTAL GARANT\u00cdA: no se preocupe, los productos edihome disponen de garant\u00eda europea, si tiene alg\u00fan problema antes o despu\u00e9s de realizar el pedido, no dude en hac\u00e9rnoslo saber.<\/p>\n","protected":false},"excerpt":{"rendered":"<p>edihome, Especieros para Cocina, 16 Botes Especias, con Tapas y dosificadores individuales, Organizador, Giratorio, 360\u00ba, con Etiquetas para los Frascos<br \/>\n#Publicidad <span class=\"read-more\"><a class=\"more-link btn btn-transparent\" href=\"https:\/\/rockkofertas.com.es\/index.php\/producto\/b09yrszg3c\/\">Leer m\u00e1s&#8230;<\/a><\/span><\/p>\n","protected":false},"featured_media":7918,"comment_status":"open","ping_status":"closed","template":"","meta":[],"product_cat":[15],"product_tag":[],"class_list":{"0":"post-7919","1":"product","2":"type-product","3":"status-publish","4":"has-post-thumbnail","6":"product_cat-sin-categorizar","8":"first","9":"instock","10":"shipping-taxable","11":"product-type-external"},"_links":{"self":[{"href":"https:\/\/rockkofertas.com.es\/index.php\/wp-json\/wp\/v2\/product\/7919","targetHints":{"allow":["GET"]}}],"collection":[{"href":"https:\/\/rockkofertas.com.es\/index.php\/wp-json\/wp\/v2\/product"}],"about":[{"href":"https:\/\/rockkofertas.com.es\/index.php\/wp-json\/wp\/v2\/types\/product"}],"replies":[{"embeddable":true,"href":"https:\/\/rockkofertas.com.es\/index.php\/wp-json\/wp\/v2\/comments?post=7919"}],"wp:featuredmedia":[{"embeddable":true,"href":"https:\/\/rockkofertas.com.es\/index.php\/wp-json\/wp\/v2\/media\/7918"}],"wp:attachment":[{"href":"https:\/\/rockkofertas.com.es\/index.php\/wp-json\/wp\/v2\/media?parent=7919"}],"wp:term":[{"taxonomy":"product_cat","embeddable":true,"href":"https:\/\/rockkofertas.com.es\/index.php\/wp-json\/wp\/v2\/product_cat?post=7919"},{"taxonomy":"product_tag","embeddable":true,"href":"https:\/\/rockkofertas.com.es\/index.php\/wp-json\/wp\/v2\/product_tag?post=7919"}],"curies":[{"name":"wp","href":"https:\/\/api.w.org\/{rel}","templated":true}]}}