{"id":7907,"date":"2025-12-17T17:22:34","date_gmt":"2025-12-17T17:22:34","guid":{"rendered":"https:\/\/rockkofertas.com.es\/index.php\/producto\/b0ff4g79vz\/"},"modified":"2025-12-17T17:22:34","modified_gmt":"2025-12-17T17:22:34","slug":"b0ff4g79vz","status":"publish","type":"product","link":"https:\/\/rockkofertas.com.es\/index.php\/producto\/b0ff4g79vz\/","title":{"rendered":"B0FF4G79VZ"},"content":{"rendered":"<p>&#8211; \ud83d\udd04Excelente Potencia de Succi\u00f3n: Con una potencia de succi\u00f3n de 5600 Pa, el robot limpiador de ventanas siempre puede sujetar las ventanas con firmeza. Puede eliminar diferentes tipos de suciedad. Ahorre en los altos costos de la limpieza manual de ventanas. Nuestros robots limpiacristales autom\u00e1ticos tienen una gran capacidad de carga y garantizan un agarre seguro durante el proceso de limpieza. El robot de apertura de ventanas se puede utilizar en todas las superficies lisas como vidrio, azulejos e incluso puertas de madera.<br \/>\n&#8211; \u26a1M\u00e1ximo Est\u00e1ndar de Seguridad: Bater\u00eda de iones de litio incorporada de 500 mAh. En caso de un corte de energ\u00eda inesperado, puede seguir funcionando durante 20 minutos gracias a la bater\u00eda incorporada y est\u00e1 fijado de forma segura a la ventana. El robot limpiacristales autom\u00e1tico est\u00e1 equipado con una cuerda de seguridad de alta calidad para evitar ca\u00eddas accidentales. Las m\u00faltiples protecciones del robot limpiacristales garantizan la seguridad durante la limpieza de ventanas en plantas altas.<br \/>\n&#8211; \ud83e\udde0Tecnolog\u00eda de Detecci\u00f3n de Bordes Inteligente: Con nuestra avanzada tecnolog\u00eda de inteligencia artificial, el robot puede detectar autom\u00e1ticamente los marcos de las ventanas y los obst\u00e1culos. Calcula y planifica autom\u00e1ticamente la ruta de limpieza m\u00e1s eficiente, para que no tengas que preocuparte por subir escaleras peligrosas o limpiar ventanas altas y dif\u00edciles de alcanzar.<br \/>\n&#8211; \ud83d\udebf3 Modos de Limpieza: Nuestro robot limpiador de ventanas autom\u00e1tico ofrece una planificaci\u00f3n de ruta inteligente y 3 modos de limpieza autom\u00e1ticos. Adem\u00e1s, tambi\u00e9n puedes utilizar el control remoto para el control manual. Con una velocidad de limpieza de hasta 1 m2\/4 min y un nivel de ruido de limpieza de solo 65 dB, puede realizar el trabajo de manera eficiente y silenciosa.<br \/>\n&#8211; \ud83d\udce6Recibir\u00e1s: Un robot limpiacristales, un mando a distancia, una botella pulverizadora, pa\u00f1o de limpieza*10, anillo de limpieza*4, un adaptador de corriente, un juego de cuerdas de seguridad, un cable de alimentaci\u00f3n y muchos accesorios para ayudarte a limpiar las ventanas.<\/p>\n","protected":false},"excerpt":{"rendered":"<p>Robot Limpiacristales, 5600pa Limpia Cristales Electrico Ventanas, 3 Modos Limpieza, Navegaci\u00f3n Inteligente, Mando a Distancia y 10 Pa\u00f1os, Limpiacristales Electrico para Ventanas, Espejos y Azulejos<br \/>#Publicidad <span class=\"read-more\"><a class=\"more-link btn btn-transparent\" href=\"https:\/\/rockkofertas.com.es\/index.php\/producto\/b0ff4g79vz\/\">Leer m\u00e1s&#8230;<\/a><\/span><\/p>\n","protected":false},"featured_media":7906,"comment_status":"open","ping_status":"closed","template":"","meta":[],"product_cat":[15],"product_tag":[],"class_list":{"0":"post-7907","1":"product","2":"type-product","3":"status-publish","4":"has-post-thumbnail","6":"product_cat-sin-categorizar","8":"first","9":"instock","10":"shipping-taxable","11":"product-type-external"},"_links":{"self":[{"href":"https:\/\/rockkofertas.com.es\/index.php\/wp-json\/wp\/v2\/product\/7907","targetHints":{"allow":["GET"]}}],"collection":[{"href":"https:\/\/rockkofertas.com.es\/index.php\/wp-json\/wp\/v2\/product"}],"about":[{"href":"https:\/\/rockkofertas.com.es\/index.php\/wp-json\/wp\/v2\/types\/product"}],"replies":[{"embeddable":true,"href":"https:\/\/rockkofertas.com.es\/index.php\/wp-json\/wp\/v2\/comments?post=7907"}],"wp:featuredmedia":[{"embeddable":true,"href":"https:\/\/rockkofertas.com.es\/index.php\/wp-json\/wp\/v2\/media\/7906"}],"wp:attachment":[{"href":"https:\/\/rockkofertas.com.es\/index.php\/wp-json\/wp\/v2\/media?parent=7907"}],"wp:term":[{"taxonomy":"product_cat","embeddable":true,"href":"https:\/\/rockkofertas.com.es\/index.php\/wp-json\/wp\/v2\/product_cat?post=7907"},{"taxonomy":"product_tag","embeddable":true,"href":"https:\/\/rockkofertas.com.es\/index.php\/wp-json\/wp\/v2\/product_tag?post=7907"}],"curies":[{"name":"wp","href":"https:\/\/api.w.org\/{rel}","templated":true}]}}