{"id":7905,"date":"2025-12-17T16:00:54","date_gmt":"2025-12-17T16:00:54","guid":{"rendered":"https:\/\/rockkofertas.com.es\/index.php\/producto\/b099ns42mh\/"},"modified":"2025-12-17T16:00:54","modified_gmt":"2025-12-17T16:00:54","slug":"b099ns42mh","status":"publish","type":"product","link":"https:\/\/rockkofertas.com.es\/index.php\/producto\/b099ns42mh\/","title":{"rendered":"B099NS42MH"},"content":{"rendered":"<p>&#8211; Mesa de despacho modelo Estil con buc de 3 cajones. La mesa de oficina presenta una estructura muy robusta y s\u00f3lida, gracias a sus patas continuas y un tablero central que va de lado a lado de la mesa para darle m\u00e1s estabilidad. Incluye tiradores met\u00e1licos y patas en ABS para la cajonera. La mesa no es reversible, el buc siempre va montado a la derecha.<br \/>\n&#8211; Medida Mueble: 74 cm (alto) x 136 cm (ancho) x 67 cm (prof.). Capacidad caj\u00f3n: 10 cm (alto) x 39 cm (ancho) x 35 cm (prof.) Peso m\u00e1ximo soportado por caj\u00f3n 5 Kg. Peso m\u00e1ximo soportado por mueble 25 Kg.<br \/>\n&#8211; Fabricado con tablero de part\u00edculas melaminizado de gran calidad y de larga durabilidad. Certificado por PEFC (Asociaci\u00f3n Espa\u00f1ola para la Sostenibilidad Forestal). Fabricado en Espa\u00f1a.<br \/>\n&#8211; Este tipo de material tiene una superficie no porosa y muy resistente; por lo tanto, es un mueble f\u00e1cil y r\u00e1pido de limpiar con un pa\u00f1o h\u00famedo.<br \/>\n&#8211; Requiere montaje (incluye instrucciones y herrajes).<\/p>\n","protected":false},"excerpt":{"rendered":"<p>Habitdesign Mesa de Despacho con 3 Cajones, Mesa de Oficina o Estudio, Modelo Stil, Acabado en Gris Antracita y Roble Alaska, Medidas: 136 cm (Ancho) x 67 cm (Fondo) x 74 cm (Alto)<br \/>\n#Publicidad <span class=\"read-more\"><a class=\"more-link btn btn-transparent\" href=\"https:\/\/rockkofertas.com.es\/index.php\/producto\/b099ns42mh\/\">Leer m\u00e1s&#8230;<\/a><\/span><\/p>\n","protected":false},"featured_media":7904,"comment_status":"open","ping_status":"closed","template":"","meta":[],"product_cat":[15],"product_tag":[],"class_list":{"0":"post-7905","1":"product","2":"type-product","3":"status-publish","4":"has-post-thumbnail","6":"product_cat-sin-categorizar","8":"first","9":"instock","10":"shipping-taxable","11":"product-type-external"},"_links":{"self":[{"href":"https:\/\/rockkofertas.com.es\/index.php\/wp-json\/wp\/v2\/product\/7905","targetHints":{"allow":["GET"]}}],"collection":[{"href":"https:\/\/rockkofertas.com.es\/index.php\/wp-json\/wp\/v2\/product"}],"about":[{"href":"https:\/\/rockkofertas.com.es\/index.php\/wp-json\/wp\/v2\/types\/product"}],"replies":[{"embeddable":true,"href":"https:\/\/rockkofertas.com.es\/index.php\/wp-json\/wp\/v2\/comments?post=7905"}],"wp:featuredmedia":[{"embeddable":true,"href":"https:\/\/rockkofertas.com.es\/index.php\/wp-json\/wp\/v2\/media\/7904"}],"wp:attachment":[{"href":"https:\/\/rockkofertas.com.es\/index.php\/wp-json\/wp\/v2\/media?parent=7905"}],"wp:term":[{"taxonomy":"product_cat","embeddable":true,"href":"https:\/\/rockkofertas.com.es\/index.php\/wp-json\/wp\/v2\/product_cat?post=7905"},{"taxonomy":"product_tag","embeddable":true,"href":"https:\/\/rockkofertas.com.es\/index.php\/wp-json\/wp\/v2\/product_tag?post=7905"}],"curies":[{"name":"wp","href":"https:\/\/api.w.org\/{rel}","templated":true}]}}