{"id":7871,"date":"2025-12-16T12:00:53","date_gmt":"2025-12-16T12:00:53","guid":{"rendered":"https:\/\/rockkofertas.com.es\/index.php\/producto\/b0bx35hdmy\/"},"modified":"2025-12-16T12:00:53","modified_gmt":"2025-12-16T12:00:53","slug":"b0bx35hdmy","status":"publish","type":"product","link":"https:\/\/rockkofertas.com.es\/index.php\/producto\/b0bx35hdmy\/","title":{"rendered":"B0BX35HDMY"},"content":{"rendered":"<p>&#8211; \u3010Tama\u00f1o y Cantidad\u3011Mide 140 cm de anchura x 225 cm de altura. Un paquete de 2 piezas. Debido al corte y costura manual, el producto real puede tener un error de 1-2cm.<br \/>\n&#8211; \u3010Material \u00danico\u3011 Esta cortina decorativa est\u00e1 hecha de lino y poli\u00e9ster. La semitransparencia permite la circulaci\u00f3n del aire y una buena iluminaci\u00f3n, pero sigue ofreciendo el espacio personal.<br \/>\n&#8211; \u3010Dise\u00f1o Comtempor\u00e1neo\u3011Es fac\u00edl instalar y quitar por su dise\u00f1o sencillo. Estas cortinas son multifuncionales, no solo una hermosa decoraci\u00f3n de sala, sino tambi\u00e9n un separador entre nuestra habitaci\u00f3n.<br \/>\n&#8211; \u3010Usos Amplios\u3011 Son adecuados para diferentes lugares, especialmente en habitaci\u00f3n, sal\u00f3n, oficina, dormitorio, etc. Debido a la diferencia de la iluminaci\u00f3n y el \u00e1ngulo, el color puede ser un poco diferente de la imagen.<br \/>\n&#8211; \u3010Instrucciones de lavado\u3011 F\u00e1cil de limpiezar. Adecuado lavar a mano o a m\u00e1quina en agua fr\u00edo. Planchar o limpieza en seco a baja temperatura. No usar lej\u00eda.<\/p>\n","protected":false},"excerpt":{"rendered":"<p>Woaboy Cortinas Lino con Cinta Fruncidora Visillos Dormitorio Ventana Transl\u00facido Cortinas Modernas para Sal\u00f3n Habitaci\u00f3n 2 Piezas 140x225cm Blanco Blanqueado<br \/>\n#Publicidad <span class=\"read-more\"><a class=\"more-link btn btn-transparent\" href=\"https:\/\/rockkofertas.com.es\/index.php\/producto\/b0bx35hdmy\/\">Leer m\u00e1s&#8230;<\/a><\/span><\/p>\n","protected":false},"featured_media":7870,"comment_status":"open","ping_status":"closed","template":"","meta":[],"product_cat":[15],"product_tag":[],"class_list":{"0":"post-7871","1":"product","2":"type-product","3":"status-publish","4":"has-post-thumbnail","6":"product_cat-sin-categorizar","8":"first","9":"instock","10":"shipping-taxable","11":"product-type-external"},"_links":{"self":[{"href":"https:\/\/rockkofertas.com.es\/index.php\/wp-json\/wp\/v2\/product\/7871","targetHints":{"allow":["GET"]}}],"collection":[{"href":"https:\/\/rockkofertas.com.es\/index.php\/wp-json\/wp\/v2\/product"}],"about":[{"href":"https:\/\/rockkofertas.com.es\/index.php\/wp-json\/wp\/v2\/types\/product"}],"replies":[{"embeddable":true,"href":"https:\/\/rockkofertas.com.es\/index.php\/wp-json\/wp\/v2\/comments?post=7871"}],"wp:featuredmedia":[{"embeddable":true,"href":"https:\/\/rockkofertas.com.es\/index.php\/wp-json\/wp\/v2\/media\/7870"}],"wp:attachment":[{"href":"https:\/\/rockkofertas.com.es\/index.php\/wp-json\/wp\/v2\/media?parent=7871"}],"wp:term":[{"taxonomy":"product_cat","embeddable":true,"href":"https:\/\/rockkofertas.com.es\/index.php\/wp-json\/wp\/v2\/product_cat?post=7871"},{"taxonomy":"product_tag","embeddable":true,"href":"https:\/\/rockkofertas.com.es\/index.php\/wp-json\/wp\/v2\/product_tag?post=7871"}],"curies":[{"name":"wp","href":"https:\/\/api.w.org\/{rel}","templated":true}]}}