{"id":7847,"date":"2025-12-15T20:00:43","date_gmt":"2025-12-15T20:00:43","guid":{"rendered":"https:\/\/rockkofertas.com.es\/index.php\/producto\/b0cxx6z77w\/"},"modified":"2025-12-15T20:00:43","modified_gmt":"2025-12-15T20:00:43","slug":"b0cxx6z77w","status":"publish","type":"product","link":"https:\/\/rockkofertas.com.es\/index.php\/producto\/b0cxx6z77w\/","title":{"rendered":"B0CXX6Z77W"},"content":{"rendered":"<p>&#8211; Delgada y liviana \u2013 la cartera mide 10 x 7 x 2,1 cm, con un tarjetero r\u00edgido y 2 ranuras para tarjetas est\u00e1ndar, 1 compartimento para billetes, 1 bolsillo para monedas y 1 ventana para identificaci\u00f3n, puede contener hasta 8 tarjetas, delgada y liviana dise\u00f1o hace que esta billetera para hombre sea f\u00e1cil de llevar. \u00a1Adecuado para viajes, compras, negocios, citas y otras ocasiones!<br \/>\n&#8211; Acceso r\u00e1pido emergente \u2013 Esta cartera est\u00e1 dise\u00f1ada en Bifold y cuenta con un tarjetero de metal con un mecanismo emergente de acceso r\u00e1pido. Al deslizar el bot\u00f3n en el lado derecho de las carteras compactas, todas las tarjetas aparecer\u00e1n de forma autom\u00e1tica y ordenada. \u00a1Pr\u00e1ctico para el uso diario!<br \/>\n&#8211; Protecci\u00f3n RFID\/NFC \u2013 la carcasa de aluminio integrada protege sus tarjetas de comunicaciones inal\u00e1mbricas no deseadas y protege su informaci\u00f3n privada y sus tarjetas de cr\u00e9dito de los ladrones. Los tarjeteros est\u00e1n dise\u00f1ados para bloquear la banda de frecuencia de 13,56 MHz, impidiendo la entrada de esc\u00e1neres RFID. Con esta cartera para hombre, su informaci\u00f3n personal y financiera est\u00e1 segura.<br \/>\n&#8211; Material de alta calidad \u2013 El tarjetero est\u00e1 hecho de cuero de fibra de carbono artificial de alta calidad, el producto es suave y c\u00f3modo y presenta una excelente resistencia al agua y al desgaste. Los productos de alto rendimiento resisten la prueba del tiempo.<br \/>\n&#8211; Embalaje en Caja de Regalo \u2013 Te ofrecemos hermosas cajas de regalo con una postal para que escribas tus mejores deseos. Se puede utilizar como regalo sorpresa para hombres, como el D\u00eda del Padre, Navidad, cumplea\u00f1os, aniversario.Esperamos que te gusten nuestros productos. Si tiene alguna pregunta o problema, h\u00e1ganoslo saber. \u00a1Le proporcionaremos una soluci\u00f3n lo antes posible!<\/p>\n","protected":false},"excerpt":{"rendered":"<p>TENBST Cartera Tarjetero con Bloqueo RFID, Autom\u00e1tica Pop Up Cartera de Cuero, 8 Ranuras para Tarjetas, Tarjetero Hombre para Cr\u00e9dito, Billetes y Monedas con Caja de Regalo (Marr\u00f3n)<br \/>\n#Publicidad <span class=\"read-more\"><a class=\"more-link btn btn-transparent\" href=\"https:\/\/rockkofertas.com.es\/index.php\/producto\/b0cxx6z77w\/\">Leer m\u00e1s&#8230;<\/a><\/span><\/p>\n","protected":false},"featured_media":7846,"comment_status":"open","ping_status":"closed","template":"","meta":[],"product_cat":[15],"product_tag":[],"class_list":{"0":"post-7847","1":"product","2":"type-product","3":"status-publish","4":"has-post-thumbnail","6":"product_cat-sin-categorizar","8":"first","9":"instock","10":"shipping-taxable","11":"product-type-external"},"_links":{"self":[{"href":"https:\/\/rockkofertas.com.es\/index.php\/wp-json\/wp\/v2\/product\/7847","targetHints":{"allow":["GET"]}}],"collection":[{"href":"https:\/\/rockkofertas.com.es\/index.php\/wp-json\/wp\/v2\/product"}],"about":[{"href":"https:\/\/rockkofertas.com.es\/index.php\/wp-json\/wp\/v2\/types\/product"}],"replies":[{"embeddable":true,"href":"https:\/\/rockkofertas.com.es\/index.php\/wp-json\/wp\/v2\/comments?post=7847"}],"wp:featuredmedia":[{"embeddable":true,"href":"https:\/\/rockkofertas.com.es\/index.php\/wp-json\/wp\/v2\/media\/7846"}],"wp:attachment":[{"href":"https:\/\/rockkofertas.com.es\/index.php\/wp-json\/wp\/v2\/media?parent=7847"}],"wp:term":[{"taxonomy":"product_cat","embeddable":true,"href":"https:\/\/rockkofertas.com.es\/index.php\/wp-json\/wp\/v2\/product_cat?post=7847"},{"taxonomy":"product_tag","embeddable":true,"href":"https:\/\/rockkofertas.com.es\/index.php\/wp-json\/wp\/v2\/product_tag?post=7847"}],"curies":[{"name":"wp","href":"https:\/\/api.w.org\/{rel}","templated":true}]}}