{"id":7845,"date":"2025-12-15T19:51:13","date_gmt":"2025-12-15T19:51:13","guid":{"rendered":"https:\/\/rockkofertas.com.es\/index.php\/producto\/b0dyjhwbk7\/"},"modified":"2025-12-15T19:51:13","modified_gmt":"2025-12-15T19:51:13","slug":"b0dyjhwbk7","status":"publish","type":"product","link":"https:\/\/rockkofertas.com.es\/index.php\/producto\/b0dyjhwbk7\/","title":{"rendered":"B0DYJHWBK7"},"content":{"rendered":"<p>&#8211; \ud83c\udfae Miles de juegos cl\u00e1sicos en nuestra consola portatil retro \u2013 Disfruta de m\u00e1s de 20.000 juegos preinstalados y revive los t\u00edtulos m\u00e1s ic\u00f3nicos de las consolas retro m\u00e1s queridas. \u00a1Diversi\u00f3n sin l\u00edmites en la palma de tu mano!<br \/>\n&#8211; \ud83d\udd79\ufe0f Compatible con m\u00e1s de 30 sistemas retro \u2013 Experimenta la nostalgia con juegos de m\u00faltiples plataformas, desde aventuras \u00e9picas hasta cl\u00e1sicos de lucha, plataformas y arcade. Todo en un solo dispositivo port\u00e1til.<br \/>\n&#8211; \ud83d\udcfa Pantalla IPS HD de 3.5\u201d para una experiencia envolvente \u2013 Colores vivos, alto contraste y un \u00e1ngulo de visi\u00f3n amplio que garantiza una imagen n\u00edtida y fluida en cada partida.<br \/>\n&#8211; \ud83d\udd0b Bater\u00eda de larga duraci\u00f3n y dise\u00f1o ergon\u00f3mico \u2013 Juega durante horas sin interrupciones gracias a su bater\u00eda optimizada y su dise\u00f1o c\u00f3modo, ideal para largas sesiones de juego en cualquier lugar.<br \/>\n&#8211; \ud83c\udf81 Incluye funda de regalo para m\u00e1xima protecci\u00f3n \u2013 Lleva tu consola retro a todas partes con total seguridad. Su funda de transporte protege el dispositivo de golpes y ara\u00f1azos, manteni\u00e9ndolo siempre listo para jugar.<\/p>\n","protected":false},"excerpt":{"rendered":"<p>Consola Portatil Retro R36 Pro 2025 con m\u00e1s de 22.000 Juegos y 128 GB &#8211; Juegos de PSP, GameB, PS1, SuperNint, MegaD, NeoG, etc. +30 Emuladores -Pantalla HD IPS de 3.5&#8242; &#8211; Bateria 4000mah &#8211; Funda Regalo<br \/>#Publicidad <span class=\"read-more\"><a class=\"more-link btn btn-transparent\" href=\"https:\/\/rockkofertas.com.es\/index.php\/producto\/b0dyjhwbk7\/\">Leer m\u00e1s&#8230;<\/a><\/span><\/p>\n","protected":false},"featured_media":7844,"comment_status":"open","ping_status":"closed","template":"","meta":[],"product_cat":[15],"product_tag":[],"class_list":{"0":"post-7845","1":"product","2":"type-product","3":"status-publish","4":"has-post-thumbnail","6":"product_cat-sin-categorizar","8":"first","9":"instock","10":"shipping-taxable","11":"product-type-external"},"_links":{"self":[{"href":"https:\/\/rockkofertas.com.es\/index.php\/wp-json\/wp\/v2\/product\/7845","targetHints":{"allow":["GET"]}}],"collection":[{"href":"https:\/\/rockkofertas.com.es\/index.php\/wp-json\/wp\/v2\/product"}],"about":[{"href":"https:\/\/rockkofertas.com.es\/index.php\/wp-json\/wp\/v2\/types\/product"}],"replies":[{"embeddable":true,"href":"https:\/\/rockkofertas.com.es\/index.php\/wp-json\/wp\/v2\/comments?post=7845"}],"wp:featuredmedia":[{"embeddable":true,"href":"https:\/\/rockkofertas.com.es\/index.php\/wp-json\/wp\/v2\/media\/7844"}],"wp:attachment":[{"href":"https:\/\/rockkofertas.com.es\/index.php\/wp-json\/wp\/v2\/media?parent=7845"}],"wp:term":[{"taxonomy":"product_cat","embeddable":true,"href":"https:\/\/rockkofertas.com.es\/index.php\/wp-json\/wp\/v2\/product_cat?post=7845"},{"taxonomy":"product_tag","embeddable":true,"href":"https:\/\/rockkofertas.com.es\/index.php\/wp-json\/wp\/v2\/product_tag?post=7845"}],"curies":[{"name":"wp","href":"https:\/\/api.w.org\/{rel}","templated":true}]}}