{"id":7825,"date":"2025-12-14T21:33:12","date_gmt":"2025-12-14T21:33:12","guid":{"rendered":"https:\/\/rockkofertas.com.es\/index.php\/producto\/b0g11jmy4q-2\/"},"modified":"2025-12-14T21:33:12","modified_gmt":"2025-12-14T21:33:12","slug":"b0g11jmy4q-2","status":"publish","type":"product","link":"https:\/\/rockkofertas.com.es\/index.php\/producto\/b0g11jmy4q-2\/","title":{"rendered":"B0G11JMY4Q"},"content":{"rendered":"<p>&#8211; Crema Para Quitar Verrugas: Esta crema est\u00e1 formulada para su uso en las \u00e1reas de la piel afectadas por problemas comunes como las verrugas en las manos y las verrugas plantares en los pies.<br \/>\n&#8211; Ingredientes Seguros: Nuestros ingredientes naturales de crema anti-verrugas segura, penetraci\u00f3n eficaz de las verrugas de la piel, por lo que la piel para restaurar el estado de origen, Evitar la regeneraci\u00f3n.<br \/>\n&#8211; Uso Sencillo: 1) Limpie y seque la zona afectada. 2) Aplique el gel directamente sobre la verruga, no sobre otra piel. 3) \u00daselo a diario hasta que la verruga desaparezca.<br \/>\n&#8211; Cuidados Suaves y Considerables: Dise\u00f1ado para ser suave en la piel durante la aplicaci\u00f3n. Formulado para no ser irritante para un uso c\u00f3modo en las zonas afectadas.<br \/>\n&#8211; Amplia Aplicaci\u00f3n: Es apto para todo tipo de piel, incluyendo rostro, cuerpo y cuello. Puede usarse para eliminar verrugas, lunares, etc. Este producto satisface las necesidades de la mayor\u00eda de las personas.<\/p>\n","protected":false},"excerpt":{"rendered":"<p>Crema para Quita Verrugas 20g<br \/>#Publicidad <span class=\"read-more\"><a class=\"more-link btn btn-transparent\" href=\"https:\/\/rockkofertas.com.es\/index.php\/producto\/b0g11jmy4q-2\/\">Leer m\u00e1s&#8230;<\/a><\/span><\/p>\n","protected":false},"featured_media":7824,"comment_status":"open","ping_status":"closed","template":"","meta":[],"product_cat":[15],"product_tag":[],"class_list":{"0":"post-7825","1":"product","2":"type-product","3":"status-publish","4":"has-post-thumbnail","6":"product_cat-sin-categorizar","8":"first","9":"instock","10":"shipping-taxable","11":"product-type-external"},"_links":{"self":[{"href":"https:\/\/rockkofertas.com.es\/index.php\/wp-json\/wp\/v2\/product\/7825","targetHints":{"allow":["GET"]}}],"collection":[{"href":"https:\/\/rockkofertas.com.es\/index.php\/wp-json\/wp\/v2\/product"}],"about":[{"href":"https:\/\/rockkofertas.com.es\/index.php\/wp-json\/wp\/v2\/types\/product"}],"replies":[{"embeddable":true,"href":"https:\/\/rockkofertas.com.es\/index.php\/wp-json\/wp\/v2\/comments?post=7825"}],"wp:featuredmedia":[{"embeddable":true,"href":"https:\/\/rockkofertas.com.es\/index.php\/wp-json\/wp\/v2\/media\/7824"}],"wp:attachment":[{"href":"https:\/\/rockkofertas.com.es\/index.php\/wp-json\/wp\/v2\/media?parent=7825"}],"wp:term":[{"taxonomy":"product_cat","embeddable":true,"href":"https:\/\/rockkofertas.com.es\/index.php\/wp-json\/wp\/v2\/product_cat?post=7825"},{"taxonomy":"product_tag","embeddable":true,"href":"https:\/\/rockkofertas.com.es\/index.php\/wp-json\/wp\/v2\/product_tag?post=7825"}],"curies":[{"name":"wp","href":"https:\/\/api.w.org\/{rel}","templated":true}]}}