{"id":7807,"date":"2025-12-14T09:49:40","date_gmt":"2025-12-14T09:49:40","guid":{"rendered":"https:\/\/rockkofertas.com.es\/index.php\/producto\/b0fpqrxzdn\/"},"modified":"2025-12-14T09:49:40","modified_gmt":"2025-12-14T09:49:40","slug":"b0fpqrxzdn","status":"publish","type":"product","link":"https:\/\/rockkofertas.com.es\/index.php\/producto\/b0fpqrxzdn\/","title":{"rendered":"B0FPQRXZDN"},"content":{"rendered":"<p>&#8211; \u3010Vaporizador potente de 1200w y precalentamiento r\u00e1pido de 15s\u3011El mini vaporizador de ropa de alta presi\u00f3n mitdir tiene una potencia de hasta 1200 vatios, un tiempo de precalentamiento de menos de 15 segundos y puede alcanzar una temperatura constante de 320 \u00b0 F para un planchado r\u00e1pido y eficiente. El potente vapor puede penetrar profundamente en el tejido, ablandar las fibras y eliminar las arrugas de manera eficaz y r\u00e1pida.<br \/>\n&#8211; \u3010Vaporizador de 4 velocidades y 9 agujeros de vapor\u3011La m\u00e1quina de planchado Mitdir Steamer est\u00e1 dise\u00f1ada con 4 engranajes, 1 engranaje de planchado seco y 3 engranajes de vapor. El dise\u00f1o cuidadoso permite que el hierro sea adecuado para ropa de diferentes materiales, como seda, fibra, denim, lana y otros tejidos. Las 9 salidas de vapor pueden chorrar hasta 19g\/min. El potente efecto de vapor permite que el vapor pase r\u00e1pidamente a trav\u00e9s de la ropa y logre un efecto suavizante y de planchado.<br \/>\n&#8211; \u3010Plancha de vapor 2 en 1\u3011La vers\u00e1til plancha de vapor 2 en 1 de Mitdir satisface todas sus necesidades de planchado. Se puede utilizar como plancha tradicional y como plancha de vapor. Basta con enchufarlo, esperar a que se precalente y cuando el icono de planchado seco se encienda, presione el bot\u00f3n \u00abM\u00bb para cambiar entre los modos de planchado seco o vapor. Tambi\u00e9n puedes colgar plancha y plancha plana, y diferentes m\u00e9todos de planchado pueden hacer que tu ropa sea m\u00e1s plana.<br \/>\n&#8211; \u3010Detalles del dise\u00f1o: seguro y efectivo\u3011Mitdir irons are designed for family safety first, with temperature control and automatic power off in case you forget, and a safety base. We also designed a rounded tip to allow the iron to iron to the bottom of buttons and other parts. The extra-large water tank can iron 10-15 pieces of clothing. Every careful design hopes that the product can better serve every family.<br \/>\n&#8211; \u3010180 \u00b0 Vaporizador plegable y port\u00e1til\u3011MiTdir dise\u00f1\u00f3 esta plancha de vapor plegable y port\u00e1til para viajes. El vaporizador es peque\u00f1o en tama\u00f1o y pesa menos de 1 kg, lo que ahorra espacio y se puede llevar con usted. Utiliza un tanque de agua no desmontable y es totalmente lavable. El vaporizador es peque\u00f1o y ligero, elimina eficazmente las arrugas y no deja manchas de agua. Ya sea que est\u00e9s en un viaje de negocios o de viaje, puedes llevarlo contigo para mantener tu ropa tan nueva como nueva.<br \/>\n&#8211; \u3010\ud835\udde3\ud835\uddff\ud835\uddfc\ud835\uddf3\ud835\uddf2\ud835\ude00\ud835\ude00\ud835\uddf6\ud835\uddfc\ud835\uddfb\ud835\uddee\ud835\uddf9 \ud835\udde3\ud835\uddff\ud835\uddfc\ud835\uddf1\ud835\ude02\ud835\uddf0\ud835\ude01\ud835\ude00 &amp; \ud835\uddd6\ud835\ude02\ud835\ude00\ud835\ude01\ud835\uddfc\ud835\uddfa\ud835\uddf2\ud835\uddff \ud835\udde6\ud835\uddf2\ud835\uddff\ud835\ude03\ud835\uddf6\ud835\uddf0\ud835\uddf2\u3011Hierro de vapor Mitdir fabricado bajo estrictos est\u00e1ndares de calidad para dar a nuestros clientes las mejores experiencias. Es el mejor regalo para familias y amigos. 12 meses de servicio posventa y servicio al cliente amable, como en la respuesta de 48h.<\/p>\n","protected":false},"excerpt":{"rendered":"<p>MiTdir Plancha de Vapor Port\u00e1til 175x80mm Panel de esmalte de cer\u00e1mica Hierro LCD 220ml Tanque de agua 1200W y 15s Calentamiento r\u00e1pido Vaporizador de 4 velocidades Garment Steam Iron<br \/>#Publicidad <span class=\"read-more\"><a class=\"more-link btn btn-transparent\" href=\"https:\/\/rockkofertas.com.es\/index.php\/producto\/b0fpqrxzdn\/\">Leer m\u00e1s&#8230;<\/a><\/span><\/p>\n","protected":false},"featured_media":7806,"comment_status":"open","ping_status":"closed","template":"","meta":[],"product_cat":[15],"product_tag":[],"class_list":{"0":"post-7807","1":"product","2":"type-product","3":"status-publish","4":"has-post-thumbnail","6":"product_cat-sin-categorizar","8":"first","9":"instock","10":"shipping-taxable","11":"product-type-external"},"_links":{"self":[{"href":"https:\/\/rockkofertas.com.es\/index.php\/wp-json\/wp\/v2\/product\/7807","targetHints":{"allow":["GET"]}}],"collection":[{"href":"https:\/\/rockkofertas.com.es\/index.php\/wp-json\/wp\/v2\/product"}],"about":[{"href":"https:\/\/rockkofertas.com.es\/index.php\/wp-json\/wp\/v2\/types\/product"}],"replies":[{"embeddable":true,"href":"https:\/\/rockkofertas.com.es\/index.php\/wp-json\/wp\/v2\/comments?post=7807"}],"wp:featuredmedia":[{"embeddable":true,"href":"https:\/\/rockkofertas.com.es\/index.php\/wp-json\/wp\/v2\/media\/7806"}],"wp:attachment":[{"href":"https:\/\/rockkofertas.com.es\/index.php\/wp-json\/wp\/v2\/media?parent=7807"}],"wp:term":[{"taxonomy":"product_cat","embeddable":true,"href":"https:\/\/rockkofertas.com.es\/index.php\/wp-json\/wp\/v2\/product_cat?post=7807"},{"taxonomy":"product_tag","embeddable":true,"href":"https:\/\/rockkofertas.com.es\/index.php\/wp-json\/wp\/v2\/product_tag?post=7807"}],"curies":[{"name":"wp","href":"https:\/\/api.w.org\/{rel}","templated":true}]}}