{"id":7793,"date":"2025-12-13T10:10:56","date_gmt":"2025-12-13T10:10:56","guid":{"rendered":"https:\/\/rockkofertas.com.es\/index.php\/producto\/b0d992v4lk\/"},"modified":"2025-12-13T10:10:56","modified_gmt":"2025-12-13T10:10:56","slug":"b0d992v4lk","status":"publish","type":"product","link":"https:\/\/rockkofertas.com.es\/index.php\/producto\/b0d992v4lk\/","title":{"rendered":"B0D992V4LK"},"content":{"rendered":"<p>&#8211; RELOJ DE FICHAR ACTUALIZADO: No solo se actualiza la carcasa, sino tambi\u00e9n agreg\u00f3 la funci\u00f3n de fichar por d\u00eda cruzado. Adem\u00e1s, equipado con una pantalla a color TFT de 2,8 pulgadas, los datos son m\u00e1s claros de identificar y la interfaz de usuario y el m\u00e9todo de entrada T9 son m\u00e1s amigables para usuarios.<br \/>\n&#8211; M\u00c1QUINA DE ASISTENCIA BIOM\u00c9TRICA: La tecnolog\u00eda mejorada biom\u00e9trica de huellas dactilares permite un tiempo de reconocimiento inferior a 1 segundo, admite dedos secos y mojados. El procesador de 32 bits de doble n\u00facleo acelera el reconocimiento, ser\u00e1 m\u00e1s preciso y con menos errores.<br \/>\n&#8211; FICHAR EMPLEADOS: Genera autom\u00e1ticamente los formularios de Excel, sin necesidad de conexi\u00f3n a Internet ni descarga de software. Puede descargar y cargar el contenido de los empleados mediante la memoria USB, leer la asistencia de los empleados ser\u00e1 m\u00e1s f\u00e1cil. Admite hasta 1000 huellas dactilares y 100.000 registros.<br \/>\n&#8211; TRANSMISI\u00d3N DE VOZ HUMANA Y VARIOS IDIOMAS DISPONIBLES: Este terminal de fichaje viene con transmisi\u00f3n de voz humana, es compatible con varios idiomas, como chino simplificado\/tradicional, espa\u00f1ol, ingl\u00e9s, portugu\u00e9s y coreano. La operaci\u00f3n ser\u00e1 m\u00e1s humanizada y la experiencia de usuario ser\u00e1 mejor.<br \/>\n&#8211; AMPLIA APLICACI\u00d3N: Ya sea para f\u00e1brica, hotel, escuela, restaurante, tienda, almac\u00e9n, etc., esta m\u00e1quina de fichar le facilita el seguimiento de tiempo, reduciendo la carga de trabajo de administraci\u00f3n. Para cualquier problema sobre el producto, por ejemplo, solicitud de contrase\u00f1a de Excel, emisi\u00f3n de factura, etc., no dude en comunicarse con nosotros.<\/p>\n","protected":false},"excerpt":{"rendered":"<p>Aktivstar Maquina Asistencia Empleados de Fichar M\u00e1quina de Fichaje Biom\u00e9trica para Empleados con Huella Dactilar, RFID y Pin, Sistema en Espa\u00f1ol para Control de Horario Sin Cuotas Mensuales<br \/>#Publicidad <span class=\"read-more\"><a class=\"more-link btn btn-transparent\" href=\"https:\/\/rockkofertas.com.es\/index.php\/producto\/b0d992v4lk\/\">Leer m\u00e1s&#8230;<\/a><\/span><\/p>\n","protected":false},"featured_media":7792,"comment_status":"open","ping_status":"closed","template":"","meta":[],"product_cat":[15],"product_tag":[],"class_list":{"0":"post-7793","1":"product","2":"type-product","3":"status-publish","4":"has-post-thumbnail","6":"product_cat-sin-categorizar","8":"first","9":"instock","10":"shipping-taxable","11":"product-type-external"},"_links":{"self":[{"href":"https:\/\/rockkofertas.com.es\/index.php\/wp-json\/wp\/v2\/product\/7793","targetHints":{"allow":["GET"]}}],"collection":[{"href":"https:\/\/rockkofertas.com.es\/index.php\/wp-json\/wp\/v2\/product"}],"about":[{"href":"https:\/\/rockkofertas.com.es\/index.php\/wp-json\/wp\/v2\/types\/product"}],"replies":[{"embeddable":true,"href":"https:\/\/rockkofertas.com.es\/index.php\/wp-json\/wp\/v2\/comments?post=7793"}],"wp:featuredmedia":[{"embeddable":true,"href":"https:\/\/rockkofertas.com.es\/index.php\/wp-json\/wp\/v2\/media\/7792"}],"wp:attachment":[{"href":"https:\/\/rockkofertas.com.es\/index.php\/wp-json\/wp\/v2\/media?parent=7793"}],"wp:term":[{"taxonomy":"product_cat","embeddable":true,"href":"https:\/\/rockkofertas.com.es\/index.php\/wp-json\/wp\/v2\/product_cat?post=7793"},{"taxonomy":"product_tag","embeddable":true,"href":"https:\/\/rockkofertas.com.es\/index.php\/wp-json\/wp\/v2\/product_tag?post=7793"}],"curies":[{"name":"wp","href":"https:\/\/api.w.org\/{rel}","templated":true}]}}