{"id":7789,"date":"2025-12-13T08:00:44","date_gmt":"2025-12-13T08:00:44","guid":{"rendered":"https:\/\/rockkofertas.com.es\/index.php\/producto\/b089mfg14g\/"},"modified":"2025-12-13T08:00:44","modified_gmt":"2025-12-13T08:00:44","slug":"b089mfg14g","status":"publish","type":"product","link":"https:\/\/rockkofertas.com.es\/index.php\/producto\/b089mfg14g\/","title":{"rendered":"B089MFG14G"},"content":{"rendered":"<p>&#8211; Sentarse es m\u00e1s c\u00f3modo: su dise\u00f1o hueco evita el contacto directo con las sillas y proporciona un soporte \u00f3ptimo para las caderas y los muslos, haciendo que las largas sesiones sean m\u00e1s agradables.<br \/>\n&#8211; ESPUMA DE MEMORIA DE ALTA CALIDAD: La espuma de memoria premium conserva su forma incluso tras un uso prolongado, ofreciendo comodidad duradera en posici\u00f3n sentada.<br \/>\n&#8211; DISE\u00d1O ERGON\u00d3MICO: El coj\u00edn tipo donut de Emoobin, con su corte en forma de U en la parte trasera, se adapta naturalmente a los contornos del cuerpo y ofrece soporte donde m\u00e1s se necesita. Ideal para largas sesiones sentadas o momentos de sensibilidad.<br \/>\n&#8211; USO VERS\u00c1TIL: Nuestro coj\u00edn se adapta a la mayor\u00eda de las sillas de oficina. Su forma contorneada permite una distribuci\u00f3n uniforme del peso para evitar la presi\u00f3n excesiva. Tambi\u00e9n es ideal para el uso en el hogar o en el coche.<br \/>\n&#8211; F\u00c1CIL LIMPIEZA: La funda de terciopelo extra\u00edble se puede lavar a m\u00e1quina. La espuma interior puede limpiarse con una esponja h\u00fameda seg\u00fan sea necesario.<\/p>\n","protected":false},"excerpt":{"rendered":"<p>Emoobin Coj\u00edn de Espuma viscoel\u00e1stica Donut para Silla de Oficina, Coche y Silla de Ruedas, 45 cm, Color Negro<br \/>\n#Publicidad <span class=\"read-more\"><a class=\"more-link btn btn-transparent\" href=\"https:\/\/rockkofertas.com.es\/index.php\/producto\/b089mfg14g\/\">Leer m\u00e1s&#8230;<\/a><\/span><\/p>\n","protected":false},"featured_media":7788,"comment_status":"open","ping_status":"closed","template":"","meta":[],"product_cat":[15],"product_tag":[],"class_list":{"0":"post-7789","1":"product","2":"type-product","3":"status-publish","4":"has-post-thumbnail","6":"product_cat-sin-categorizar","8":"first","9":"instock","10":"shipping-taxable","11":"product-type-external"},"_links":{"self":[{"href":"https:\/\/rockkofertas.com.es\/index.php\/wp-json\/wp\/v2\/product\/7789","targetHints":{"allow":["GET"]}}],"collection":[{"href":"https:\/\/rockkofertas.com.es\/index.php\/wp-json\/wp\/v2\/product"}],"about":[{"href":"https:\/\/rockkofertas.com.es\/index.php\/wp-json\/wp\/v2\/types\/product"}],"replies":[{"embeddable":true,"href":"https:\/\/rockkofertas.com.es\/index.php\/wp-json\/wp\/v2\/comments?post=7789"}],"wp:featuredmedia":[{"embeddable":true,"href":"https:\/\/rockkofertas.com.es\/index.php\/wp-json\/wp\/v2\/media\/7788"}],"wp:attachment":[{"href":"https:\/\/rockkofertas.com.es\/index.php\/wp-json\/wp\/v2\/media?parent=7789"}],"wp:term":[{"taxonomy":"product_cat","embeddable":true,"href":"https:\/\/rockkofertas.com.es\/index.php\/wp-json\/wp\/v2\/product_cat?post=7789"},{"taxonomy":"product_tag","embeddable":true,"href":"https:\/\/rockkofertas.com.es\/index.php\/wp-json\/wp\/v2\/product_tag?post=7789"}],"curies":[{"name":"wp","href":"https:\/\/api.w.org\/{rel}","templated":true}]}}