{"id":7769,"date":"2025-12-12T12:00:49","date_gmt":"2025-12-12T12:00:49","guid":{"rendered":"https:\/\/rockkofertas.com.es\/index.php\/producto\/b083g1j139-4\/"},"modified":"2025-12-12T12:00:49","modified_gmt":"2025-12-12T12:00:49","slug":"b083g1j139-4","status":"publish","type":"product","link":"https:\/\/rockkofertas.com.es\/index.php\/producto\/b083g1j139-4\/","title":{"rendered":"B083G1J139"},"content":{"rendered":"<p>&#8211; SUAVIDAD Y TRANSPIRABILIDAD PREMIUM: Nuestros calcetines de bamb\u00fa de corte bajo son suaves como la seda, absorben la humedad y son antiolores, reduciendo el riesgo de ampollas en tus zapatos. Los canales de ventilaci\u00f3n mejoran la circulaci\u00f3n del aire para mantener tus pies frescos y secos.<br \/>\n&#8211; IDEALES PARA EL VERANO: Confeccionados con bamb\u00fa de alta calidad, estos calcetines tipo trainer ofrecen un dise\u00f1o de ca\u00f1a baja y un confort ultratranspirable y ligero, ideales para llevar con zapatillas deportivas en verano.<br \/>\n&#8211; DISE\u00d1ADOS EN DINAMARCA: Somos una empresa familiar. Estos calcetines tobillera se han dise\u00f1ado en Copenhague con los mejores materiales para maximizar la calidad y la comodidad.<br \/>\n&#8211; MATERIALES PREMIUM: Elaborados con 80% de viscosa (procedente de celulosa de bamb\u00fa), 18% poliamida y 2% elastano, con certificaci\u00f3n OEKO-TEX Standard 100. Libres de sustancias nocivas. Lavar a m\u00e1quina a un m\u00e1ximo de 40\u00b0C. No usar secadora.<br \/>\n&#8211; GARANT\u00cdA ANTIAGUJEROS: \u00bfSe ha hecho un agujero en tus calcetines durante el primer a\u00f1o tras la compra? Te enviaremos un reemplazo gratis. Si tienes cualquier duda, nuestro servicio de atenci\u00f3n al cliente est\u00e1 encantado de ayudarte.<\/p>\n","protected":false},"excerpt":{"rendered":"<p>DANISH ENDURANCE Calcetines Tobilleros en Bamb\u00fa, Calcetines Cortos Transpirables, Extra Suaves, 6 Pack, Negro, 43-47<br \/>\n#Publicidad <span class=\"read-more\"><a class=\"more-link btn btn-transparent\" href=\"https:\/\/rockkofertas.com.es\/index.php\/producto\/b083g1j139-4\/\">Leer m\u00e1s&#8230;<\/a><\/span><\/p>\n","protected":false},"featured_media":7768,"comment_status":"open","ping_status":"closed","template":"","meta":[],"product_cat":[15],"product_tag":[],"class_list":{"0":"post-7769","1":"product","2":"type-product","3":"status-publish","4":"has-post-thumbnail","6":"product_cat-sin-categorizar","8":"first","9":"instock","10":"shipping-taxable","11":"product-type-external"},"_links":{"self":[{"href":"https:\/\/rockkofertas.com.es\/index.php\/wp-json\/wp\/v2\/product\/7769","targetHints":{"allow":["GET"]}}],"collection":[{"href":"https:\/\/rockkofertas.com.es\/index.php\/wp-json\/wp\/v2\/product"}],"about":[{"href":"https:\/\/rockkofertas.com.es\/index.php\/wp-json\/wp\/v2\/types\/product"}],"replies":[{"embeddable":true,"href":"https:\/\/rockkofertas.com.es\/index.php\/wp-json\/wp\/v2\/comments?post=7769"}],"wp:featuredmedia":[{"embeddable":true,"href":"https:\/\/rockkofertas.com.es\/index.php\/wp-json\/wp\/v2\/media\/7768"}],"wp:attachment":[{"href":"https:\/\/rockkofertas.com.es\/index.php\/wp-json\/wp\/v2\/media?parent=7769"}],"wp:term":[{"taxonomy":"product_cat","embeddable":true,"href":"https:\/\/rockkofertas.com.es\/index.php\/wp-json\/wp\/v2\/product_cat?post=7769"},{"taxonomy":"product_tag","embeddable":true,"href":"https:\/\/rockkofertas.com.es\/index.php\/wp-json\/wp\/v2\/product_tag?post=7769"}],"curies":[{"name":"wp","href":"https:\/\/api.w.org\/{rel}","templated":true}]}}