{"id":7767,"date":"2025-12-12T08:00:45","date_gmt":"2025-12-12T08:00:45","guid":{"rendered":"https:\/\/rockkofertas.com.es\/index.php\/producto\/b0dql6jw88\/"},"modified":"2025-12-12T08:00:45","modified_gmt":"2025-12-12T08:00:45","slug":"b0dql6jw88","status":"publish","type":"product","link":"https:\/\/rockkofertas.com.es\/index.php\/producto\/b0dql6jw88\/","title":{"rendered":"B0DQL6JW88"},"content":{"rendered":"<p>&#8211; \u3010Cami\u00f3n de transporte de dinosaurios 3 en 1\u3011-Este coche de juguete para ni\u00f1os no es s\u00f3lo un cami\u00f3n de transporte con 6 minicoches de carreras, sino que tambi\u00e9n cuenta con un arrancador de pista dual de un solo toque, que se puede convertir en un coche de pista de 150 cm para iniciar el juego de carreras de pista dual. As\u00ed, los ni\u00f1os pueden disfrutar de la diversi\u00f3n de las carreras en cualquier momento. Adem\u00e1s, tambi\u00e9n se puede utilizar como almac\u00e9n port\u00e1til para los minicoches.<br \/>\n&#8211; \u3010Dinosaurios Juguetes\u3011-El Cami\u00f3n de Transporte de Dinosaurios tiene dos formas diferentes de jugar.1. Juego de tragar dinosaurios: pon el coche de carreras peque\u00f1o delante del cami\u00f3n de dinosaurios, empuja el coche de carreras peque\u00f1o, la boca del dinosaurio se tragar\u00e1 el coche de carreras peque\u00f1o y se deslizar\u00e1 fuera de la carrocer\u00eda del cami\u00f3n de dinosaurios grande.2. Pon 2 coches de carreras peque\u00f1os en la pista de carreras de doble carril, activa el bot\u00f3n y \u00a1mira la emocionante competici\u00f3n de carreras!<br \/>\n&#8211; \u3010Juguetes seguros y de alta calidad para ni\u00f1os\u3011-Todos los accesorios de este coche de juguete para ni\u00f1os est\u00e1n hechos de pl\u00e1stico ABS no t\u00f3xico, por lo que no hay que preocuparse por da\u00f1ar la salud de los ni\u00f1os. No necesita pilas, el coche salta rebotando, es divertido jugar con \u00e9l de muchas maneras. Es un juguete adecuado para ni\u00f1os y ni\u00f1as de 2,3,4,5,6 a\u00f1os.<br \/>\n&#8211; \u3010Juguetes Ni\u00f1os 2 3 4 5 6 A\u00f1os\u3011-Este juego de coches de juguete para ni\u00f1os incluye 1 cami\u00f3n dinosaurio grande y 6 mini coches de carreras met\u00e1licos. Estos camiones de juguete tienen colores brillantes y un aspecto llamativo, a los amantes de los coches de juguete les encantar\u00e1 este juguete. El gran cami\u00f3n dinosaurio tiene suficiente espacio de aparcamiento para los mini coches de carreras, lo que puede ejercitar la capacidad de almacenamiento de su hijo.<br \/>\n&#8211; \u3010Regalo Ni\u00f1o 2 3 4 5 6 A\u00f1os \u3011-\u00bfSigues buscando un regalo para ni\u00f1os de 3 4 5 6 a\u00f1os? Este juguete cami\u00f3n pista es perfecto para los ni\u00f1os que aman los elementos de dinosaurios y coches de juguete. \u00a1Este coche de juguete est\u00e1 muy bien empaquetado y juguet\u00f3n, perfecto para los ni\u00f1os regalos de Navidad, regalos de Pascua y regalos de cumplea\u00f1os! \u00a1Si hay alg\u00fan problema de calidad y problemas post-venta, por favor p\u00f3ngase en contacto con nosotros inmediatamente, vamos a resolver el problema para usted dentro de las 24 horas!<\/p>\n","protected":false},"excerpt":{"rendered":"<p>iKidiki &#8211; Cami\u00f3n dinosaurio de juguete, circuito infantil, 2-6 a\u00f1os, 150 cm, regalo para ni\u00f1os<br \/>\n#Publicidad <span class=\"read-more\"><a class=\"more-link btn btn-transparent\" href=\"https:\/\/rockkofertas.com.es\/index.php\/producto\/b0dql6jw88\/\">Leer m\u00e1s&#8230;<\/a><\/span><\/p>\n","protected":false},"featured_media":7766,"comment_status":"open","ping_status":"closed","template":"","meta":[],"product_cat":[15],"product_tag":[],"class_list":{"0":"post-7767","1":"product","2":"type-product","3":"status-publish","4":"has-post-thumbnail","6":"product_cat-sin-categorizar","8":"first","9":"instock","10":"shipping-taxable","11":"product-type-external"},"_links":{"self":[{"href":"https:\/\/rockkofertas.com.es\/index.php\/wp-json\/wp\/v2\/product\/7767","targetHints":{"allow":["GET"]}}],"collection":[{"href":"https:\/\/rockkofertas.com.es\/index.php\/wp-json\/wp\/v2\/product"}],"about":[{"href":"https:\/\/rockkofertas.com.es\/index.php\/wp-json\/wp\/v2\/types\/product"}],"replies":[{"embeddable":true,"href":"https:\/\/rockkofertas.com.es\/index.php\/wp-json\/wp\/v2\/comments?post=7767"}],"wp:featuredmedia":[{"embeddable":true,"href":"https:\/\/rockkofertas.com.es\/index.php\/wp-json\/wp\/v2\/media\/7766"}],"wp:attachment":[{"href":"https:\/\/rockkofertas.com.es\/index.php\/wp-json\/wp\/v2\/media?parent=7767"}],"wp:term":[{"taxonomy":"product_cat","embeddable":true,"href":"https:\/\/rockkofertas.com.es\/index.php\/wp-json\/wp\/v2\/product_cat?post=7767"},{"taxonomy":"product_tag","embeddable":true,"href":"https:\/\/rockkofertas.com.es\/index.php\/wp-json\/wp\/v2\/product_tag?post=7767"}],"curies":[{"name":"wp","href":"https:\/\/api.w.org\/{rel}","templated":true}]}}