{"id":7765,"date":"2025-12-12T04:00:36","date_gmt":"2025-12-12T04:00:36","guid":{"rendered":"https:\/\/rockkofertas.com.es\/index.php\/producto\/b0845g5gvy\/"},"modified":"2025-12-12T04:00:36","modified_gmt":"2025-12-12T04:00:36","slug":"b0845g5gvy","status":"publish","type":"product","link":"https:\/\/rockkofertas.com.es\/index.php\/producto\/b0845g5gvy\/","title":{"rendered":"B0845G5GVY"},"content":{"rendered":"<p>&#8211; Excelente calidad de sonido: La guitarra cl\u00e1sica electroac\u00fastica GEWA Basic ofrece, gracias a su cuerpo de madera de tilo, un sonido c\u00e1lido y equilibrado, ideal para principiantes y avanzados.<br \/>\n&#8211; Elegante dise\u00f1o: El acabado mate a base de agua color nogal le da a la guitarra un aspecto elegante.<br \/>\n&#8211; Precisa estabilidad de afinaci\u00f3n: Los mecanismos cromados y los trastes de alpaca garantizan una alta precisi\u00f3n de afinaci\u00f3n y una jugabilidad duradera.<br \/>\n&#8211; Control de sonido vers\u00e1til: El pastilla piezoel\u00e9ctrica de puente incorporada con ecualizador de 4 bandas y afinador permite una optimizaci\u00f3n de sonido individual para cada estilo de m\u00fasica.<br \/>\n&#8211; Dise\u00f1o: Con cutaway para un f\u00e1cil acceso a los trastes altos y una escala de 650 mm, ofrece una sensaci\u00f3n de juego c\u00f3moda para cualquier guitarrista.<\/p>\n","protected":false},"excerpt":{"rendered":"<p>GEWApure Guitarra cl\u00e1sica Basic Electro con ecualizador y afinador, color Marr\u00f3n (Color Nogal)<br \/>\n#Publicidad <span class=\"read-more\"><a class=\"more-link btn btn-transparent\" href=\"https:\/\/rockkofertas.com.es\/index.php\/producto\/b0845g5gvy\/\">Leer m\u00e1s&#8230;<\/a><\/span><\/p>\n","protected":false},"featured_media":7764,"comment_status":"open","ping_status":"closed","template":"","meta":[],"product_cat":[15],"product_tag":[],"class_list":{"0":"post-7765","1":"product","2":"type-product","3":"status-publish","4":"has-post-thumbnail","6":"product_cat-sin-categorizar","8":"first","9":"instock","10":"shipping-taxable","11":"product-type-external"},"_links":{"self":[{"href":"https:\/\/rockkofertas.com.es\/index.php\/wp-json\/wp\/v2\/product\/7765","targetHints":{"allow":["GET"]}}],"collection":[{"href":"https:\/\/rockkofertas.com.es\/index.php\/wp-json\/wp\/v2\/product"}],"about":[{"href":"https:\/\/rockkofertas.com.es\/index.php\/wp-json\/wp\/v2\/types\/product"}],"replies":[{"embeddable":true,"href":"https:\/\/rockkofertas.com.es\/index.php\/wp-json\/wp\/v2\/comments?post=7765"}],"wp:featuredmedia":[{"embeddable":true,"href":"https:\/\/rockkofertas.com.es\/index.php\/wp-json\/wp\/v2\/media\/7764"}],"wp:attachment":[{"href":"https:\/\/rockkofertas.com.es\/index.php\/wp-json\/wp\/v2\/media?parent=7765"}],"wp:term":[{"taxonomy":"product_cat","embeddable":true,"href":"https:\/\/rockkofertas.com.es\/index.php\/wp-json\/wp\/v2\/product_cat?post=7765"},{"taxonomy":"product_tag","embeddable":true,"href":"https:\/\/rockkofertas.com.es\/index.php\/wp-json\/wp\/v2\/product_tag?post=7765"}],"curies":[{"name":"wp","href":"https:\/\/api.w.org\/{rel}","templated":true}]}}