{"id":7759,"date":"2025-12-11T17:19:14","date_gmt":"2025-12-11T17:19:14","guid":{"rendered":"https:\/\/rockkofertas.com.es\/index.php\/producto\/b0fymk18s2\/"},"modified":"2025-12-11T17:19:14","modified_gmt":"2025-12-11T17:19:14","slug":"b0fymk18s2","status":"publish","type":"product","link":"https:\/\/rockkofertas.com.es\/index.php\/producto\/b0fymk18s2\/","title":{"rendered":"B0FYMK18S2"},"content":{"rendered":"<p>&#8211; El uso de nuestro producto puede cuidar eficazmente el cabello, haci\u00e9ndolo m\u00e1s fuerte desde las ra\u00edces, dif\u00edcil de romper, el cabello se ve m\u00e1s grueso y mejora la apariencia general del cabello.<br \/>\n&#8211; Atenci\u00f3n clave para \u00e1reas delgadas del cabello, aumentar efectivamente la cantidad de cabello, crear un cabello m\u00e1s grueso, cabello m\u00e1s completo y mejorar la sensaci\u00f3n de esponjosidad del cabello.<br \/>\n&#8211; El uso continuo ayuda a reducir la rotura del cabello al lavarse el cabello, mejorar la apariencia escasa y hacer que el cabello sea visualmente m\u00e1s abundante y denso.<br \/>\n&#8211; De textura ligera, penetra r\u00e1pidamente sin dejar sensaci\u00f3n pegajosa y se absorbe f\u00e1cilmente al entrar en contacto con el cabello. Deja el cabello con una sensaci\u00f3n de frescor sin apelmazarlo.<br \/>\n&#8211; Formulado suavemente para m\u00faltiples tipos de cabello, ofrece una soluci\u00f3n de cuidado para quienes buscan un cabello m\u00e1s abundante, integr\u00e1ndose perfectamente en las rutinas diarias de cuidado del cabello.<\/p>\n","protected":false},"excerpt":{"rendered":"<p>60ml Crecimiento Cabello Esencia, Enfermer\u00eda del Cabello Hombre y Mujer, Crear cabello grueso, Esponjoso y denso, Mejorar Apariencia, Adecuado para todos los tipos de cabello<br \/>#Publicidad <span class=\"read-more\"><a class=\"more-link btn btn-transparent\" href=\"https:\/\/rockkofertas.com.es\/index.php\/producto\/b0fymk18s2\/\">Leer m\u00e1s&#8230;<\/a><\/span><\/p>\n","protected":false},"featured_media":7758,"comment_status":"open","ping_status":"closed","template":"","meta":[],"product_cat":[15],"product_tag":[],"class_list":{"0":"post-7759","1":"product","2":"type-product","3":"status-publish","4":"has-post-thumbnail","6":"product_cat-sin-categorizar","8":"first","9":"instock","10":"shipping-taxable","11":"product-type-external"},"_links":{"self":[{"href":"https:\/\/rockkofertas.com.es\/index.php\/wp-json\/wp\/v2\/product\/7759","targetHints":{"allow":["GET"]}}],"collection":[{"href":"https:\/\/rockkofertas.com.es\/index.php\/wp-json\/wp\/v2\/product"}],"about":[{"href":"https:\/\/rockkofertas.com.es\/index.php\/wp-json\/wp\/v2\/types\/product"}],"replies":[{"embeddable":true,"href":"https:\/\/rockkofertas.com.es\/index.php\/wp-json\/wp\/v2\/comments?post=7759"}],"wp:featuredmedia":[{"embeddable":true,"href":"https:\/\/rockkofertas.com.es\/index.php\/wp-json\/wp\/v2\/media\/7758"}],"wp:attachment":[{"href":"https:\/\/rockkofertas.com.es\/index.php\/wp-json\/wp\/v2\/media?parent=7759"}],"wp:term":[{"taxonomy":"product_cat","embeddable":true,"href":"https:\/\/rockkofertas.com.es\/index.php\/wp-json\/wp\/v2\/product_cat?post=7759"},{"taxonomy":"product_tag","embeddable":true,"href":"https:\/\/rockkofertas.com.es\/index.php\/wp-json\/wp\/v2\/product_tag?post=7759"}],"curies":[{"name":"wp","href":"https:\/\/api.w.org\/{rel}","templated":true}]}}