{"id":7755,"date":"2025-12-11T17:17:03","date_gmt":"2025-12-11T17:17:03","guid":{"rendered":"https:\/\/rockkofertas.com.es\/index.php\/producto\/b09fplfsr4\/"},"modified":"2025-12-11T17:17:03","modified_gmt":"2025-12-11T17:17:03","slug":"b09fplfsr4","status":"publish","type":"product","link":"https:\/\/rockkofertas.com.es\/index.php\/producto\/b09fplfsr4\/","title":{"rendered":"B09FPLFSR4"},"content":{"rendered":"<p>&#8211; \u2714Imaginaci\u00f3n gratuita de los ni\u00f1os: la tableta de escritura LCD ORSEN proporciona un tablero de dibujo de 10 pulgadas de espacio para la escritura y el dibujo de los ni\u00f1os, la imaginaci\u00f3n de los ni\u00f1os gratis. La pantalla colorida de protecci\u00f3n para los ojos del tablero de garabatos brinda una mejor experiencia de pintura, evitando lesiones en los ojos de un ni\u00f1o por el uso a largo plazo.<br \/>\n&#8211; \u2714Sin desorden en casa: la bater\u00eda integrada tiene una vida \u00fatil de 6 meses, proporciona 100 000 veces de escritura y dibujo en la tableta de escritura, se puede reemplazar y usar continuamente, y adi\u00f3s al modo de pintura tradicional. Evite el desperdicio de papel y no ensucie el hogar.<br \/>\n&#8211; \u2714F\u00e1cil de usar: la tableta de dibujo para ni\u00f1os utiliza tecnolog\u00eda sensible a la presi\u00f3n, puede crear l\u00edneas con un l\u00e1piz \u00f3ptico o cualquier objeto duro. Haga clic en el bot\u00f3n de borrar del tablero de dibujo para borrar el contenido de la pantalla en un segundo, logre ahorrar tiempo y energ\u00eda. El bloqueo de teclas evita de manera efectiva el borrado accidental y la pantalla se puede borrar cuando se desbloquea el panel de escritura.<br \/>\n&#8211; \u2714Ligero y port\u00e1til: el bloc de dibujo ORSEN para ni\u00f1os est\u00e1 hecho de material pl\u00e1stico de alta calidad, pesa solo 150 gramos, es liviano y f\u00e1cil de transportar, f\u00e1cil de colocar en bolsas de viaje y mochilas escolares, adecuado para m\u00faltiples ocasiones: sala de estar, autom\u00f3vil, avi\u00f3n , restaurante, lugares al aire libre. La tableta de escritura es resistente al agua y antica\u00edda, no hay necesidad de preocuparse por ca\u00eddas accidentales y derrames de l\u00edquido en la pantalla.<br \/>\n&#8211; \ud83c\udf81Regalos incre\u00edbles de juguetes para ni\u00f1os\ud83c\udf81: el tablero de garabatos multifuncional es una opci\u00f3n de regalo perfecta para ni\u00f1os de todas las edades. Puede ser un juguete educativo para ni\u00f1os en edad preescolar. \u00a1Un regalo elegido por los padres para ni\u00f1as y ni\u00f1os de 2 3 4 5 6 7 a\u00f1os en el d\u00eda de San Valent\u00edn, regreso a la escuela, educaci\u00f3n en el hogar, cumplea\u00f1os, Pascua, D\u00eda del Ni\u00f1o, D\u00eda de Acci\u00f3n de Gracias, Navidad y cualquier ocasi\u00f3n!<\/p>\n","protected":false},"excerpt":{"rendered":"<p>ORSEN Tableta de Escritura 10 Pulgadas, Tableta Gr\u00e1fica Regalos para ni\u00f1os Ni\u00f1as Bloc de escritura colorido, Aprendizaje de juguetes educativos para ni\u00f1os para ni\u00f1as de 2 3 4 5 6 a\u00f1os (Azul)<br \/>#Publicidad <span class=\"read-more\"><a class=\"more-link btn btn-transparent\" href=\"https:\/\/rockkofertas.com.es\/index.php\/producto\/b09fplfsr4\/\">Leer m\u00e1s&#8230;<\/a><\/span><\/p>\n","protected":false},"featured_media":7754,"comment_status":"open","ping_status":"closed","template":"","meta":[],"product_cat":[15],"product_tag":[],"class_list":{"0":"post-7755","1":"product","2":"type-product","3":"status-publish","4":"has-post-thumbnail","6":"product_cat-sin-categorizar","8":"first","9":"instock","10":"shipping-taxable","11":"product-type-external"},"_links":{"self":[{"href":"https:\/\/rockkofertas.com.es\/index.php\/wp-json\/wp\/v2\/product\/7755","targetHints":{"allow":["GET"]}}],"collection":[{"href":"https:\/\/rockkofertas.com.es\/index.php\/wp-json\/wp\/v2\/product"}],"about":[{"href":"https:\/\/rockkofertas.com.es\/index.php\/wp-json\/wp\/v2\/types\/product"}],"replies":[{"embeddable":true,"href":"https:\/\/rockkofertas.com.es\/index.php\/wp-json\/wp\/v2\/comments?post=7755"}],"wp:featuredmedia":[{"embeddable":true,"href":"https:\/\/rockkofertas.com.es\/index.php\/wp-json\/wp\/v2\/media\/7754"}],"wp:attachment":[{"href":"https:\/\/rockkofertas.com.es\/index.php\/wp-json\/wp\/v2\/media?parent=7755"}],"wp:term":[{"taxonomy":"product_cat","embeddable":true,"href":"https:\/\/rockkofertas.com.es\/index.php\/wp-json\/wp\/v2\/product_cat?post=7755"},{"taxonomy":"product_tag","embeddable":true,"href":"https:\/\/rockkofertas.com.es\/index.php\/wp-json\/wp\/v2\/product_tag?post=7755"}],"curies":[{"name":"wp","href":"https:\/\/api.w.org\/{rel}","templated":true}]}}