{"id":7753,"date":"2025-12-11T16:40:44","date_gmt":"2025-12-11T16:40:44","guid":{"rendered":"https:\/\/rockkofertas.com.es\/index.php\/producto\/b0cpy84638\/"},"modified":"2025-12-11T16:40:44","modified_gmt":"2025-12-11T16:40:44","slug":"b0cpy84638","status":"publish","type":"product","link":"https:\/\/rockkofertas.com.es\/index.php\/producto\/b0cpy84638\/","title":{"rendered":"B0CPY84638"},"content":{"rendered":"<p>&#8211; Pinchos Antipalomas: Compare con otros pinchos antipalomas pl\u00e1stico, nuestros ahuyentador de pajaros agregan peque\u00f1as espinas entre ellos. \u00a1Evite de manera efectiva que p\u00e1jaros como palomas y gorriones se posen en vigas, toldos o alf\u00e9izares de ventanas y aniden all\u00ed y dejen excrementos de p\u00e1jaros repugnantes!<br \/>\n&#8211; Pinchos Anti Gatos: 3 filas pinchos anti gatos pl\u00e1stico no solo son efectivos contra palomas, sino que tambi\u00e9n pueden ahuyentar a gatos como cuervos, cuervos y gatos, pero no les causan ning\u00fan da\u00f1o grave. PRECAUCI\u00d3N: Debido a que las pinchos antipalomas son muy afiladas, util\u00edcelas con cuidado y mant\u00e9ngalas fuera del alcance de los ni\u00f1os para evitar lesiones.<br \/>\n&#8211; Ahuyentador Palomas Duradero: Los pinchos antipalomas est\u00e1n hechos de pl\u00e1stico de alta resistencia, resistente a los rayos UV y a las heladas, impermeables, no se oxidan f\u00e1cilmente como el metal y no se deforman bajo la luz solar intensa. Se puede utilizar durante mucho tiempo. Para disuasi\u00f3n de p\u00e1jaros carpinteros, disuasi\u00f3n de gatos, disuasi\u00f3n de p\u00e1jaros y protecci\u00f3n de canaletas.<br \/>\n&#8211; F\u00e1cil de Instalar: Hay tres formas de instalar las pinchos para palomas. Simplemente fije el ahuyentador de pajaros en una superficie plana con clavos, o ate el ahuyentador de palomas del balc\u00f3n a la superficie con un cable fuerte, o pegue las p\u00faas para p\u00e1jaros con cinta adhesiva de doble cara (no incluida)<br \/>\n&#8211; EXCELENTE SERVICIO POSVENTA: Si no est\u00e1 completamente satisfecho con nuestros repelente palomas, no dude en contactarnos. Te daremos una soluci\u00f3n satisfactoria.<\/p>\n","protected":false},"excerpt":{"rendered":"<p>Pinchos Antipalomas 5.7 Metros, Pinchos Anti Gatos, Auyentador de Gatos Pl\u00e1stico, Ahuyentador Palomas, Ahuyentador Gatos para Balcon Terraza Ventana Cercas &#8211; 20 Pcs Negro<br \/>#Publicidad <span class=\"read-more\"><a class=\"more-link btn btn-transparent\" href=\"https:\/\/rockkofertas.com.es\/index.php\/producto\/b0cpy84638\/\">Leer m\u00e1s&#8230;<\/a><\/span><\/p>\n","protected":false},"featured_media":7752,"comment_status":"open","ping_status":"closed","template":"","meta":[],"product_cat":[15],"product_tag":[],"class_list":{"0":"post-7753","1":"product","2":"type-product","3":"status-publish","4":"has-post-thumbnail","6":"product_cat-sin-categorizar","8":"first","9":"instock","10":"shipping-taxable","11":"product-type-external"},"_links":{"self":[{"href":"https:\/\/rockkofertas.com.es\/index.php\/wp-json\/wp\/v2\/product\/7753","targetHints":{"allow":["GET"]}}],"collection":[{"href":"https:\/\/rockkofertas.com.es\/index.php\/wp-json\/wp\/v2\/product"}],"about":[{"href":"https:\/\/rockkofertas.com.es\/index.php\/wp-json\/wp\/v2\/types\/product"}],"replies":[{"embeddable":true,"href":"https:\/\/rockkofertas.com.es\/index.php\/wp-json\/wp\/v2\/comments?post=7753"}],"wp:featuredmedia":[{"embeddable":true,"href":"https:\/\/rockkofertas.com.es\/index.php\/wp-json\/wp\/v2\/media\/7752"}],"wp:attachment":[{"href":"https:\/\/rockkofertas.com.es\/index.php\/wp-json\/wp\/v2\/media?parent=7753"}],"wp:term":[{"taxonomy":"product_cat","embeddable":true,"href":"https:\/\/rockkofertas.com.es\/index.php\/wp-json\/wp\/v2\/product_cat?post=7753"},{"taxonomy":"product_tag","embeddable":true,"href":"https:\/\/rockkofertas.com.es\/index.php\/wp-json\/wp\/v2\/product_tag?post=7753"}],"curies":[{"name":"wp","href":"https:\/\/api.w.org\/{rel}","templated":true}]}}