{"id":7751,"date":"2025-12-11T16:00:47","date_gmt":"2025-12-11T16:00:47","guid":{"rendered":"https:\/\/rockkofertas.com.es\/index.php\/producto\/b0fjlxk3k9\/"},"modified":"2025-12-11T16:00:47","modified_gmt":"2025-12-11T16:00:47","slug":"b0fjlxk3k9","status":"publish","type":"product","link":"https:\/\/rockkofertas.com.es\/index.php\/producto\/b0fjlxk3k9\/","title":{"rendered":"B0FJLXK3K9"},"content":{"rendered":"<p>&#8211; POTENCIA DE 900W CON 3 RESISTENCIAS DE CUARZO: Esta tostadora horizontal ofrece un calentamiento r\u00e1pido y eficiente gracias a sus 900W de potencia y sus tres resistencias de cuarzo, que garantizan un tostado uniforme y homog\u00e9neo en todo tipo de pan y boller\u00eda.<br \/>\n&#8211; SUPERFICIE DE TOSTADO XL PARA HASTA 4 REBANADAS: Su amplia zona de tostado de 25 x 21,5 cm permite tostar hasta 4 rebanadas al mismo tiempo, ideal para familias o para quienes buscan ahorrar tiempo en el desayuno o la merienda.<br \/>\n&#8211; 7 NIVELES DE POTENCIA AJUSTABLES + FUNCIONES ESPECIALES: Personaliza el nivel de tostado con 7 posiciones distintas seg\u00fan el tipo de pan o preferencia. Adem\u00e1s, incluye funciones de recalentado y descongelado, perfectas para pan congelado o previamente tostado.<br \/>\n&#8211; DISE\u00d1O FUNCIONAL Y F\u00c1CIL DE LIMPIAR: Fabricada en base de acero inoxidable, cuenta con una bandeja recogemigas extra\u00edble que facilita una limpieza r\u00e1pida y sin esfuerzo, manteniendo tu cocina ordenada y libre de residuos.<br \/>\n&#8211; SEGURIDAD Y COMODIDAD EN CADA USO: Dispone de indicador luminoso de funcionamiento, bot\u00f3n de encendido, desconexi\u00f3n autom\u00e1tica al finalizar el ciclo y compartimento para almacenar el cable, aportando un uso m\u00e1s seguro y pr\u00e1ctico en el d\u00eda a d\u00eda.<\/p>\n","protected":false},"excerpt":{"rendered":"<p>Ufesa Tostador Plano Barley, 900W con 3 Resistencias de Cuarzo, Tostador Horizontal de Acero Inoxidable, Tama\u00f1o XL para 4 Rebanadas, 7 Niveles, Recalentar y Descongelar, Bandeja Recogemigas, Boller\u00eda<br \/>\n#Publicidad <span class=\"read-more\"><a class=\"more-link btn btn-transparent\" href=\"https:\/\/rockkofertas.com.es\/index.php\/producto\/b0fjlxk3k9\/\">Leer m\u00e1s&#8230;<\/a><\/span><\/p>\n","protected":false},"featured_media":7750,"comment_status":"open","ping_status":"closed","template":"","meta":[],"product_cat":[15],"product_tag":[],"class_list":{"0":"post-7751","1":"product","2":"type-product","3":"status-publish","4":"has-post-thumbnail","6":"product_cat-sin-categorizar","8":"first","9":"instock","10":"shipping-taxable","11":"product-type-external"},"_links":{"self":[{"href":"https:\/\/rockkofertas.com.es\/index.php\/wp-json\/wp\/v2\/product\/7751","targetHints":{"allow":["GET"]}}],"collection":[{"href":"https:\/\/rockkofertas.com.es\/index.php\/wp-json\/wp\/v2\/product"}],"about":[{"href":"https:\/\/rockkofertas.com.es\/index.php\/wp-json\/wp\/v2\/types\/product"}],"replies":[{"embeddable":true,"href":"https:\/\/rockkofertas.com.es\/index.php\/wp-json\/wp\/v2\/comments?post=7751"}],"wp:featuredmedia":[{"embeddable":true,"href":"https:\/\/rockkofertas.com.es\/index.php\/wp-json\/wp\/v2\/media\/7750"}],"wp:attachment":[{"href":"https:\/\/rockkofertas.com.es\/index.php\/wp-json\/wp\/v2\/media?parent=7751"}],"wp:term":[{"taxonomy":"product_cat","embeddable":true,"href":"https:\/\/rockkofertas.com.es\/index.php\/wp-json\/wp\/v2\/product_cat?post=7751"},{"taxonomy":"product_tag","embeddable":true,"href":"https:\/\/rockkofertas.com.es\/index.php\/wp-json\/wp\/v2\/product_tag?post=7751"}],"curies":[{"name":"wp","href":"https:\/\/api.w.org\/{rel}","templated":true}]}}