{"id":7749,"date":"2025-12-11T15:11:49","date_gmt":"2025-12-11T15:11:49","guid":{"rendered":"https:\/\/rockkofertas.com.es\/index.php\/producto\/b07txfdmgb\/"},"modified":"2025-12-11T15:11:49","modified_gmt":"2025-12-11T15:11:49","slug":"b07txfdmgb","status":"publish","type":"product","link":"https:\/\/rockkofertas.com.es\/index.php\/producto\/b07txfdmgb\/","title":{"rendered":"B07TXFDMGB"},"content":{"rendered":"<p>&#8211; CUALIDADES Y BENEFICIOS: El uso del agua para el aseo \u00edntimo es mucho m\u00e1s efectivo, confortable y limpio que el papel. Mejora la higiene con este Accesorio para ba\u00f1os. Es muy f\u00e1cil de usar y se instala r\u00e1pidamente en su inodoro sin necesidad de herramientas ni obras.<br \/>\n&#8211; COMPRA SOLO UNA VEZ: Probablemente prefieras un Bid\u00e9 para personas mayores que durar\u00e1 toda la vida, A diferencia de las versiones mas baratas que pueden da\u00f1ar, cortar e irritar la Piel Sensible de los ancianos, este Dise\u00f1o es Muy Seguro y Efectivo.<br \/>\n&#8211; MAS HIGIENE Y ESPACIO: Con el bidet adaptable al inodoro Ganaras ese espacio tan deseado Sin instalaciones ni modificaciones costosas, amplitud y comodidad en tu cuarto de ba\u00f1o a la hora del Aseo Diario personal. Muy f\u00e1cil de limpiar con Agua caliente o fr\u00eda.<br \/>\n&#8211; MEDIDAS EST\u00c1NDAR: Compatibilidad Garantizada para la mayor\u00eda de inodoros del Mercado. Medida Universal. Se adapta Firmemente al contorno del retrete evitando movimientos excesivos. Dise\u00f1ado para aumentar la comodidad y facilitar la vida de los usuarios con Movilidad Reducida.<br \/>\n&#8211; MAS C\u00d3MODO Y PR\u00c1CTICO: Gran capacidad de Llenado con 4 Litros, Espacio dise\u00f1ado para alojar el jab\u00f3n de mano evitando su ca\u00edda, Material muy resistente con tan solo 350 Gramos de peso muy ligero para su transporte incluso en Viajes, Sin derrames de Agua ni Goteos. Garant\u00eda de Compra.<\/p>\n","protected":false},"excerpt":{"rendered":"<p>OrtoPrime Bidet Port\u00e1til Wc | Bid\u00e9 Sanitario Acoplable al Inodoro | Medidas Universales: 40 x 37 x 11 Cent\u00edmetros | Peso soportado 120 Kilogramos<br \/>#Publicidad <span class=\"read-more\"><a class=\"more-link btn btn-transparent\" href=\"https:\/\/rockkofertas.com.es\/index.php\/producto\/b07txfdmgb\/\">Leer m\u00e1s&#8230;<\/a><\/span><\/p>\n","protected":false},"featured_media":7748,"comment_status":"open","ping_status":"closed","template":"","meta":[],"product_cat":[15],"product_tag":[],"class_list":{"0":"post-7749","1":"product","2":"type-product","3":"status-publish","4":"has-post-thumbnail","6":"product_cat-sin-categorizar","8":"first","9":"instock","10":"shipping-taxable","11":"product-type-external"},"_links":{"self":[{"href":"https:\/\/rockkofertas.com.es\/index.php\/wp-json\/wp\/v2\/product\/7749","targetHints":{"allow":["GET"]}}],"collection":[{"href":"https:\/\/rockkofertas.com.es\/index.php\/wp-json\/wp\/v2\/product"}],"about":[{"href":"https:\/\/rockkofertas.com.es\/index.php\/wp-json\/wp\/v2\/types\/product"}],"replies":[{"embeddable":true,"href":"https:\/\/rockkofertas.com.es\/index.php\/wp-json\/wp\/v2\/comments?post=7749"}],"wp:featuredmedia":[{"embeddable":true,"href":"https:\/\/rockkofertas.com.es\/index.php\/wp-json\/wp\/v2\/media\/7748"}],"wp:attachment":[{"href":"https:\/\/rockkofertas.com.es\/index.php\/wp-json\/wp\/v2\/media?parent=7749"}],"wp:term":[{"taxonomy":"product_cat","embeddable":true,"href":"https:\/\/rockkofertas.com.es\/index.php\/wp-json\/wp\/v2\/product_cat?post=7749"},{"taxonomy":"product_tag","embeddable":true,"href":"https:\/\/rockkofertas.com.es\/index.php\/wp-json\/wp\/v2\/product_tag?post=7749"}],"curies":[{"name":"wp","href":"https:\/\/api.w.org\/{rel}","templated":true}]}}