{"id":7747,"date":"2025-12-11T13:13:00","date_gmt":"2025-12-11T13:13:00","guid":{"rendered":"https:\/\/rockkofertas.com.es\/index.php\/producto\/b0fzhhqvg8\/"},"modified":"2025-12-11T13:13:00","modified_gmt":"2025-12-11T13:13:00","slug":"b0fzhhqvg8","status":"publish","type":"product","link":"https:\/\/rockkofertas.com.es\/index.php\/producto\/b0fzhhqvg8\/","title":{"rendered":"B0FZHHQVG8"},"content":{"rendered":"<p>&#8211; \u30102 bater\u00edas recargables de 3000 mAh\u3011Gracias a las dos bater\u00edas recargables de 21 V y 3000 mAh, proporciona energ\u00eda de larga duraci\u00f3n para todos los trabajos de corte, sin necesidad de recargas frecuentes.<br \/>\n&#8211; \u3010Motor superpotente de cobre puro\u3011 Equipado con un potente motor de cobre puro que corta sin esfuerzo y de forma limpia todo tipo de madera, tanto dura como blanda.<br \/>\n&#8211; \u3010Doble bloqueo de seguridad para trabajar con total seguridad\u3011 Su seguridad es nuestra prioridad. La sierra solo se pone en marcha cuando se accionan simult\u00e1neamente el bloqueo de seguridad y el gatillo, lo que evita cualquier activaci\u00f3n accidental.<br \/>\n&#8211; \u3010Ligero y perfecto para uso en exteriores\u3011 Compacto y f\u00e1cil de transportar. Ideal para acampadas, jardiner\u00eda y proyectos de bricolaje. Ll\u00e9valo contigo a cualquier parte y corta sin esfuerzo.<br \/>\n&#8211; \u3010Accesorios\u3011Qu\u00e9 recibir\u00e1: 1 sierra de cadena de 6 pulgadas; 2 bater\u00edas de litio de 21 V; 1 cargador; 2 cadenas de calidad (una ya instalada); 1 par de guantes; 1 destornillador; 1 gafas protectoras; 1 destornillador; 1 llave inglesa; 1 cepillo de limpieza.<\/p>\n","protected":false},"excerpt":{"rendered":"<p>Mini Motosierra Bateria 6000mAh, 6 Pulgadas Motosierra El\u00e9ctrica Bateria, Motosierras de Mano, Motosierras Inal\u00e1mbrica Port\u00e1til para Podar \u00c1rboles de Jardiner\u00eda, 2 Bater\u00edas<br \/>#Publicidad <span class=\"read-more\"><a class=\"more-link btn btn-transparent\" href=\"https:\/\/rockkofertas.com.es\/index.php\/producto\/b0fzhhqvg8\/\">Leer m\u00e1s&#8230;<\/a><\/span><\/p>\n","protected":false},"featured_media":7746,"comment_status":"open","ping_status":"closed","template":"","meta":[],"product_cat":[15],"product_tag":[],"class_list":{"0":"post-7747","1":"product","2":"type-product","3":"status-publish","4":"has-post-thumbnail","6":"product_cat-sin-categorizar","8":"first","9":"instock","10":"shipping-taxable","11":"product-type-external"},"_links":{"self":[{"href":"https:\/\/rockkofertas.com.es\/index.php\/wp-json\/wp\/v2\/product\/7747","targetHints":{"allow":["GET"]}}],"collection":[{"href":"https:\/\/rockkofertas.com.es\/index.php\/wp-json\/wp\/v2\/product"}],"about":[{"href":"https:\/\/rockkofertas.com.es\/index.php\/wp-json\/wp\/v2\/types\/product"}],"replies":[{"embeddable":true,"href":"https:\/\/rockkofertas.com.es\/index.php\/wp-json\/wp\/v2\/comments?post=7747"}],"wp:featuredmedia":[{"embeddable":true,"href":"https:\/\/rockkofertas.com.es\/index.php\/wp-json\/wp\/v2\/media\/7746"}],"wp:attachment":[{"href":"https:\/\/rockkofertas.com.es\/index.php\/wp-json\/wp\/v2\/media?parent=7747"}],"wp:term":[{"taxonomy":"product_cat","embeddable":true,"href":"https:\/\/rockkofertas.com.es\/index.php\/wp-json\/wp\/v2\/product_cat?post=7747"},{"taxonomy":"product_tag","embeddable":true,"href":"https:\/\/rockkofertas.com.es\/index.php\/wp-json\/wp\/v2\/product_tag?post=7747"}],"curies":[{"name":"wp","href":"https:\/\/api.w.org\/{rel}","templated":true}]}}