{"id":7745,"date":"2025-12-11T12:00:46","date_gmt":"2025-12-11T12:00:46","guid":{"rendered":"https:\/\/rockkofertas.com.es\/index.php\/producto\/b09y91csxd\/"},"modified":"2025-12-11T12:00:46","modified_gmt":"2025-12-11T12:00:46","slug":"b09y91csxd","status":"publish","type":"product","link":"https:\/\/rockkofertas.com.es\/index.php\/producto\/b09y91csxd\/","title":{"rendered":"B09Y91CSXD"},"content":{"rendered":"<p>&#8211; \u3010Cuchillo de chef de acero japon\u00e9s de alta gama\u3011 El cuchillo de chef HOSHANHO est\u00e1 hecho de acero japon\u00e9s de alta gama 10Cr15CoMoV, 2 veces m\u00e1s afilado y duradero que otros cuchillos \u00abpremium\u00bb, \u00a1y posee un rendimiento de costo muy alto! Con una dureza de hasta 58\u00b12 HRC, el cuchillo de cocina ofrece excelente resistencia a la oxidaci\u00f3n, filo y durabilidad.<br \/>\n&#8211; \u3010Dise\u00f1o de hoja mate de moda\u3011 La hoja tiene un acabado mate, la combinaci\u00f3n de moda y durabilidad agrega m\u00e1s diversi\u00f3n a su cocina. Fabricados con tecnolog\u00eda moderna y t\u00e9cnicas tradicionales, est\u00e1n templados con hielo y tratados t\u00e9rmicamente para resistir el fr\u00edo, el calor, la corrosi\u00f3n y la humedad.<br \/>\n&#8211; \u3010Detalles cuidadosos\u3011 El mango est\u00e1 hecho de madera ultraduradera, lo que mejora la curvatura del mango, la forma distintiva del refuerzo inclinado fomenta un \u00abagarre de pellizco\u00bb adecuado y m\u00e1s seguro, la comodidad es absolutamente incre\u00edble y puede realizar el movimiento hacia arriba y hacia adelante sin tener que para curvar tu mu\u00f1eca.<br \/>\n&#8211; \u3010Funcionalidad diaria que te encantar\u00e1\u3011 Nuestro cuchillo de chef est\u00e1 afilado a mano a 13\u00b0 en cada lado, por lo que puedes realizar f\u00e1cilmente tus tareas diarias de cocina como picar, cortar, cortar en cubitos y picar verduras, frutas, carne y queso con este cuchillo de cocina. . \u00a1Nitidez superior que te impresionar\u00e1 con cada corte!<br \/>\n&#8211; \u3010100% Satisfacci\u00f3n\u3011 Le ofrecemos un producto 100% de satisfacci\u00f3n. \u00a1El equipo posventa profesional y el amable servicio las 24 horas hacen que su compra sea sin preocupaciones! Proporcionar materiales y artesan\u00eda de calidad es nuestra misi\u00f3n. Si encuentra alg\u00fan problema de calidad con el producto, siempre estaremos aqu\u00ed para ayudarle.<\/p>\n","protected":false},"excerpt":{"rendered":"<p>HOSHANHO Cuchillo de Cocina de 20 cm, Cuchillo de Chef Profesional de Inoxidable Alem\u00e1n, Cuchillos de Cocinero S\u00faper Afilada para Chef<br \/>\n#Publicidad <span class=\"read-more\"><a class=\"more-link btn btn-transparent\" href=\"https:\/\/rockkofertas.com.es\/index.php\/producto\/b09y91csxd\/\">Leer m\u00e1s&#8230;<\/a><\/span><\/p>\n","protected":false},"featured_media":7744,"comment_status":"open","ping_status":"closed","template":"","meta":[],"product_cat":[15],"product_tag":[],"class_list":{"0":"post-7745","1":"product","2":"type-product","3":"status-publish","4":"has-post-thumbnail","6":"product_cat-sin-categorizar","8":"first","9":"instock","10":"shipping-taxable","11":"product-type-external"},"_links":{"self":[{"href":"https:\/\/rockkofertas.com.es\/index.php\/wp-json\/wp\/v2\/product\/7745","targetHints":{"allow":["GET"]}}],"collection":[{"href":"https:\/\/rockkofertas.com.es\/index.php\/wp-json\/wp\/v2\/product"}],"about":[{"href":"https:\/\/rockkofertas.com.es\/index.php\/wp-json\/wp\/v2\/types\/product"}],"replies":[{"embeddable":true,"href":"https:\/\/rockkofertas.com.es\/index.php\/wp-json\/wp\/v2\/comments?post=7745"}],"wp:featuredmedia":[{"embeddable":true,"href":"https:\/\/rockkofertas.com.es\/index.php\/wp-json\/wp\/v2\/media\/7744"}],"wp:attachment":[{"href":"https:\/\/rockkofertas.com.es\/index.php\/wp-json\/wp\/v2\/media?parent=7745"}],"wp:term":[{"taxonomy":"product_cat","embeddable":true,"href":"https:\/\/rockkofertas.com.es\/index.php\/wp-json\/wp\/v2\/product_cat?post=7745"},{"taxonomy":"product_tag","embeddable":true,"href":"https:\/\/rockkofertas.com.es\/index.php\/wp-json\/wp\/v2\/product_tag?post=7745"}],"curies":[{"name":"wp","href":"https:\/\/api.w.org\/{rel}","templated":true}]}}