{"id":7741,"date":"2025-12-11T10:55:21","date_gmt":"2025-12-11T10:55:21","guid":{"rendered":"https:\/\/rockkofertas.com.es\/index.php\/producto\/b0g5k6qxtv\/"},"modified":"2025-12-11T10:55:21","modified_gmt":"2025-12-11T10:55:21","slug":"b0g5k6qxtv","status":"publish","type":"product","link":"https:\/\/rockkofertas.com.es\/index.php\/producto\/b0g5k6qxtv\/","title":{"rendered":"B0G5K6QXTV"},"content":{"rendered":"<p>&#8211; Paleta de Jabugo 100% Bellota &#8211; Sanchez Mart\u00edn &#8211; Selecci\u00f3n Cosecha Privada<br \/>\n&#8211; Considerado como el Mejor Jam\u00f3n del Mundo, Fundadores de la DO Jabugo &#8211; Huelvaz<br \/>\n&#8211; Sobre de 90-100g<br \/>\n&#8211; M\u00e1s de 36 meses de curaci\u00f3n natural.<br \/>\n&#8211; Jam\u00f3n para regalo, con Nota personalizada y malet\u00edn de regalo.<\/p>\n","protected":false},"excerpt":{"rendered":"<p>Sobre de Paleta de Jabugo 100% Bellota &#8211; Envio 24 &#8211; Bl\u00edster Cortado a Cuchillo &#8211; Sanchez Mart\u00edn &#8211; Selecci\u00f3n Cosecha Privada &#8211; Env\u00edo 24 h &#8211; Paleta Vitola Negra 100% Bellota Huelva &#8211; (1 Sobre)<br \/>#Publicidad <span class=\"read-more\"><a class=\"more-link btn btn-transparent\" href=\"https:\/\/rockkofertas.com.es\/index.php\/producto\/b0g5k6qxtv\/\">Leer m\u00e1s&#8230;<\/a><\/span><\/p>\n","protected":false},"featured_media":7740,"comment_status":"open","ping_status":"closed","template":"","meta":[],"product_cat":[15],"product_tag":[],"class_list":{"0":"post-7741","1":"product","2":"type-product","3":"status-publish","4":"has-post-thumbnail","6":"product_cat-sin-categorizar","8":"first","9":"instock","10":"shipping-taxable","11":"product-type-external"},"_links":{"self":[{"href":"https:\/\/rockkofertas.com.es\/index.php\/wp-json\/wp\/v2\/product\/7741","targetHints":{"allow":["GET"]}}],"collection":[{"href":"https:\/\/rockkofertas.com.es\/index.php\/wp-json\/wp\/v2\/product"}],"about":[{"href":"https:\/\/rockkofertas.com.es\/index.php\/wp-json\/wp\/v2\/types\/product"}],"replies":[{"embeddable":true,"href":"https:\/\/rockkofertas.com.es\/index.php\/wp-json\/wp\/v2\/comments?post=7741"}],"wp:featuredmedia":[{"embeddable":true,"href":"https:\/\/rockkofertas.com.es\/index.php\/wp-json\/wp\/v2\/media\/7740"}],"wp:attachment":[{"href":"https:\/\/rockkofertas.com.es\/index.php\/wp-json\/wp\/v2\/media?parent=7741"}],"wp:term":[{"taxonomy":"product_cat","embeddable":true,"href":"https:\/\/rockkofertas.com.es\/index.php\/wp-json\/wp\/v2\/product_cat?post=7741"},{"taxonomy":"product_tag","embeddable":true,"href":"https:\/\/rockkofertas.com.es\/index.php\/wp-json\/wp\/v2\/product_tag?post=7741"}],"curies":[{"name":"wp","href":"https:\/\/api.w.org\/{rel}","templated":true}]}}