{"id":7739,"date":"2025-12-11T10:54:33","date_gmt":"2025-12-11T10:54:33","guid":{"rendered":"https:\/\/rockkofertas.com.es\/index.php\/producto\/b0g52n1hz7\/"},"modified":"2025-12-11T10:54:33","modified_gmt":"2025-12-11T10:54:33","slug":"b0g52n1hz7","status":"publish","type":"product","link":"https:\/\/rockkofertas.com.es\/index.php\/producto\/b0g52n1hz7\/","title":{"rendered":"B0G52N1HZ7"},"content":{"rendered":"<p>&#8211; \u2615 COMPATIBLE CON NESPRESSO, DOLCE GUSTO Y CAF\u00c9 MOLIDO \u2013 3 EN 1 UNIVERSAL Disfruta tu caf\u00e9 favorito est\u00e9s donde est\u00e9s. Esta cafetera port\u00e1til de c\u00e1psulas funciona con Nespresso, Dolce Gusto y caf\u00e9 molido, convirti\u00e9ndose en la m\u00e1quina de caf\u00e9 m\u00e1s vers\u00e1til para viajes, oficina o casa.<br \/>\n&#8211; \u26a1 VERSI\u00d3N MEJORADA 2026 \u2013 M\u00c1S POTENCIA Y M\u00c1S CAPACIDAD La nueva versi\u00f3n incorpora mayor dep\u00f3sito, mejor presi\u00f3n para lograr un caf\u00e9 express m\u00e1s cremoso, y un sistema interno optimizado para una extracci\u00f3n m\u00e1s estable y arom\u00e1tica.<br \/>\n&#8211; \ud83d\udcdf PANTALLA LED INTELIGENTE \u2013 CONTROL TOTAL EN SEGUNDOS Su pantalla LED te muestra temperatura, modos y estado del proceso para que prepares tu caf\u00e9 de forma r\u00e1pida, intuitiva y moderna. Una aut\u00e9ntica coffee machine port\u00e1til avanzada.<br \/>\n&#8211; \ud83d\ude97 PORT\u00c1TIL, LIGERA Y RECARGABLE USB-C \u2013 CAF\u00c9 DONDE VAYAS Ideal para viajes, camping, trabajo o coche. Funciona con USB-C, compatible con power banks, cargador de coche y enchufe. Ll\u00e9vala siempre contigo y disfruta de un caf\u00e9 caliente en minutos.<br \/>\n&#8211; \ud83d\udd25 CAF\u00c9 CALIENTE, CREMOSO Y EXPRESS \u2013 LISTA EN SEGUNDOS Su sistema de presi\u00f3n mejorado ofrece un caf\u00e9 intenso y con crema, comparable a una cafetera express tradicional, pero en formato port\u00e1til, compacto y pr\u00e1ctico.<\/p>\n","protected":false},"excerpt":{"rendered":"<p>Cafetera Portatil Capsulas compatible con Nespresso Dolce Gusto y Caf\u00e9 Molido &#8211; Versi\u00f3n Mejorada 2026 &#8211; Coffe Machine &#8211; Maquina de Cafe Port\u00e1til de C\u00e1psulas Universal Con Pantalla LED y M\u00e1s Capacidad<br \/>#Publicidad <span class=\"read-more\"><a class=\"more-link btn btn-transparent\" href=\"https:\/\/rockkofertas.com.es\/index.php\/producto\/b0g52n1hz7\/\">Leer m\u00e1s&#8230;<\/a><\/span><\/p>\n","protected":false},"featured_media":7738,"comment_status":"open","ping_status":"closed","template":"","meta":[],"product_cat":[15],"product_tag":[],"class_list":{"0":"post-7739","1":"product","2":"type-product","3":"status-publish","4":"has-post-thumbnail","6":"product_cat-sin-categorizar","8":"first","9":"instock","10":"shipping-taxable","11":"product-type-external"},"_links":{"self":[{"href":"https:\/\/rockkofertas.com.es\/index.php\/wp-json\/wp\/v2\/product\/7739","targetHints":{"allow":["GET"]}}],"collection":[{"href":"https:\/\/rockkofertas.com.es\/index.php\/wp-json\/wp\/v2\/product"}],"about":[{"href":"https:\/\/rockkofertas.com.es\/index.php\/wp-json\/wp\/v2\/types\/product"}],"replies":[{"embeddable":true,"href":"https:\/\/rockkofertas.com.es\/index.php\/wp-json\/wp\/v2\/comments?post=7739"}],"wp:featuredmedia":[{"embeddable":true,"href":"https:\/\/rockkofertas.com.es\/index.php\/wp-json\/wp\/v2\/media\/7738"}],"wp:attachment":[{"href":"https:\/\/rockkofertas.com.es\/index.php\/wp-json\/wp\/v2\/media?parent=7739"}],"wp:term":[{"taxonomy":"product_cat","embeddable":true,"href":"https:\/\/rockkofertas.com.es\/index.php\/wp-json\/wp\/v2\/product_cat?post=7739"},{"taxonomy":"product_tag","embeddable":true,"href":"https:\/\/rockkofertas.com.es\/index.php\/wp-json\/wp\/v2\/product_tag?post=7739"}],"curies":[{"name":"wp","href":"https:\/\/api.w.org\/{rel}","templated":true}]}}