{"id":7731,"date":"2025-12-11T00:00:52","date_gmt":"2025-12-11T00:00:52","guid":{"rendered":"https:\/\/rockkofertas.com.es\/index.php\/producto\/b0fhk7jnck\/"},"modified":"2025-12-11T00:00:52","modified_gmt":"2025-12-11T00:00:52","slug":"b0fhk7jnck","status":"publish","type":"product","link":"https:\/\/rockkofertas.com.es\/index.php\/producto\/b0fhk7jnck\/","title":{"rendered":"B0FHK7JNCK"},"content":{"rendered":"<p>&#8211; \u301024 PRODUCTOS DE BELLEZA EXCLUSIVOS\u3011: El Calendario de Adviento de Belleza 2025 de Aifanciey, con un elegante dise\u00f1o en color rosa, incluye 24 productos de maquillaje de calidad premium: l\u00e1piz delineador de labios, brillo labial, barras de labios, gloss, paletas de sombras de ojos, sombras con purpurina, m\u00e1scara de pesta\u00f1as, delineador de ojos, l\u00e1pices de cejas, coloretes, esmaltes de u\u00f1as, brochas, esponja de maquillaje, limpiador de silicona y cinta para el cabello<br \/>\n&#8211; \u301024 PRODUCTOS DE BELLEZA EXCLUSIVOS\u3011: El Calendario de Adviento de Belleza 2025 de Aifanciey, con un elegante dise\u00f1o en color rosa, incluye 24 productos de maquillaje de calidad premium: l\u00e1piz delineador de labios, brillo labial, barras de labios, gloss, paletas de sombras de ojos, sombras con purpurina, m\u00e1scara de pesta\u00f1as, delineador de ojos, l\u00e1pices de cejas, coloretes, esmaltes de u\u00f1as, brochas, esponja de maquillaje, limpiador de silicona y cinta para el cabello<br \/>\n&#8211; \u3010INGREDIENTES NATURALES Y SEGUROS\u3011: Aifanciey utiliza ingredientes seguros y de alta calidad que ofrecen una sensaci\u00f3n suave en la piel. Cada producto ha pasado por estrictas pruebas de calidad. El Calendario de Adviento de Belleza 2025 ofrece un maquillaje festivo con colores intensos, perfecto para deslumbrar en fiestas y cenas.<br \/>\n&#8211; \u3010UNA SORPRESA DIARIA\u3011: El Calendario de Adviento de Belleza para Adolescentes 2025 de Aifanciey contiene 24 peque\u00f1as cajas rosas que forman un dise\u00f1o de castillo. Cada d\u00eda, abre una caja para contar los d\u00edas hasta las fiestas y realzar tu look de Navidad o A\u00f1o Nuevo.<br \/>\n&#8211; \u3010UN REGALO \u00daNICO\u3011: El Calendario de Adviento de Belleza 2025, con un elegante dise\u00f1o en color rosa, es el regalo perfecto para tu hija, hermana, amiga o esposa. Cada d\u00eda revela una sorpresa que hace que la espera de la Navidad sea alegre y m\u00e1gica.<br \/>\n&#8211; Si tiene cualquier pregunta, no dude en contactarnos para obtener ayuda.<\/p>\n","protected":false},"excerpt":{"rendered":"<p>Calendario de Adviento Maquillaje 2025, 24 D\u00edas Set de Regalo Navidad Maquillaje y Cosm\u00e9ticos Amigables Con La Piel para una Navidad llena de Estilo Ni\u00f1a<br \/>\n#Publicidad <span class=\"read-more\"><a class=\"more-link btn btn-transparent\" href=\"https:\/\/rockkofertas.com.es\/index.php\/producto\/b0fhk7jnck\/\">Leer m\u00e1s&#8230;<\/a><\/span><\/p>\n","protected":false},"featured_media":7730,"comment_status":"open","ping_status":"closed","template":"","meta":[],"product_cat":[15],"product_tag":[],"class_list":{"0":"post-7731","1":"product","2":"type-product","3":"status-publish","4":"has-post-thumbnail","6":"product_cat-sin-categorizar","8":"first","9":"instock","10":"shipping-taxable","11":"product-type-external"},"_links":{"self":[{"href":"https:\/\/rockkofertas.com.es\/index.php\/wp-json\/wp\/v2\/product\/7731","targetHints":{"allow":["GET"]}}],"collection":[{"href":"https:\/\/rockkofertas.com.es\/index.php\/wp-json\/wp\/v2\/product"}],"about":[{"href":"https:\/\/rockkofertas.com.es\/index.php\/wp-json\/wp\/v2\/types\/product"}],"replies":[{"embeddable":true,"href":"https:\/\/rockkofertas.com.es\/index.php\/wp-json\/wp\/v2\/comments?post=7731"}],"wp:featuredmedia":[{"embeddable":true,"href":"https:\/\/rockkofertas.com.es\/index.php\/wp-json\/wp\/v2\/media\/7730"}],"wp:attachment":[{"href":"https:\/\/rockkofertas.com.es\/index.php\/wp-json\/wp\/v2\/media?parent=7731"}],"wp:term":[{"taxonomy":"product_cat","embeddable":true,"href":"https:\/\/rockkofertas.com.es\/index.php\/wp-json\/wp\/v2\/product_cat?post=7731"},{"taxonomy":"product_tag","embeddable":true,"href":"https:\/\/rockkofertas.com.es\/index.php\/wp-json\/wp\/v2\/product_tag?post=7731"}],"curies":[{"name":"wp","href":"https:\/\/api.w.org\/{rel}","templated":true}]}}