{"id":7713,"date":"2025-12-10T08:42:12","date_gmt":"2025-12-10T08:42:12","guid":{"rendered":"https:\/\/rockkofertas.com.es\/index.php\/producto\/b0drw5fvxj\/"},"modified":"2025-12-10T08:42:12","modified_gmt":"2025-12-10T08:42:12","slug":"b0drw5fvxj","status":"publish","type":"product","link":"https:\/\/rockkofertas.com.es\/index.php\/producto\/b0drw5fvxj\/","title":{"rendered":"B0DRW5FVXJ"},"content":{"rendered":"<p>&#8211; El Queso Cortado m\u00e1s vendido en Europa &#8211; Queso curado en cu\u00f1as cortadas. Queso de Leche de Oveja Cruda<br \/>\n&#8211; 2 x Cu\u00f1as 250g. Listas para servir. Ideal como aperitivo<br \/>\n&#8211; World Cheese Awards | Bronce | 2021-22 World Cheese Awards | Oro | 2018-19 World Cheese Awards | Bronce | 2017-18<br \/>\n&#8211; Envasado en atm\u00f3sfera protectora<br \/>\n&#8211; Conservar refrigerado. Corteza no comestible.<br \/>\n&#8211; Queso Cortado: 18 cu\u00f1itas de tapas aprox.<\/p>\n","protected":false},"excerpt":{"rendered":"<p>Queso El Pastor &#8211; Cu\u00f1as Cortadas &#8211; Env\u00edo 24 h &#8211; 0,5 kg de Queso Castellano Zamorano curado &#8211; Medalla de Oro World Cheese Award (2 Cu\u00f1as)<br \/>#Publicidad <span class=\"read-more\"><a class=\"more-link btn btn-transparent\" href=\"https:\/\/rockkofertas.com.es\/index.php\/producto\/b0drw5fvxj\/\">Leer m\u00e1s&#8230;<\/a><\/span><\/p>\n","protected":false},"featured_media":7712,"comment_status":"open","ping_status":"closed","template":"","meta":[],"product_cat":[15],"product_tag":[],"class_list":{"0":"post-7713","1":"product","2":"type-product","3":"status-publish","4":"has-post-thumbnail","6":"product_cat-sin-categorizar","8":"first","9":"instock","10":"shipping-taxable","11":"product-type-external"},"_links":{"self":[{"href":"https:\/\/rockkofertas.com.es\/index.php\/wp-json\/wp\/v2\/product\/7713","targetHints":{"allow":["GET"]}}],"collection":[{"href":"https:\/\/rockkofertas.com.es\/index.php\/wp-json\/wp\/v2\/product"}],"about":[{"href":"https:\/\/rockkofertas.com.es\/index.php\/wp-json\/wp\/v2\/types\/product"}],"replies":[{"embeddable":true,"href":"https:\/\/rockkofertas.com.es\/index.php\/wp-json\/wp\/v2\/comments?post=7713"}],"wp:featuredmedia":[{"embeddable":true,"href":"https:\/\/rockkofertas.com.es\/index.php\/wp-json\/wp\/v2\/media\/7712"}],"wp:attachment":[{"href":"https:\/\/rockkofertas.com.es\/index.php\/wp-json\/wp\/v2\/media?parent=7713"}],"wp:term":[{"taxonomy":"product_cat","embeddable":true,"href":"https:\/\/rockkofertas.com.es\/index.php\/wp-json\/wp\/v2\/product_cat?post=7713"},{"taxonomy":"product_tag","embeddable":true,"href":"https:\/\/rockkofertas.com.es\/index.php\/wp-json\/wp\/v2\/product_tag?post=7713"}],"curies":[{"name":"wp","href":"https:\/\/api.w.org\/{rel}","templated":true}]}}